{"id":12604,"date":"2020-04-26T11:46:56","date_gmt":"2020-04-26T08:46:56","guid":{"rendered":"https:\/\/turkeylegal.com.tr\/de\/?page_id=12604"},"modified":"2024-04-18T14:25:44","modified_gmt":"2024-04-18T11:25:44","slug":"english-speaking-turkish-lawyers","status":"publish","type":"page","link":"https:\/\/turkeylegal.com.tr\/de\/english-speaking-turkish-lawyers\/","title":{"rendered":"Fachkundige englischsprachige t\u00fcrkische Anw\u00e4lte"},"content":{"rendered":"\n<p>Die Anwaltskanzlei Akkas &amp; Associates ist eine der f\u00fchrenden <strong>T\u00fcrkischen Anwaltskanzleien<\/strong> mit einer langen Geschichte von Exzellenz und professioneller F\u00fchrung in Istanbul, T\u00fcrkei. Seit ihrer Gr\u00fcndung im Jahr 1992 ist Akkas Law die erste Wahl f\u00fcr zahlreiche Mandanten, die einen <strong>Englisch sprechenden t\u00fcrkischen Anwalt in Istanbul<\/strong> ben\u00f6tigen.<\/p>\n\n\n\n<p class=\"has-medium-font-size\"><strong>Inhalts\u00fcbersicht<\/strong><\/p>\n\n\n<div class=\"wp-block-aioseo-table-of-contents\"><ul><li><a class=\"aioseo-toc-item\" href=\"#block-8b441223-2a5f-45f6-bf61-e1fb3f475045\">Erstklassige Erfahrung<\/a><\/li><li><a class=\"aioseo-toc-item\" href=\"#block-e342cb64-a348-49d0-b317-d133feeebd26\">T\u00fcrkisches Konkursrecht &amp; Inkassorecht<\/a><ul><li><a class=\"aioseo-toc-item\" href=\"#block-93ac5892-f320-4001-9605-0aa3663eeaac\">T\u00fcrkische Anw\u00e4lte f\u00fcr Schuldeneintreibung<\/a><\/li><\/ul><\/li><li><a class=\"aioseo-toc-item\" href=\"#aioseo-turkish-business-commercial-law\">Turkish Business &amp; Handelsrecht<\/a><\/li><li><a class=\"aioseo-toc-item\" href=\"#aioseo-company-formation-in-turkey\">T\u00fcrkische Firmengr\u00fcndung<\/a><\/li><li><a class=\"aioseo-toc-item\" href=\"#aioseo-turkish-criminal-law\">T\u00fcrkische Strafverteidiger<\/a><\/li><li><a class=\"aioseo-toc-item\" href=\"#aioseo-turkish-family-law-divorce\">T\u00fcrkisches Familienrecht &amp; Scheidung<\/a><\/li><li><a class=\"aioseo-toc-item\" href=\"#aioseo-health-law-malpractice-in-turkey\">T\u00fcrkisches Gesundheitsrecht &amp; Anw\u00e4lte f\u00fcr Kunstfehler<\/a><\/li><li><a class=\"aioseo-toc-item\" href=\"#aioseo-turkish-citizenship-law\">T\u00fcrkische Staatsb\u00fcrgerschaft Anw\u00e4lte<\/a><ul><li><a class=\"aioseo-toc-item\" href=\"#aioseo-services-for-turkish-citizenship-with-investment\">Dienstleistungen f\u00fcr\u00a0T\u00fcrkische Staatsb\u00fcrgerschaft mit Investition<\/a><\/li><\/ul><\/li><li><a class=\"aioseo-toc-item\" href=\"#aioseo-turkish-immigration-law\">T\u00fcrkische Einwanderungsanw\u00e4lte<\/a><\/li><li><a class=\"aioseo-toc-item\" href=\"#aioseo-turkish-inheritance-law\">T\u00fcrkische Anw\u00e4lte f\u00fcr Erbrecht<\/a><\/li><li><a class=\"aioseo-toc-item\" href=\"#aioseo-turkish-labor-employment-law\">T\u00fcrkisches Arbeitsrecht &amp; Arbeitsrecht<\/a><ul><li><a class=\"aioseo-toc-item\" href=\"#aioseo-turkish-labor-employment-lawyers\">Turkish Labor &amp; Anw\u00e4lte f\u00fcr Arbeitsrecht<\/a><\/li><\/ul><\/li><li><a class=\"aioseo-toc-item\" href=\"#aioseo-turkish-real-estate-law\">T\u00fcrkisches Immobilienrecht<\/a><ul><li><a class=\"aioseo-toc-item\" href=\"#aioseo-turkish-property-law\">T\u00fcrkisches Eigentumsrecht<\/a><\/li><li><a class=\"aioseo-toc-item\" href=\"#aioseo-reach-us-for-english-speaking-lawyers-in-istanbul\">Kontaktieren Sie uns f\u00fcr englischsprachige t\u00fcrkische Anw\u00e4lte<\/a><\/li><\/ul><\/li><\/ul><\/div>\n\n\n<p id=\"block-e49a53a9-1584-41da-9a9c-a3dcce303a5a\">Dank ihrer landesweit anerkannten Prozessgruppe und ihrer ausgefeilten wirtschaftsrechtlichen Praxis ist unsere Kanzlei heute eine der weltweit anerkanntesten t\u00fcrkischen Kanzleien in Istanbul.<\/p>\n\n\n\n<h2 class=\"wp-block-heading\" id=\"block-8b441223-2a5f-45f6-bf61-e1fb3f475045\">Erstklassige Erfahrung<\/h2>\n\n\n\n<p id=\"block-f6690b5e-35b2-42e1-bb89-dcd3f4a19aeb\">Das Fachwissen und die Spezialisierung von <strong>Englisch sprechenden T\u00fcrkischen Rechtsanw\u00e4lten<\/strong> und das Schmieden eines Team-Ansatzes zur Probleml\u00f6sung erm\u00f6glichen es uns, Ihre besondere Herausforderung mit den am besten geeigneten Talenten und Erfahrungen anzugehen und zu l\u00f6sen.<\/p>\n\n\n\n<p id=\"block-7f63cb36-f182-4128-8085-09d20c5faadb\">Unsere <strong>t\u00fcrkischen Anw\u00e4lte<\/strong> sind die erste Wahl f\u00fcr viele Mandanten, die <strong>Englisch sprechende t\u00fcrkische Anw\u00e4lte<\/strong> ben\u00f6tigen. Dank ihrer landesweit anerkannten Prozessgruppe und ihrer ausgefeilten wirtschaftsrechtlichen Praxis ist unsere Kanzlei heute eine der weltweit anerkanntesten t\u00fcrkischen Kanzleien in Istanbul.<\/p>\n\n\n\n<figure class=\"wp-block-image size-full\"><img loading=\"lazy\" decoding=\"async\" width=\"1000\" height=\"469\" src=\"https:\/\/turkeylegal.com.tr\/de\/wp-content\/uploads\/2023\/08\/English-Speaking-Turkish-Lawyers.webp\" alt=\"Englischsprachige t\u00fcrkische Anw\u00e4lte\" class=\"wp-image-21582\" srcset=\"https:\/\/turkeylegal.com.tr\/de\/wp-content\/uploads\/2023\/08\/English-Speaking-Turkish-Lawyers.webp 1000w, https:\/\/turkeylegal.com.tr\/de\/wp-content\/uploads\/2023\/08\/English-Speaking-Turkish-Lawyers-300x141.webp 300w, https:\/\/turkeylegal.com.tr\/de\/wp-content\/uploads\/2023\/08\/English-Speaking-Turkish-Lawyers-768x360.webp 768w\" sizes=\"auto, (max-width: 1000px) 100vw, 1000px\" \/><\/figure>\n\n\n\n<h2 class=\"wp-block-heading\" id=\"block-e342cb64-a348-49d0-b317-d133feeebd26\">T\u00fcrkisches Konkursrecht &amp; Inkassorecht<\/h2>\n\n\n\n<p id=\"block-5f54f691-e7a4-4300-bb71-d4a5fc0652bb\">Unsere t\u00fcrkischen Anw\u00e4lte sind auf die Bearbeitung von Inkassof\u00e4llen vorbereitet. Unsere Inkasso-Anw\u00e4lte verf\u00fcgen \u00fcber umfassende Erfahrung in t\u00fcrkischen Insolvenzverfahren. Wir haben sowohl inl\u00e4ndische als auch ausl\u00e4ndische Mandanten in zahlreichen Konkursverfahren in der T\u00fcrkei vertreten.<\/p>\n\n\n\n<p id=\"block-329dad33-033e-4c5a-ab9f-6b60b97382ba\">Unsere <strong>Englisch sprechenden T\u00fcrkischen Anw\u00e4lte <\/strong>haben in vielen F\u00e4llen, an denen Schuldner wie Werften, Biotech-Unternehmen, Immobilienentwickler und Textilhersteller beteiligt waren, die Forderungen der Gl\u00e4ubiger energisch durchgesetzt. Wir haben nicht nur gesicherte Gl\u00e4ubiger, sondern auch Pfandrechtsinhaber und ungesicherte Gl\u00e4ubiger erfolgreich vertreten.<\/p>\n\n\n\n<h3 class=\"wp-block-heading\" id=\"block-93ac5892-f320-4001-9605-0aa3663eeaac\">T\u00fcrkische Anw\u00e4lte f\u00fcr Schuldeneintreibung<\/h3>\n\n\n\n<p id=\"block-de13b2f0-852f-4d54-aa74-b1d990d93f43\">Unsere <strong>Englisch sprechenden T\u00fcrkischen Anw\u00e4lte<\/strong> verf\u00fcgen \u00fcber umfangreiche Erfahrung in der effizienten und n\u00fctzlichen Beratung von Klienten, um sie bei der Eintreibung von Geldschulden in der T\u00fcrkei zu unterst\u00fctzen. Alle Schulden m\u00fcssen \u00fcberpr\u00fcft und bewertet werden, und es muss ein Aktionsplan aufgestellt werden, um sicherzustellen, dass Sie nicht ohne angemessene Entsch\u00e4digung arbeiten;<\/p>\n\n\n\n<figure class=\"wp-block-image size-full\"><img loading=\"lazy\" decoding=\"async\" width=\"1000\" height=\"660\" src=\"https:\/\/turkeylegal.com.tr\/de\/wp-content\/uploads\/2023\/08\/Debt-Collection-in-Turkey.webp\" alt=\"Turkish Debt Recovery Lawyers\" class=\"wp-image-21469\" srcset=\"https:\/\/turkeylegal.com.tr\/de\/wp-content\/uploads\/2023\/08\/Debt-Collection-in-Turkey.webp 1000w, https:\/\/turkeylegal.com.tr\/de\/wp-content\/uploads\/2023\/08\/Debt-Collection-in-Turkey-300x198.webp 300w, https:\/\/turkeylegal.com.tr\/de\/wp-content\/uploads\/2023\/08\/Debt-Collection-in-Turkey-768x507.webp 768w\" sizes=\"auto, (max-width: 1000px) 100vw, 1000px\" \/><\/figure>\n\n\n\n<h2 class=\"wp-block-heading\" id=\"aioseo-turkish-business-commercial-law\">Turkish Business &amp; Handelsrecht<\/h2>\n\n\n\n<p>Unsere <strong>Englisch sprechenden <strong>T\u00fcrkischen Anw\u00e4lte<\/strong><\/strong> sind bereit, alle Arten von Gesch\u00e4ftsangelegenheiten zu bearbeiten. Sie vertreten Mandanten auch in den Bereichen Gesellschaftsrecht, <strong><a href=\"https:\/\/turkeylegal.com.tr\/de\/turkish-company-formation\">Gr\u00fcndung und Verwaltung von Unternehmen<\/a><\/strong>,<strong>Arbeitsrecht<\/strong>,<strong>Konkurs und Schuldeneintreibung<\/strong>, Fusionen und \u00dcbernahmen, Due Diligence und Handelsgesch\u00e4fte.<\/p>\n\n\n\n<p>Unsere <strong>Englisch sprechenden <strong>T\u00fcrkischen Rechtsanw\u00e4lte<\/strong><\/strong> vertreten die Gesch\u00e4ftskunden der Kanzlei, darunter Kapitalgesellschaften, Gesellschaften mit beschr\u00e4nkter Haftung, Personengesellschaften und Einzelunternehmen, in allen Arten und Aspekten von Handelsgesch\u00e4ften und unternehmensbezogenen Rechtsfragen.<\/p>\n\n\n\n<p>Die <strong>Englisch sprechenden <strong>T\u00fcrkischen Rechtsanw\u00e4lte<\/strong><\/strong> von Akkas Law arbeiten eng mit den Prozessanw\u00e4lten der Kanzlei zusammen, um Unterst\u00fctzung und Fachwissen in Wirtschaftsprozessen zu bieten.<\/p>\n\n\n\n<h2 class=\"wp-block-heading\" id=\"aioseo-company-formation-in-turkey\">T\u00fcrkische Firmengr\u00fcndung<\/h2>\n\n\n\n<figure class=\"wp-block-embed is-type-video is-provider-youtube wp-block-embed-youtube wp-embed-aspect-16-9 wp-has-aspect-ratio\"><div class=\"wp-block-embed__wrapper\">\n<iframe loading=\"lazy\" title=\"How to Set up a Company in Turkey?\" width=\"1290\" height=\"726\" src=\"https:\/\/www.youtube.com\/embed\/Q9uhkkQ1c0I?feature=oembed\" frameborder=\"0\" allow=\"accelerometer; autoplay; clipboard-write; encrypted-media; gyroscope; picture-in-picture; web-share\" referrerpolicy=\"strict-origin-when-cross-origin\" allowfullscreen><\/iframe>\n<\/div><\/figure>\n\n\n\n<p>Akkas Law <strong>Englischsprachige <strong>T\u00fcrkische Rechtsanw\u00e4lte <\/strong><\/strong>sind bereit, Sie bei der <a href=\"https:\/\/turkeylegal.com.tr\/de\/form-company-in-turkey\">Gr\u00fcndung einer Gesellschaft in der T\u00fcrkei<\/a> zu unterst\u00fctzen. Unsere&nbsp;Anw\u00e4lte f\u00fcr Gesellschaftsgr\u00fcndungen&nbsp;sind erfahren in&nbsp;<a href=\"https:\/\/turkeylegal.com.tr\/de\/limited-company-setup-in-turkey\/\">Gr\u00fcndung einer LLC<\/a>,&nbsp;Aktiengesellschaft, Holdinggesellschaft,&nbsp;<a href=\"https:\/\/turkeylegal.com.tr\/de\/branch-office-formation\/\">Niederlassung<\/a>, Verbindungsb\u00fcro,&nbsp;<a href=\"https:\/\/turkeylegal.com.tr\/de\/free-zone-company-set-up-in-turkey\/\">Gr\u00fcndung eines Unternehmens in einer Freihandelszone<\/a>, und Unternehmensmanagement und -f\u00fchrung vor der <a href=\"https:\/\/ito.org.tr\/en\">Istanbuler Handelskammer<\/a>.<\/p>\n\n\n\n<h2 class=\"wp-block-heading\" id=\"aioseo-turkish-criminal-law\">T\u00fcrkische Strafverteidiger<\/h2>\n\n\n\n<p>Unsere <strong>Englisch sprechenden <strong>T\u00fcrkischen Rechtsanw\u00e4lte <\/strong><\/strong>sind darauf vorbereitet, Strafverfahren gegen Unternehmen und deren F\u00fchrungskr\u00e4fte und Direktoren zu bearbeiten. Unsere Anw\u00e4lte f\u00fcr Strafrecht haben unsere Mandanten, Unternehmen und deren F\u00fchrungskr\u00e4fte und Direktoren, in verschiedenen Arten von Strafverfahren verteidigt.<\/p>\n\n\n\n<p>Unsere <strong>Englisch sprechenden <strong>T\u00fcrkischen Rechtsanw\u00e4lte<\/strong><\/strong> verteidigen Unternehmen und ihre F\u00fchrungskr\u00e4fte und Direktoren energisch gegen Anschuldigungen wegen strafrechtlichen Fehlverhaltens und damit verbundene zivilrechtliche Anspr\u00fcche.<\/p>\n\n\n\n<h2 class=\"wp-block-heading\" id=\"aioseo-turkish-family-law-divorce\">T\u00fcrkisches Familienrecht &amp; Scheidung<\/h2>\n\n\n\n<p>Unsere <strong><strong>Englisch sprechenden T\u00fcrkischen Rechtsanw\u00e4lte <\/strong><\/strong>sind darauf vorbereitet, Scheidungsf\u00e4lle zu bearbeiten, von einer einfachen <strong>unbestrittenen Scheidung<\/strong>&nbsp;bis hin zu einer komplizierten Scheidung mit gro\u00dfem Verm\u00f6gen und Kindern.<\/p>\n\n\n\n<p>Wenn Sie au\u00dferhalb der T\u00fcrkei leben und nach <strong>Englisch sprechenden <strong>T\u00fcrkischen Rechtsanw\u00e4lten<\/strong><\/strong> suchen, die Sie bei Scheidungen, <strong>Sorgerecht oder Besuchsrecht f\u00fcr Kinder und Unterhaltsfragen<\/strong> unterst\u00fctzen, rufen Sie uns an. Wir arbeiten regelm\u00e4\u00dfig mit Mandanten zusammen, die im Ausland leben, aber Kinder oder Scheidungsangelegenheiten in der T\u00fcrkei haben.<\/p>\n\n\n\n<h2 class=\"wp-block-heading\" id=\"aioseo-health-law-malpractice-in-turkey\">T\u00fcrkisches Gesundheitsrecht &amp; Anw\u00e4lte f\u00fcr Kunstfehler<\/h2>\n\n\n\n<p>Unsere <strong>Englisch sprechenden <strong>T\u00fcrkischen Anw\u00e4lte <\/strong><\/strong>sind darauf vorbereitet, alle Arten von Gesch\u00e4ftsangelegenheiten zu bearbeiten. Unsere t\u00fcrkischen Anw\u00e4lte f\u00fcr Gesundheitsrecht vertreten unsere Klienten auch in F\u00e4llen gegen medizinische Versicherungen <strong>Klagen<\/strong>.<\/p>\n\n\n\n<h2 class=\"wp-block-heading\" id=\"aioseo-turkish-citizenship-law\">T\u00fcrkische Staatsb\u00fcrgerschaft Anw\u00e4lte<\/h2>\n\n\n\n<figure class=\"wp-block-embed is-type-video is-provider-youtube wp-block-embed-youtube wp-embed-aspect-16-9 wp-has-aspect-ratio\"><div class=\"wp-block-embed__wrapper\">\n<iframe loading=\"lazy\" title=\"How to Apply Turkish Citizenship with Investment?\" width=\"1290\" height=\"726\" src=\"https:\/\/www.youtube.com\/embed\/DrHaj0dSr9U?feature=oembed\" frameborder=\"0\" allow=\"accelerometer; autoplay; clipboard-write; encrypted-media; gyroscope; picture-in-picture; web-share\" referrerpolicy=\"strict-origin-when-cross-origin\" allowfullscreen><\/iframe>\n<\/div><\/figure>\n\n\n\n<h3 class=\"wp-block-heading\" id=\"aioseo-services-for-turkish-citizenship-with-investment\">Dienstleistungen f\u00fcr&nbsp;T\u00fcrkische Staatsb\u00fcrgerschaft mit Investition<\/h3>\n\n\n\n<p>Unsere <strong>Englisch sprechenden <strong>T\u00fcrkischen Rechtsanw\u00e4lte <\/strong><\/strong>sind darauf vorbereitet, Immobilienk\u00e4ufe zur Erlangung der <strong>T\u00fcrkischen Staatsb\u00fcrgerschaft<\/strong> zu bearbeiten. Unsere Praxis f\u00fcr Investitionen in die t\u00fcrkische Staatsb\u00fcrgerschaft umfasst den Kauf, die Vermietung und den Verkauf von Wohn- und Gewerbeimmobilien an in- und ausl\u00e4ndische Kunden in der T\u00fcrkei.<\/p>\n\n\n\n<p>Unsere <strong>Englisch sprechenden <strong>T\u00fcrkischen Rechtsanw\u00e4lte <\/strong><\/strong>werden Ihren Kauf- und Verkaufsvertrag f\u00fcr den <strong>Kauf oder Verkauf eines Hauses oder einer Wohnung aus zweiter Hand in der T\u00fcrkei<\/strong> vorbereiten. Unser Anwalt wird Sie auf m\u00f6gliche Fallstricke hinweisen und spezifische \u00c4nderungen empfehlen, die f\u00fcr Sie von Vorteil sind.<\/p>\n\n\n\n<figure class=\"wp-block-image size-full\"><img loading=\"lazy\" decoding=\"async\" width=\"1000\" height=\"469\" src=\"https:\/\/turkeylegal.com.tr\/de\/wp-content\/uploads\/2023\/08\/Turkish-Immigration-Lawyers.webp\" alt=\"Turkish Immigration Lawyers\" class=\"wp-image-21581\" srcset=\"https:\/\/turkeylegal.com.tr\/de\/wp-content\/uploads\/2023\/08\/Turkish-Immigration-Lawyers.webp 1000w, https:\/\/turkeylegal.com.tr\/de\/wp-content\/uploads\/2023\/08\/Turkish-Immigration-Lawyers-300x141.webp 300w, https:\/\/turkeylegal.com.tr\/de\/wp-content\/uploads\/2023\/08\/Turkish-Immigration-Lawyers-768x360.webp 768w\" sizes=\"auto, (max-width: 1000px) 100vw, 1000px\" \/><\/figure>\n\n\n\n<h2 class=\"wp-block-heading\" id=\"aioseo-turkish-immigration-law\">T\u00fcrkische Einwanderungsanw\u00e4lte<\/h2>\n\n\n\n<p>Unsere <strong>Englisch sprechenden <strong>T\u00fcrkischen Anw\u00e4lte <\/strong><\/strong>sind darauf vorbereitet, Antr\u00e4ge auf Arbeits- und Aufenthaltsgenehmigungen zu bearbeiten. Unsere <a href=\"https:\/\/turkeylegal.com.tr\/de\/turkish-citizenship-lawyers\/\">Anw\u00e4lte f\u00fcr t\u00fcrkische Staatsangeh\u00f6rigkeit<\/a> vertreten unsere Mandanten auch in anderen einwanderungsrechtlichen Fragen, wie z.B. bei der Verl\u00e4ngerung von Aufenthalts- und Arbeitserlaubnissen, der Beantragung der t\u00fcrkischen Staatsangeh\u00f6rigkeit und der Einreichung einer Klage zur Aufhebung von Einspr\u00fcchen.<\/p>\n\n\n\n<h2 class=\"wp-block-heading\" id=\"aioseo-turkish-inheritance-law\">T\u00fcrkische Anw\u00e4lte f\u00fcr Erbrecht<\/h2>\n\n\n\n<p>Unsere <strong>Englisch sprechenden <strong>T\u00fcrkischen Anw\u00e4lte <\/strong><\/strong>sind darauf vorbereitet, Ihre Erbschaftsangelegenheiten in der T\u00fcrkei zu bearbeiten.<\/p>\n\n\n\n<p><strong><a href=\"https:\/\/turkeylegal.com.tr\/de\/inheritance-law-in-turkey\/\">T\u00fcrkisches Erbrecht<\/a><\/strong>&nbsp;(Miras) zielt darauf ab, die Gro\u00dffamilie zu sch\u00fctzen und schreibt einen reservierten Anteil oder Pflichtteil zugunsten der Gro\u00dffamilie vor. Es ist nicht m\u00f6glich, dass das gesamte Verm\u00f6gen an den \u00fcberlebenden Ehemann oder die \u00fcberlebende Ehefrau geht.<\/p>\n\n\n\n<h2 class=\"wp-block-heading\" id=\"aioseo-turkish-labor-employment-law\">T\u00fcrkisches Arbeitsrecht &amp; Arbeitsrecht<\/h2>\n\n\n\n<p>Unsere <strong>Englisch sprechenden <strong>T\u00fcrkischen Anw\u00e4lte <\/strong><\/strong>sind darauf vorbereitet, Arbeitgeber in Verbindung mit praktisch jedem Aspekt des Arbeitsverh\u00e4ltnisses zu vertreten. Unsere t\u00fcrkischen Anw\u00e4lte f\u00fcr Arbeitsrecht vertreten unsere Mandanten auch in gewerkschaftlichen und gewerkschaftsfreien Verwaltungsverfahren, Schiedsverfahren und Rechtsstreitigkeiten.<\/p>\n\n\n\n<h3 class=\"wp-block-heading\" id=\"aioseo-turkish-labor-employment-lawyers\">Turkish Labor &amp; Anw\u00e4lte f\u00fcr Arbeitsrecht<\/h3>\n\n\n\n<p>Unsere <strong>Englisch sprechenden <strong>T\u00fcrkischen <\/strong>Rechtsanw\u00e4lte<\/strong> sind auch erfahren in allen Aspekten des <strong>T\u00fcrkischen Arbeitsrechts<\/strong>. Wir entwerfen Richtlinien und Mitarbeiterhandb\u00fccher und f\u00fchren Schulungen f\u00fcr das Management und die gesamte Belegschaft durch.<\/p>\n\n\n\n<p>Akkas &amp; Associates Law Firm <strong>Englischsprachige <strong>T\u00fcrkische Rechtsanw\u00e4lte <\/strong><\/strong>halten h\u00e4ufig Vortr\u00e4ge f\u00fcr Personalverantwortliche und Anw\u00e4lte zu einer breiten Palette von Themen im Zusammenhang mit Arbeitsverh\u00e4ltnissen.<\/p>\n\n\n\n<p>Unsere <strong>Englisch sprechenden <strong>T\u00fcrkischen Rechtsanw\u00e4lte <\/strong><\/strong>unterst\u00fctzen uns auch bei Fragen im Zusammenhang mit den allgemeinen Unternehmensvertretungen unserer Kanzlei. Im Bereich Arbeitsrecht sind wir in der Spitzengruppe vertreten.<\/p>\n\n\n\n<figure class=\"wp-block-embed is-type-video is-provider-youtube wp-block-embed-youtube wp-embed-aspect-16-9 wp-has-aspect-ratio\"><div class=\"wp-block-embed__wrapper\">\n<iframe loading=\"lazy\" title=\"How to Purchase a Property in Turkey?\" width=\"1290\" height=\"726\" src=\"https:\/\/www.youtube.com\/embed\/GsPiR_xPuS0?feature=oembed\" frameborder=\"0\" allow=\"accelerometer; autoplay; clipboard-write; encrypted-media; gyroscope; picture-in-picture; web-share\" referrerpolicy=\"strict-origin-when-cross-origin\" allowfullscreen><\/iframe>\n<\/div><\/figure>\n\n\n\n<h2 class=\"wp-block-heading\" id=\"aioseo-turkish-real-estate-law\">T\u00fcrkisches Immobilienrecht<\/h2>\n\n\n\n<p>Unsere <strong>Englisch sprechenden <strong>T\u00fcrkischen Rechtsanw\u00e4lte <\/strong><\/strong>sind auf die Abwicklung von Immobilientransaktionen vorbereitet. Unsere Immobilienrechtspraxis umfasst den Kauf, die Vermietung und den Verkauf von Wohn- und Gewerbeimmobilien an in- und ausl\u00e4ndische Kunden in der T\u00fcrkei.<\/p>\n\n\n\n<p>Die <strong>Englisch sprechenden <strong>T\u00fcrkischen Rechtsanw\u00e4lte <\/strong><\/strong>der Anwaltskanzlei Akkas &amp; Associates vertreten aggressiv Einzelpersonen, Familienunternehmen und Konzerne in allen Aspekten des Immobilienrechts, einschlie\u00dflich Kauf, Entwicklung, Leasing, Finanzierung und Verkauf von <strong>Immobilien in der T\u00fcrkei<\/strong>.<\/p>\n\n\n\n<h3 class=\"wp-block-heading\" id=\"aioseo-turkish-property-law\">T\u00fcrkisches Eigentumsrecht<\/h3>\n\n\n\n<p>Die <strong>Englisch sprechenden <strong>T\u00fcrkischen Rechtsanw\u00e4lte <\/strong><\/strong>unserer Kanzlei verf\u00fcgen \u00fcber umfangreiche Erfahrungen bei der Verhandlung und Ausarbeitung von Bau- und Grundst\u00fcckskaufvertr\u00e4gen sowie bei der Bearbeitung von Fl\u00e4chennutzungs- und Bebauungsangelegenheiten, Wegerechten und anderen Grundst\u00fcckserwerben in der T\u00fcrkei.<\/p>\n\n\n\n<h3 class=\"wp-block-heading\" id=\"aioseo-reach-us-for-english-speaking-lawyers-in-istanbul\">Kontaktieren Sie uns f\u00fcr englischsprachige t\u00fcrkische Anw\u00e4lte<\/h3>\n\n\n\n<p>Seit ihrer Gr\u00fcndung im Jahr 1992 ist die Kanzlei Akkas &amp; Associates Law Firm&nbsp;die erste Wahl f\u00fcr zahlreiche Mandanten in&nbsp;Istanbul, T\u00fcrkei. Dank ihrer landesweit anerkannten&nbsp;Prozesspraxis ist unsere Kanzlei heute eine der f\u00fchrenden&nbsp;<strong>t\u00fcrkischen Kanzleien in der T\u00fcrkei<\/strong>.<\/p>\n\n\n\n<p>Sie k\u00f6nnen unsere <strong>Englischsprachigen <strong>T\u00fcrkischen Rechtsanw\u00e4lte<\/strong><\/strong> \u00fcber unsere <strong><a href=\"https:\/\/turkeylegal.com.tr\/de\/contact\">Kontakt<\/a><\/strong>&nbsp;Seite erreichen.<\/p>\n","protected":false},"excerpt":{"rendered":"<p>Die Anwaltskanzlei Akkas &amp; Associates ist eine der f\u00fchrenden T\u00fcrkischen Anwaltskanzleien mit einer langen Geschichte von Exzellenz und professioneller F\u00fchrung in Istanbul, T\u00fcrkei. Seit ihrer Gr\u00fcndung im Jahr 1992 ist Akkas Law die erste Wahl f\u00fcr zahlreiche Mandanten, die einen Englisch sprechenden t\u00fcrkischen Anwalt in Istanbul ben\u00f6tigen. Inhalts\u00fcbersicht Dank ihrer landesweit anerkannten Prozessgruppe und ihrer [&hellip;]<\/p>\n","protected":false},"author":2,"featured_media":0,"parent":0,"menu_order":0,"comment_status":"closed","ping_status":"closed","template":"","meta":{"footnotes":""},"class_list":["post-12604","page","type-page","status-publish","hentry"],"blocksy_meta":{"styles_descriptor":{"styles":{"desktop":"","tablet":"","mobile":""},"google_fonts":[],"version":6}},"aioseo_notices":[],"_links":{"self":[{"href":"https:\/\/turkeylegal.com.tr\/de\/wp-json\/wp\/v2\/pages\/12604","targetHints":{"allow":["GET"]}}],"collection":[{"href":"https:\/\/turkeylegal.com.tr\/de\/wp-json\/wp\/v2\/pages"}],"about":[{"href":"https:\/\/turkeylegal.com.tr\/de\/wp-json\/wp\/v2\/types\/page"}],"author":[{"embeddable":true,"href":"https:\/\/turkeylegal.com.tr\/de\/wp-json\/wp\/v2\/users\/2"}],"replies":[{"embeddable":true,"href":"https:\/\/turkeylegal.com.tr\/de\/wp-json\/wp\/v2\/comments?post=12604"}],"version-history":[{"count":0,"href":"https:\/\/turkeylegal.com.tr\/de\/wp-json\/wp\/v2\/pages\/12604\/revisions"}],"wp:attachment":[{"href":"https:\/\/turkeylegal.com.tr\/de\/wp-json\/wp\/v2\/media?parent=12604"}],"curies":[{"name":"wp","href":"https:\/\/api.w.org\/{rel}","templated":true}]}}