{"id":4310,"date":"2018-08-24T11:17:15","date_gmt":"2018-08-24T08:17:15","guid":{"rendered":"https:\/\/akkashukuk.com\/?page_id=4310"},"modified":"2024-04-22T13:34:30","modified_gmt":"2024-04-22T10:34:30","slug":"turkish-attorney-selcuk-akkas","status":"publish","type":"page","link":"https:\/\/turkeylegal.com.tr\/de\/turkish-attorney-selcuk-akkas\/","title":{"rendered":"T\u00fcrkischer Rechtsanwalt Selcuk Akkas"},"content":{"rendered":"\n<div class=\"wp-block-stackable-columns stk-block-columns stk-block stk-ec206ee\" data-block-id=\"ec206ee\"><div class=\"stk-row stk-inner-blocks stk-block-content stk-content-align stk-ec206ee-column\">\n<div class=\"wp-block-stackable-column stk-block-column stk-column stk-block stk-160d7c2\" data-v=\"4\" data-block-id=\"160d7c2\"><style>@media screen and (min-width:690px){.stk-160d7c2{flex:var(--stk-flex-grow,1) 1 calc(60% - var(--stk-column-gap,0px) * 1 \/ 2 ) !important}}<\/style><div class=\"stk-column-wrapper stk-block-column__content stk-container stk-160d7c2-container stk--no-background stk--no-padding\"><div class=\"stk-block-content stk-inner-blocks stk-160d7c2-inner-blocks\">\n<p>Der Gr\u00fcnder der Anwaltskanzlei <strong>Akkas &amp; Associates<\/strong>, <strong>Rechtsanwalt Selcuk Akkas<\/strong>, wurde in Eregli, Konya, geboren, schloss hier seine Grund- und Mittelschulausbildung ab und zog danach nach Istanbul, um Jura zu studieren. Nach seinem Abschluss an der juristischen Fakult\u00e4t der Universit\u00e4t Istanbul absolvierte er ein Rechtsreferendariat, um sich 1992 als Rechtsanwalt zu qualifizieren.<\/p>\n\n\n\n<p>Er absolvierte seinen obligatorischen Milit\u00e4rdienst<strong> als Milit\u00e4rrichter am Milit\u00e4rgericht der t\u00fcrkischen Streitkr\u00e4fte<\/strong> in Ankara. Herr Akkas begann 1994 bei Eczacibasi Ila\u00e7 Pazarlama, dem gr\u00f6\u00dften Pharmaunternehmen der T\u00fcrkei, zu arbeiten. Hier sammelte er Erfahrungen im Wirtschaftsrecht und im Recht des geistigen und gewerblichen Eigentums.<\/p>\n<\/div><\/div><\/div>\n\n\n\n<div class=\"wp-block-stackable-column stk-block-column stk-column stk-block stk-2b21354\" data-v=\"4\" data-block-id=\"2b21354\"><style>@media screen and (min-width:690px){.stk-2b21354{flex:var(--stk-flex-grow,1) 1 calc(40% - var(--stk-column-gap,0px) * 1 \/ 2 ) !important}}<\/style><div class=\"stk-column-wrapper stk-block-column__content stk-container stk-2b21354-container stk--no-background stk--no-padding\"><div class=\"stk-block-content stk-inner-blocks stk-2b21354-inner-blocks\">\n<figure class=\"wp-block-image size-full\"><img loading=\"lazy\" decoding=\"async\" width=\"400\" height=\"520\" src=\"https:\/\/turkeylegal.com.tr\/de\/wp-content\/uploads\/2023\/09\/Turkish-Lawyer-Selcuk-Akkas.webp\" alt=\"T\u00fcrkischer Rechtsanwalt Selcuk Akkas\" class=\"wp-image-24390\" srcset=\"https:\/\/turkeylegal.com.tr\/de\/wp-content\/uploads\/2023\/09\/Turkish-Lawyer-Selcuk-Akkas.webp 400w, https:\/\/turkeylegal.com.tr\/de\/wp-content\/uploads\/2023\/09\/Turkish-Lawyer-Selcuk-Akkas-231x300.webp 231w\" sizes=\"auto, (max-width: 400px) 100vw, 400px\" \/><\/figure>\n<\/div><\/div><\/div>\n<\/div><\/div>\n\n\n\n<p class=\"has-medium-font-size\"><strong>Inhalts\u00fcbersicht<\/strong><\/p>\n\n\n<div class=\"wp-block-aioseo-table-of-contents\"><ul><li><a class=\"aioseo-toc-item\" href=\"#block-ee8ec01e-0982-451a-b84e-e018314954cf\">T\u00fcrkischer Rechtsanwalt Selcuk Akkas<\/a><ul><li><a class=\"aioseo-toc-item\" href=\"#block-5d982b7c-d48b-426b-ad30-aab56c8660d5\">T\u00fcrkische Staatsb\u00fcrgerschaft durch Investition<\/a><\/li><li><a class=\"aioseo-toc-item\" href=\"#block-5712b565-7abf-412f-bc14-a007de616e28\">Business &amp; Handelsrecht<\/a><\/li><li><a class=\"aioseo-toc-item\" href=\"#block-104c88a7-885f-400d-8e7e-25fe5b257cbf\">Dienstleistungen bei der Unternehmensgr\u00fcndung<\/a><\/li><li><a class=\"aioseo-toc-item\" href=\"#block-2ea20d04-86db-4513-8937-dfad3b1199d4\">Immobilienrecht<\/a><\/li><li><a class=\"aioseo-toc-item\" href=\"#block-52f3e20b-728b-4a45-ab2f-74a9b9644520\">Konkursrecht &amp; Schuldbetreibungsrecht<\/a><\/li><li><a class=\"aioseo-toc-item\" href=\"#block-fa7b9cee-0df4-455d-b901-5691a6599e7c\">Arbeitsrecht &amp; Arbeitsrecht<\/a><\/li><li><a class=\"aioseo-toc-item\" href=\"#block-201c61d0-045a-481c-95b2-854635914705\">Familienrecht &amp; Scheidung<\/a><\/li><li><a class=\"aioseo-toc-item\" href=\"#block-56b863b1-6f62-4ff2-b638-12d2d4766b9a\">Erbschaftsrecht<\/a><\/li><li><a class=\"aioseo-toc-item\" href=\"#block-a6e679a8-c26e-474b-a1f3-f14d34aba25e\">Spezialisierung auf Marken<\/a><\/li><li><a class=\"aioseo-toc-item\" href=\"#block-c79f5f7a-180e-474d-aaf2-cb798d297db2\">Marken- und Patentanwalt<\/a><\/li><li><a class=\"aioseo-toc-item\" href=\"#block-af59d801-1f59-4045-b7a0-88c6df5ba6f7\">Markensachverst\u00e4ndiger und Patentsachverst\u00e4ndiger<\/a><\/li><li><a class=\"aioseo-toc-item\" href=\"#block-9fa4967c-a034-46c5-90f5-2b617a28203e\">Marken- und Patentvermittler<\/a><\/li><\/ul><\/li><li><a class=\"aioseo-toc-item\" href=\"#aioseo-education\">Bildung<\/a><\/li><li><a class=\"aioseo-toc-item\" href=\"#aioseo-bar-admission\">Zulassung zur Anwaltschaft<\/a><\/li><li><a class=\"aioseo-toc-item\" href=\"#aioseo-memberships\">Mitgliedschaften<\/a><\/li><\/ul><\/div>\n\n\n<h2 class=\"wp-block-heading\" id=\"block-ee8ec01e-0982-451a-b84e-e018314954cf\">T\u00fcrkischer Rechtsanwalt Selcuk Akkas<\/h2>\n\n\n\n<p id=\"block-f500a604-7a6d-435c-bce1-465c4fa47414\">Er absolvierte seinen obligatorischen Milit\u00e4rdienst<strong> als Milit\u00e4rrichter am Milit\u00e4rgericht der t\u00fcrkischen Streitkr\u00e4fte<\/strong> in Ankara. Herr Akkas begann 1994 bei Eczacibasi Ila\u00e7 Pazarlama, dem gr\u00f6\u00dften Pharmaunternehmen der T\u00fcrkei, zu arbeiten. Hier sammelte er Erfahrungen im Wirtschaftsrecht und im Recht des geistigen und gewerblichen Eigentums.<\/p>\n\n\n\n<p>Er k\u00fcndigte 1998, um in die USA zu ziehen, um sein Rechtsenglisch zu verbessern und einen Master-Abschluss zu machen. Von 1998 bis 2006 lebte er in Houston, Texas, wo er am <a href=\"http:\/\/www.lonestar.edu\">Lone Star College<\/a> Kurse in Rechtsenglisch belegte und einen Master-Abschluss in amerikanischem und internationalem Recht erwarb.<\/p>\n\n\n\n<p>Neben dem oben erw\u00e4hnten Master-Abschluss arbeitete er als Praktikant in verschiedenen amerikanischen Unternehmen, an der Universit\u00e4t von Houston und in der Anwaltskanzlei Karadag in Houston, um Erfahrungen in den Bereichen Wirtschaft und internationales Recht aus erster Hand zu sammeln.<\/p>\n\n\n\n<p>Herr Akkas vertritt Hunderte von nationalen und internationalen Unternehmen in Rechtsangelegenheiten des geistigen Eigentums, des Wirtschaftsrechts und des Handelsrechts.<\/p>\n\n\n\n<h3 class=\"wp-block-heading\" id=\"block-5d982b7c-d48b-426b-ad30-aab56c8660d5\">T\u00fcrkische Staatsb\u00fcrgerschaft durch Investition<\/h3>\n\n\n\n<p id=\"block-a1552b6c-c39d-4622-ba81-a25c2ee877cd\">Wenn es um die t\u00fcrkische Staatsb\u00fcrgerschaft durch Investitionen geht, ist die Wahl des richtigen Rechtspartners von gr\u00f6\u00dfter Bedeutung. Der t\u00fcrkische Einwanderungsanwalt Selcuk Akkas hat sich einen hervorragenden Ruf erworben, wenn es darum geht, Einzelpersonen und Familien bei der Verwirklichung ihres Traums von der t\u00fcrkischen Staatsb\u00fcrgerschaft durch Investitionen zu unterst\u00fctzen.<\/p>\n\n\n\n<ol class=\"wp-block-list\">\n<li><strong>Fachwissen<\/strong>: Selcuk Akkas, der Gr\u00fcnder unserer Kanzlei, ist ein erfahrener Einwanderungsanwalt mit einem tiefen Verst\u00e4ndnis der t\u00fcrkischen Einwanderungsgesetze. Er hat zahlreichen Mandanten erfolgreich dabei geholfen, durch Investitionen die t\u00fcrkische Staatsb\u00fcrgerschaft zu erlangen.<\/li>\n\n\n\n<li><strong>Ma\u00dfgeschneiderte L\u00f6sungen<\/strong>: Er wei\u00df, dass die Situation eines jeden Kunden einzigartig ist. Er verfolgt einen pers\u00f6nlichen Ansatz, der sicherstellt, dass die von ihm entwickelte Strategie auf die spezifischen Bed\u00fcrfnisse und Ziele des Kunden zugeschnitten ist.<\/li>\n\n\n\n<li><strong>Bew\u00e4hrte Erfolgsbilanz<\/strong>: Im Laufe der Jahre hat Herr Akkas das Verfahren zur Erlangung der t\u00fcrkischen Staatsb\u00fcrgerschaft f\u00fcr Kunden mit unterschiedlichem Hintergrund erleichtert und ihnen eine nahtlose und effiziente Erfahrung erm\u00f6glicht.<\/li>\n<\/ol>\n\n\n\n<h3 class=\"wp-block-heading\" id=\"block-5712b565-7abf-412f-bc14-a007de616e28\">Business &amp; Handelsrecht<\/h3>\n\n\n\n<p id=\"block-08534b2a-84f6-4c1f-9921-c01334a03057\">Herr Akkas erbringt Rechtsdienstleistungen im Handels- und Wirtschaftsrecht f\u00fcr alle Arten von Unternehmen. Er bietet Beratungsdienste an, bereitet Entw\u00fcrfe f\u00fcr Investitionsvereinbarungen vor und erbringt Rechtsdienstleistungen f\u00fcr Gr\u00fcndungsformalit\u00e4ten f\u00fcr ausl\u00e4ndische Investoren. Gleichzeitig ber\u00e4t er t\u00fcrkische Unternehmen bei Investitionen, die sie im Ausland t\u00e4tigen m\u00f6chten.<\/p>\n\n\n\n<h3 class=\"wp-block-heading\" id=\"block-104c88a7-885f-400d-8e7e-25fe5b257cbf\">Dienstleistungen bei der Unternehmensgr\u00fcndung<\/h3>\n\n\n\n<p id=\"block-14d49d71-f653-436e-80ab-ea8f9e654ff8\">Herr Akkas bringt eine F\u00fclle von Fachkenntnissen und Spezialisierungen in den Bereich der Unternehmensgr\u00fcndungsdienste ein. Mit seinem umfassenden Verst\u00e4ndnis der t\u00fcrkischen Unternehmensgesetze und -vorschriften hat er zahlreiche Unternehmer, Unternehmen und Investoren erfolgreich bei der Gr\u00fcndung ihrer Unternehmen in der T\u00fcrkei unterst\u00fctzt.<\/p>\n\n\n\n<p id=\"block-309576a7-4f26-4955-a881-fa299121ccbd\">Seine Fachkenntnisse erstrecken sich auf verschiedene Unternehmensstrukturen, einschlie\u00dflich Aktiengesellschaften, Gesellschaften mit beschr\u00e4nkter Haftung und Zweigniederlassungen, und gew\u00e4hrleisten, dass jeder Kunde eine ma\u00dfgeschneiderte Beratung und sorgf\u00e4ltige Begleitung w\u00e4hrend des gesamten Unternehmensgr\u00fcndungsprozesses erh\u00e4lt.<\/p>\n\n\n\n<p id=\"block-32e2799c-9104-454a-899a-fb63918c5b39\">In der Anwaltskanzlei Akkas &amp; Associates sind wir uns bewusst, dass eine solide rechtliche Grundlage f\u00fcr den gesch\u00e4ftlichen Erfolg von entscheidender Bedeutung ist, und Selcuks Kompetenz bei der Unternehmensgr\u00fcndung ist ein Beweis f\u00fcr unser Engagement, unseren Kunden erstklassige Rechtsdienstleistungen zu bieten.<\/p>\n\n\n\n<h3 class=\"wp-block-heading\" id=\"block-2ea20d04-86db-4513-8937-dfad3b1199d4\">Immobilienrecht<\/h3>\n\n\n\n<p id=\"block-9b2e9201-96c8-44d2-8710-0cd9b751a3e6\">Herr Akkas ist auch eine anerkannte Autorit\u00e4t im Immobilienrecht. Seine Fachkenntnisse erstrecken sich auf ein umfassendes Spektrum von Immobilienangelegenheiten, die den Kauf, den Verkauf und die Vermietung von Wohn- und Gewerbeimmobilien umfassen.<\/p>\n\n\n\n<p id=\"block-e8187ad8-c9de-408a-b6fb-80a4ff7a3a03\">Sein umfassendes Verst\u00e4ndnis der t\u00fcrkischen Immobilienvorschriften, Markttrends und Verhandlungsstrategien gibt seinen Kunden das Wissen und die Anleitung, die sie brauchen, um sich in der komplizierten Landschaft der Immobilientransaktionen zurechtzufinden.<\/p>\n\n\n\n<h3 class=\"wp-block-heading\" id=\"block-52f3e20b-728b-4a45-ab2f-74a9b9644520\">Konkursrecht &amp; Schuldbetreibungsrecht<\/h3>\n\n\n\n<p id=\"block-12b0763a-620e-4f06-b0a8-4883262baaea\">Herr Akkas koordiniert mit dem juristischen Personal dieses B\u00fcros die Einreichung aller Arten von Gerichtsvollzieherklagen, die Eintreibung von Schulden, die Ausarbeitung von Zahlungsvereinbarungen, alle Arten von Rechtsgesch\u00e4ften zur Zwangsvollstreckung, Verpf\u00e4ndung usw., die Vertretung von Schuldnern und Gl\u00e4ubigern bei Versammlungen, Klagen auf Aufschub des Konkurses und die Verfolgung solcher F\u00e4lle.<\/p>\n\n\n\n<h3 class=\"wp-block-heading\" id=\"block-fa7b9cee-0df4-455d-b901-5691a6599e7c\">Arbeitsrecht &amp; Arbeitsrecht<\/h3>\n\n\n\n<p id=\"block-a897fc77-43f2-47f2-8294-2ca8f1b74abf\">Herr Akkas koordiniert den Entwurf von Arbeitsvertr\u00e4gen, die Beendigung solcher Vertr\u00e4ge, die L\u00f6sung von Problemen mit Gewerkschaften, den Entwurf von Tarifvertr\u00e4gen, die Vertretung der Mandanten dieses B\u00fcros bei Verhandlungen und alle relevanten rechtlichen Verfahren mit den juristischen Mitarbeitern dieses B\u00fcros.<\/p>\n\n\n\n<h3 class=\"wp-block-heading\" id=\"block-201c61d0-045a-481c-95b2-854635914705\">Familienrecht &amp; Scheidung<\/h3>\n\n\n\n<p id=\"block-3d26c355-6361-4937-b371-d3a5dea33edc\">Herr Akkas bietet alle Arten von juristischer Vorbereitung und anderen Dienstleistungen f\u00fcr Scheidungs- und Familienrechtsangelegenheiten an.<\/p>\n\n\n\n<p id=\"block-c14fc8f8-5a9c-4468-821c-c5c2c2cb42b0\">Er koordiniert die Einreichung von Ehescheidungsklagen aufgrund von Ehevertr\u00e4gen oder Streitigkeiten, Unterhaltsklagen, Sorgerechtsklagen, Verfahren gegen die Verletzung des Sorgerechts und Verfahren gegen die Verletzung des Besuchsrechts sowie die Verfolgung solcher Klagen und Verfahren mit den juristischen Mitarbeitern dieses B\u00fcros.<\/p>\n\n\n\n<p id=\"block-c63d9c72-959a-43bc-b3e5-a0ab39a176b2\">Dar\u00fcber hinaus \u00fcberwacht er Gerichtsverfahren, die gegen Unterhaltsr\u00fcckst\u00e4nde eingeleitet werden, und verfolgt solche Klagen und Gerichtsverfahren.<\/p>\n\n\n\n<h3 class=\"wp-block-heading\" id=\"block-56b863b1-6f62-4ff2-b638-12d2d4766b9a\">Erbschaftsrecht<\/h3>\n\n\n\n<p id=\"block-44b2a990-a8aa-4ef9-8d89-141b189808cd\">Herr Akkas erbringt alle Arten von juristischen Vorbereitungs- und sonstigen Dienstleistungen im Bereich des Erbrechts und des Familienrechts. Er koordiniert die Einreichung von Erbschafts-, Nachlass-, Erbminderungs-, Testament- und Testamentsaufhebungsantr\u00e4gen, alle Arten von Erbschafts- und Nachlassverfahren, die Einreichung von Erbverzichtsklagen und andere einschl\u00e4gige Verfahren sowie die Verfolgung solcher Verfahren mit den juristischen Mitarbeitern dieser Kanzlei.<\/p>\n\n\n\n<h3 class=\"wp-block-heading\" id=\"block-a6e679a8-c26e-474b-a1f3-f14d34aba25e\">Spezialisierung auf Marken<\/h3>\n\n\n\n<p id=\"block-2f2ada12-0153-4e1e-a252-8324c1dc5052\">Herr Akkas ist einer der <strong>ersten Anw\u00e4lte<\/strong>, die sich in der T\u00fcrkei auf Marken spezialisiert haben. Er hat Hunderte von Antr\u00e4gen auf Eintragung von Marken gestellt, die Rechte seiner Mandanten gegen Einw\u00e4nde verteidigt und andere offizielle Formalit\u00e4ten beim t\u00fcrkischen Patentinstitut erledigt. Er verteidigte auch die Rechte seiner Mandanten bei der L\u00f6schung von Marken, unlauterem Wettbewerb und <strong>Verletzung von Rechten des geistigen Eigentums<\/strong>.<\/p>\n\n\n\n<h3 class=\"wp-block-heading\" id=\"block-c79f5f7a-180e-474d-aaf2-cb798d297db2\">Marken- und Patentanwalt<\/h3>\n\n\n\n<p id=\"block-2886fabd-293c-4ddd-b6c6-ca2039e8754d\">Herr Akkas legte 1996 die Pr\u00fcfung des T\u00fcrkischen Patentinstituts (T\u00fcrkisches Patent- und Markenamt) mit der Registrierungsnummer &#8222;30&#8220; ab und geh\u00f6rte zu den ersten Markenanw\u00e4lten in der T\u00fcrkei. Herr Akkas wurde am 22. Oktober 2016 von der PEM Patent &amp; Trademark Attorneys Association mit einem Ehrenpreis f\u00fcr seine \u00fcber 20-j\u00e4hrige T\u00e4tigkeit in diesem Beruf ausgezeichnet.<\/p>\n\n\n\n<p id=\"block-793b1ce2-ed1a-4227-961e-3632b9e4c8be\">Herr Akkas bestand 2013 die vom T\u00fcrkischen Patentinstitut (T\u00fcrkisches Patent- und Markenamt) initiierte Pr\u00fcfung und wurde in das TPTO-Patentanwaltsregister mit der Registrierungsnummer 1324 eingetragen. Patent &amp; Markenanwalt Selcuk Akkas arbeitet immer noch als Marken- und Patentanwalt im Rahmen des t\u00fcrkischen Patent- und Markenamtes.<\/p>\n\n\n\n<h3 class=\"wp-block-heading\" id=\"block-af59d801-1f59-4045-b7a0-88c6df5ba6f7\">Markensachverst\u00e4ndiger und Patentsachverst\u00e4ndiger<\/h3>\n\n\n\n<p id=\"block-87ac6daa-bac7-4042-864a-39913eb7ad82\"><strong>Herr Akkas war als Marken- und Patentsachverst\u00e4ndiger vor verschiedenen Gerichten und Exekutiv\u00e4mtern<\/strong> im Bereich des Istanbuler Gerichts t\u00e4tig und hat die Akten gepr\u00fcft, Entdeckungen gemacht und Sachverst\u00e4ndigenberichte geschrieben.<\/p>\n\n\n\n<h3 class=\"wp-block-heading\" id=\"block-9fa4967c-a034-46c5-90f5-2b617a28203e\">Marken- und Patentvermittler<\/h3>\n\n\n\n<p id=\"block-460f90a5-b5a6-42b8-a861-d06ced6343d8\">Herr Akkas bestand die Pr\u00fcfungen im Jahr 2014 und wurde als Leiter der Abteilung f\u00fcr Mediation im Justizministerium mit der Registrierungsnummer 1224 registriert. Seitdem hat er verschiedene Parteien zur Mediation geleitet, insbesondere in F\u00e4llen von Marken- und Patentverletzungen, b\u00f6swilliger Registrierung und Schadensersatz.<\/p>\n\n\n\n<h2 class=\"wp-block-heading\" id=\"aioseo-education\">Bildung<\/h2>\n\n\n\n<ul class=\"wp-block-list\">\n<li>Juristische Fakult\u00e4t der Universit\u00e4t Istanbul, Istanbul<br>J.D., Doktor der Jurisprudenz &#8211; 1986<\/li>\n\n\n\n<li>Lone Star College, Houston, TX, USA<br>A.A.S &#8211; 2005 <em>Ehrungen: Dean&#8217;s List, Honor&#8217;s List<\/em><\/li>\n\n\n\n<li>Houston Community College, Houston, TX, USA<br>ESOL &#8211; 2000 <em>Ehrungen: Dean&#8217;s List, Honor&#8217;s List<\/em><\/li>\n<\/ul>\n\n\n\n<h2 class=\"wp-block-heading\" id=\"aioseo-bar-admission\">Zulassung zur Anwaltschaft<\/h2>\n\n\n\n<ul class=\"wp-block-list\">\n<li>Istanbul Bar, 1992<\/li>\n<\/ul>\n\n\n\n<h2 class=\"wp-block-heading\" id=\"aioseo-memberships\">Mitgliedschaften<\/h2>\n\n\n\n<ul class=\"wp-block-list\">\n<li>Internationale Anwaltskammer, 2005<\/li>\n\n\n\n<li>American Bar International Law Associates, 2005<\/li>\n\n\n\n<li>T\u00fcrkisches Patentinstitut, 1996<\/li>\n\n\n\n<li>Unternehmenssteuerallianz, 2013<\/li>\n<\/ul>\n","protected":false},"excerpt":{"rendered":"<p>Der Gr\u00fcnder der Anwaltskanzlei Akkas &amp; Associates, Rechtsanwalt Selcuk Akkas, wurde in Eregli, Konya, geboren, schloss hier seine Grund- und Mittelschulausbildung ab und zog danach nach Istanbul, um Jura zu studieren. Nach seinem Abschluss an der juristischen Fakult\u00e4t der Universit\u00e4t Istanbul absolvierte er ein Rechtsreferendariat, um sich 1992 als Rechtsanwalt zu qualifizieren. Er absolvierte seinen [&hellip;]<\/p>\n","protected":false},"author":2,"featured_media":0,"parent":0,"menu_order":0,"comment_status":"closed","ping_status":"closed","template":"","meta":{"footnotes":""},"class_list":["post-4310","page","type-page","status-publish","hentry"],"blocksy_meta":{"styles_descriptor":{"styles":{"desktop":"","tablet":"","mobile":""},"google_fonts":[],"version":6}},"aioseo_notices":[],"_links":{"self":[{"href":"https:\/\/turkeylegal.com.tr\/de\/wp-json\/wp\/v2\/pages\/4310","targetHints":{"allow":["GET"]}}],"collection":[{"href":"https:\/\/turkeylegal.com.tr\/de\/wp-json\/wp\/v2\/pages"}],"about":[{"href":"https:\/\/turkeylegal.com.tr\/de\/wp-json\/wp\/v2\/types\/page"}],"author":[{"embeddable":true,"href":"https:\/\/turkeylegal.com.tr\/de\/wp-json\/wp\/v2\/users\/2"}],"replies":[{"embeddable":true,"href":"https:\/\/turkeylegal.com.tr\/de\/wp-json\/wp\/v2\/comments?post=4310"}],"version-history":[{"count":0,"href":"https:\/\/turkeylegal.com.tr\/de\/wp-json\/wp\/v2\/pages\/4310\/revisions"}],"wp:attachment":[{"href":"https:\/\/turkeylegal.com.tr\/de\/wp-json\/wp\/v2\/media?parent=4310"}],"curies":[{"name":"wp","href":"https:\/\/api.w.org\/{rel}","templated":true}]}}