{"id":12604,"date":"2020-04-26T11:46:56","date_gmt":"2020-04-26T08:46:56","guid":{"rendered":"https:\/\/turkeylegal.com.tr\/fr\/?page_id=12604"},"modified":"2024-05-21T17:02:38","modified_gmt":"2024-05-21T14:02:38","slug":"english-speaking-turkish-lawyers","status":"publish","type":"page","link":"https:\/\/turkeylegal.com.tr\/fr\/english-speaking-turkish-lawyers\/","title":{"rendered":"Avocats turcs experts en anglais"},"content":{"rendered":"\n<p>Le cabinet d&rsquo;avocats Akkas &amp; Associ\u00e9s est l&rsquo;un des principaux cabinets d&rsquo;avocats turcs, avec une longue tradition d&rsquo;excellence et de leadership professionnel \u00e0 Istanbul, en Turquie. Depuis sa cr\u00e9ation en 1992, Akkas Law a \u00e9t\u00e9 le choix de nombreux clients \u00e0 la recherche d&rsquo;avocats turcs anglophones \u00e0 Istanbul, Turquie.<\/p>\n\n\n\n<p class=\"has-medium-font-size\"><strong>Table des mati\u00e8res<\/strong><\/p>\n\n\n<div class=\"wp-block-aioseo-table-of-contents\"><ul><li><a class=\"aioseo-toc-item\" href=\"#block-ce826a0c-bc07-4d5d-b1a6-d62e3fc9443f\">Une exp\u00e9rience de premier plan<\/a><\/li><li><a class=\"aioseo-toc-item\" href=\"#block-a884c42a-1acc-4177-820e-12f3a56fcabf\">Faillite turque &amp; Loi sur le recouvrement des cr\u00e9ances<\/a><ul><li><a class=\"aioseo-toc-item\" href=\"#block-6c87ff93-b7e2-4834-8c08-0db3feeeeb62\">Avocats turcs sp\u00e9cialis\u00e9s dans le recouvrement de cr\u00e9ances<\/a><\/li><\/ul><\/li><li><a class=\"aioseo-toc-item\" href=\"#block-5f6caec6-df6e-45e4-9d09-5cd9bef63df0\">Affaires turques &amp; Droit commercial<\/a><\/li><li><a class=\"aioseo-toc-item\" href=\"#block-1b793a5e-1662-4e0d-b860-bd22e90edff1\">Cr\u00e9ation d&#039;une soci\u00e9t\u00e9 turque<\/a><\/li><li><a class=\"aioseo-toc-item\" href=\"#block-ff181625-f094-41cd-8fc5-333facd4bb12\">Avocats p\u00e9nalistes turcs<\/a><\/li><li><a class=\"aioseo-toc-item\" href=\"#block-baac6ef3-5a87-459d-9cef-eddc06e7df59\">Droit de la famille turc et divorce<\/a><\/li><li><a class=\"aioseo-toc-item\" href=\"#block-0f3958b4-503f-4c29-81d3-685ce4959f7c\">Avocats turcs sp\u00e9cialis\u00e9s dans le droit de la sant\u00e9 et les fautes professionnelles<\/a><\/li><li><a class=\"aioseo-toc-item\" href=\"#block-a9b84810-9de4-4094-bf8a-9db55ac0a002\">Avocats sp\u00e9cialis\u00e9s dans la citoyennet\u00e9 turque<\/a><ul><li><a class=\"aioseo-toc-item\" href=\"#block-eab829d4-c3d0-4865-966a-942a3282cde2\">Services pour la citoyennet\u00e9 turque avec investissement<\/a><\/li><\/ul><\/li><li><a class=\"aioseo-toc-item\" href=\"#aioseo-turkish-immigration-law\">Avocats turcs sp\u00e9cialis\u00e9s dans l&#039;immigration<\/a><\/li><li><a class=\"aioseo-toc-item\" href=\"#block-03571286-6662-41b2-813b-9f5a7ce46cf0\">Avocats turcs sp\u00e9cialis\u00e9s en droit des successions<\/a><\/li><li><a class=\"aioseo-toc-item\" href=\"#block-74a0c750-f7bf-4842-a116-0db50444d2e5\">Droit du travail turc &amp; Droit de l&#039;emploi<\/a><ul><li><a class=\"aioseo-toc-item\" href=\"#block-3c3b3272-9cfa-4af0-aa2f-ad1915cdaf20\">Travail turc &amp; Avocats en droit du travail<\/a><\/li><\/ul><\/li><li><a class=\"aioseo-toc-item\" href=\"#block-3c0ddc19-c134-4841-bf3b-38d41a87bb66\">Droit immobilier turc<\/a><ul><li><a class=\"aioseo-toc-item\" href=\"#block-063d6ab8-f67c-4afb-a55b-5b5306d3ba7d\">Droit de propri\u00e9t\u00e9 turc<\/a><\/li><li><a class=\"aioseo-toc-item\" href=\"#block-087dc883-617a-49ff-8e5f-4e63df6a7922\">Contactez nous pour des avocats turcs parlant anglais<\/a><\/li><\/ul><\/li><\/ul><\/div>\n\n\n<p id=\"block-51321aac-d430-42eb-85ae-b2f9a244a0bd\">Gr\u00e2ce \u00e0 son groupe de contentieux reconnu au niveau national et \u00e0 sa pratique sophistiqu\u00e9e du droit des affaires, notre cabinet est aujourd&rsquo;hui l&rsquo;un des cabinets d&rsquo;avocats turcs les plus reconnus au monde \u00e0 Istanbul, en Turquie.<\/p>\n\n\n\n<h2 class=\"wp-block-heading\" id=\"block-ce826a0c-bc07-4d5d-b1a6-d62e3fc9443f\">Une exp\u00e9rience de premier plan<\/h2>\n\n\n\n<p id=\"block-2d765837-22a5-4902-a34f-36881233b221\">L&rsquo;expertise et la sp\u00e9cialisation des <strong>avocats turcs<\/strong> anglophones et la mise en place d&rsquo;une approche d&rsquo;\u00e9quipe pour r\u00e9soudre les probl\u00e8mes nous permettent d&rsquo;aborder et de relever votre d\u00e9fi particulier en faisant appel aux talents et \u00e0 l&rsquo;exp\u00e9rience les plus appropri\u00e9s.<\/p>\n\n\n\n<p id=\"block-7f040a5f-8653-4351-97b5-7552aff5c317\">Nos <strong>avocats turcs<\/strong> ont \u00e9t\u00e9 le choix de nombreux clients ayant besoin d&rsquo;<strong>avocats turcs parlant anglais<\/strong>. Gr\u00e2ce \u00e0 son groupe de contentieux reconnu au niveau national et \u00e0 sa pratique sophistiqu\u00e9e du droit des affaires, notre cabinet est aujourd&rsquo;hui l&rsquo;un des cabinets d&rsquo;avocats turcs les plus reconnus au monde \u00e0 Istanbul, en Turquie.<\/p>\n\n\n\n<figure class=\"wp-block-image size-full\"><img loading=\"lazy\" decoding=\"async\" width=\"1000\" height=\"469\" src=\"https:\/\/turkeylegal.com.tr\/fr\/wp-content\/uploads\/2023\/08\/English-Speaking-Turkish-Lawyers.webp\" alt=\"Avocats turcs anglophones\" class=\"wp-image-21582\" srcset=\"https:\/\/turkeylegal.com.tr\/fr\/wp-content\/uploads\/2023\/08\/English-Speaking-Turkish-Lawyers.webp 1000w, https:\/\/turkeylegal.com.tr\/fr\/wp-content\/uploads\/2023\/08\/English-Speaking-Turkish-Lawyers-300x141.webp 300w, https:\/\/turkeylegal.com.tr\/fr\/wp-content\/uploads\/2023\/08\/English-Speaking-Turkish-Lawyers-768x360.webp 768w\" sizes=\"auto, (max-width: 1000px) 100vw, 1000px\" \/><\/figure>\n\n\n\n<h2 class=\"wp-block-heading\" id=\"block-a884c42a-1acc-4177-820e-12f3a56fcabf\">Faillite turque &amp;  Loi sur le recouvrement des cr\u00e9ances<\/h2>\n\n\n\n<p id=\"block-ec5cccc9-6de3-4359-b6ca-94f0afc171d0\">Nos avocats turcs sont pr\u00eats \u00e0 traiter des affaires de recouvrement de cr\u00e9ances. Nos avocats sp\u00e9cialis\u00e9s dans le recouvrement de cr\u00e9ances ont une grande exp\u00e9rience des proc\u00e9dures d&rsquo;insolvabilit\u00e9 en Turquie. Nous avons repr\u00e9sent\u00e9 des clients nationaux et \u00e9trangers dans de nombreuses affaires de faillite en Turquie.<\/p>\n\n\n\n<p id=\"block-6db47535-6808-4797-aa49-11c3d83560b7\">Nos <strong>avocats<\/strong> turcs parlant anglais ont vigoureusement fait valoir les droits des cr\u00e9anciers dans de nombreuses affaires impliquant des d\u00e9biteurs tels que des chantiers navals, des soci\u00e9t\u00e9s de biotechnologie, des promoteurs immobiliers et des fabricants de textiles. Nous avons repr\u00e9sent\u00e9 avec succ\u00e8s non seulement des cr\u00e9anciers garantis, mais aussi des d\u00e9tenteurs de privil\u00e8ges et des cr\u00e9anciers non garantis.<\/p>\n\n\n\n<h3 class=\"wp-block-heading\" id=\"block-6c87ff93-b7e2-4834-8c08-0db3feeeeb62\">Avocats turcs sp\u00e9cialis\u00e9s dans le recouvrement de cr\u00e9ances<\/h3>\n\n\n\n<p id=\"block-238d789b-3163-4c0a-ad13-cb1f65945600\">Nos <strong>avocats anglophones<\/strong> turcs ont une exp\u00e9rience substantielle dans la fourniture de conseils efficaces et utiles aux clients pour les aider \u00e0 recouvrer l&rsquo;argent d\u00fb en Turquie. Toutes les dettes doivent \u00eatre examin\u00e9es et \u00e9valu\u00e9es et un plan d&rsquo;action doit \u00eatre mis en place pour s&rsquo;assurer que vous ne travaillez pas sans r\u00e9mun\u00e9ration appropri\u00e9e <\/p>\n\n\n\n<figure class=\"wp-block-image size-full\"><img loading=\"lazy\" decoding=\"async\" width=\"1000\" height=\"660\" src=\"https:\/\/turkeylegal.com.tr\/fr\/wp-content\/uploads\/2023\/08\/Debt-Collection-in-Turkey.webp\" alt=\"Turkish Debt Recovery Lawyers\" class=\"wp-image-21469\" srcset=\"https:\/\/turkeylegal.com.tr\/fr\/wp-content\/uploads\/2023\/08\/Debt-Collection-in-Turkey.webp 1000w, https:\/\/turkeylegal.com.tr\/fr\/wp-content\/uploads\/2023\/08\/Debt-Collection-in-Turkey-300x198.webp 300w, https:\/\/turkeylegal.com.tr\/fr\/wp-content\/uploads\/2023\/08\/Debt-Collection-in-Turkey-768x507.webp 768w\" sizes=\"auto, (max-width: 1000px) 100vw, 1000px\" \/><\/figure>\n\n\n\n<h2 class=\"wp-block-heading\" id=\"block-5f6caec6-df6e-45e4-9d09-5cd9bef63df0\">Affaires turques &amp;  Droit commercial<\/h2>\n\n\n\n<p id=\"block-181f0c0c-ae30-498d-89d7-48c9f6a85342\">Nos <strong>avocats anglophones turcs <\/strong>sont pr\u00eats \u00e0 traiter tous les types d&rsquo;affaires. Ils repr\u00e9sentent \u00e9galement des clients dans les domaines suivants : droit des soci\u00e9t\u00e9s, <strong><a href=\"https:\/\/turkeylegal.com.tr\/fr\/turkish-company-formation\">formation et gouvernance des soci\u00e9t\u00e9s<\/a><\/strong>,&nbsp;<strong>droit du travail<\/strong>,&nbsp;<strong>faillite et recouvrement de cr\u00e9ances<\/strong>, fusions et acquisitions, due diligence, et transactions commerciales.<\/p>\n\n\n\n<p id=\"block-57cd2d17-11ef-4c1f-95e5-b4c8dab5813a\">Nos <strong>avocats anglophones<\/strong> turcs repr\u00e9sentent les entreprises clientes du cabinet, y compris les soci\u00e9t\u00e9s, les soci\u00e9t\u00e9s \u00e0 responsabilit\u00e9 limit\u00e9e, les partenariats et les entreprises individuelles, pour tous les types et aspects des transactions commerciales et des questions juridiques li\u00e9es \u00e0 l&rsquo;entreprise.<\/p>\n\n\n\n<p id=\"block-2e6b3b4f-a0c7-4fbe-bfb2-7f8f8e3e499a\">Les <strong>avocats anglophones<\/strong> turcs travaillent en \u00e9troite collaboration avec les avocats plaidants du cabinet pour apporter leur soutien et leur expertise en mati\u00e8re de litiges commerciaux.<\/p>\n\n\n\n<h2 class=\"wp-block-heading\" id=\"block-1b793a5e-1662-4e0d-b860-bd22e90edff1\">Cr\u00e9ation d&rsquo;une soci\u00e9t\u00e9 turque<\/h2>\n\n\n\n<figure class=\"wp-block-embed is-type-video is-provider-youtube wp-block-embed-youtube wp-embed-aspect-16-9 wp-has-aspect-ratio\"><div class=\"wp-block-embed__wrapper\">\n<iframe loading=\"lazy\" title=\"How to Set up a Company in Turkey?\" width=\"1290\" height=\"726\" src=\"https:\/\/www.youtube.com\/embed\/Q9uhkkQ1c0I?feature=oembed\" frameborder=\"0\" allow=\"accelerometer; autoplay; clipboard-write; encrypted-media; gyroscope; picture-in-picture; web-share\" referrerpolicy=\"strict-origin-when-cross-origin\" allowfullscreen><\/iframe>\n<\/div><\/figure>\n\n\n\n<p id=\"block-fb446803-8296-405d-81d6-141758bc7799\">Akkas Law <strong>Les avocats turcs parlant anglais<\/strong> sont pr\u00eats \u00e0 vous aider \u00e0 <a href=\"https:\/\/turkeylegal.com.tr\/fr\/form-company-in-turkey\"><strong>former une soci\u00e9t\u00e9 en Turquie<\/strong><\/a>. Nos&nbsp;avocats sp\u00e9cialis\u00e9s dans la cr\u00e9ation de soci\u00e9t\u00e9s&nbsp;sont exp\u00e9riment\u00e9s dans&nbsp;<a href=\"https:\/\/turkeylegal.com.tr\/fr\/limited-company-setup-in-turkey\/\">la cr\u00e9ation de SARL<\/a>,&nbsp;la soci\u00e9t\u00e9 par actions, la soci\u00e9t\u00e9 holding,&nbsp;<a href=\"https:\/\/turkeylegal.com.tr\/fr\/branch-office-formation\/\">le bureau annexe<\/a>, le bureau de liaison,&nbsp;<a href=\"https:\/\/turkeylegal.com.tr\/fr\/free-zone-company-set-up-in-turkey\/\">la constitution d&rsquo;une soci\u00e9t\u00e9 en zone franche<\/a>, et la gestion et la gouvernance d&rsquo;entreprise devant la <a href=\"https:\/\/ito.org.tr\/en\">Chambre de commerce d&rsquo;Istanbul<\/a>.<\/p>\n\n\n\n<h2 class=\"wp-block-heading\" id=\"block-ff181625-f094-41cd-8fc5-333facd4bb12\">Avocats p\u00e9nalistes turcs<\/h2>\n\n\n\n<p id=\"block-78c7a1bc-13d2-4d55-adb6-432acfaf3e38\">Nos <strong>avocats anglophones turcs <\/strong>sont pr\u00eats \u00e0 traiter des affaires p\u00e9nales contre des entreprises et leurs cadres et directeurs. Nos avocats p\u00e9nalistes ont d\u00e9fendu les entreprises clientes et leurs dirigeants et administrateurs dans diff\u00e9rents types de litiges p\u00e9naux.<\/p>\n\n\n\n<p id=\"block-3f0d9d02-5629-4e5c-b12c-97cfc6715bed\">Nos <strong>avocats anglophones<\/strong> turcs d\u00e9fendent vigoureusement les entreprises et leurs cadres et dirigeants contre les accusations d&rsquo;inconduite criminelle et les r\u00e9clamations civiles qui en d\u00e9coulent.<\/p>\n\n\n\n<h2 class=\"wp-block-heading\" id=\"block-baac6ef3-5a87-459d-9cef-eddc06e7df59\">Droit de la famille turc et divorce<\/h2>\n\n\n\n<p id=\"block-dfd3aecf-7c14-4edc-a05e-21b8a84163b3\">Nos <strong>avocats Turcs<\/strong> parlant anglais sont pr\u00eats \u00e0 traiter des affaires de divorce, qu&rsquo;il s&rsquo;agisse d&rsquo;un simple <strong>divorce sans contestation<\/strong>&nbsp;proc\u00e9dure ou d&rsquo;un divorce compliqu\u00e9 avec des biens importants et des enfants.<\/p>\n\n\n\n<p id=\"block-d845c4c6-7f0e-4999-9070-ac9f9392673a\">Si vous vivez en dehors de la Turquie et que vous recherchez des <strong>avocats turcs<\/strong> parlant anglais pour vous assister dans le cadre d&rsquo;un divorce, <strong>de la garde des enfants ou du droit de visite des enfants, et des questions de pension alimentaire<\/strong>, appelez-nous. Nous travaillons r\u00e9guli\u00e8rement avec des clients qui vivent \u00e0 l&rsquo;\u00e9tranger mais qui ont des enfants ou des questions de divorce en Turquie. W<\/p>\n\n\n\n<h2 class=\"wp-block-heading\" id=\"block-0f3958b4-503f-4c29-81d3-685ce4959f7c\">Avocats turcs sp\u00e9cialis\u00e9s dans le droit de la sant\u00e9 et les fautes professionnelles<\/h2>\n\n\n\n<p id=\"block-2538c471-51d3-4375-bf78-99ec2021b71b\">Nos <strong>avocats turcs<\/strong> parlant anglais sont pr\u00eats \u00e0 traiter tous les types d&rsquo;affaires. Nos avocats turcs sp\u00e9cialis\u00e9s en droit de la sant\u00e9 repr\u00e9sentent \u00e9galement nos clients dans les cas de poursuites contre les assurances m\u00e9dicales.<\/p>\n\n\n\n<h2 class=\"wp-block-heading\" id=\"block-a9b84810-9de4-4094-bf8a-9db55ac0a002\">Avocats sp\u00e9cialis\u00e9s dans la citoyennet\u00e9 turque<\/h2>\n\n\n\n<figure class=\"wp-block-embed is-type-video is-provider-youtube wp-block-embed-youtube wp-embed-aspect-16-9 wp-has-aspect-ratio\"><div class=\"wp-block-embed__wrapper\">\n<iframe loading=\"lazy\" title=\"How to Apply Turkish Citizenship with Investment?\" width=\"1290\" height=\"726\" src=\"https:\/\/www.youtube.com\/embed\/DrHaj0dSr9U?feature=oembed\" frameborder=\"0\" allow=\"accelerometer; autoplay; clipboard-write; encrypted-media; gyroscope; picture-in-picture; web-share\" referrerpolicy=\"strict-origin-when-cross-origin\" allowfullscreen><\/iframe>\n<\/div><\/figure>\n\n\n\n<h3 class=\"wp-block-heading\" id=\"block-eab829d4-c3d0-4865-966a-942a3282cde2\">Services pour la citoyennet\u00e9 turque avec investissement<\/h3>\n\n\n\n<p id=\"block-58ebe463-bc19-4fb1-a99d-bc0a3593f2b7\">Nos <strong>Avocats anglophones Turcs sont pr\u00eats \u00e0 g\u00e9rer les acquisitions immobili\u00e8res pour obtenir la citoyennet\u00e9 turque. Notre pratique en mati\u00e8re d&rsquo;investissement dans la citoyennet\u00e9 turque comprend l&rsquo;achat, la location et la vente de propri\u00e9t\u00e9s r\u00e9sidentielles et commerciales \u00e0 des clients nationaux et \u00e9trangers en Turquie.<\/strong><\/p>\n\n\n\n<p id=\"block-8f03edec-2563-43a0-82ac-6b442fe4f7b0\">Nos <strong>avocats anglophones<\/strong> Turcs pr\u00e9pareront votre contrat d&rsquo;achat et de vente pour <strong>acheter ou vendre une maison ou un appartement sur plan ou d&rsquo;occasion en Turquie<\/strong>. Notre avocat vous conseillera sur les pi\u00e8ges potentiels et vous recommandera des modifications sp\u00e9cifiques qui vous seraient b\u00e9n\u00e9fiques.<\/p>\n\n\n\n<figure class=\"wp-block-image size-full\"><img loading=\"lazy\" decoding=\"async\" width=\"1000\" height=\"469\" src=\"https:\/\/turkeylegal.com.tr\/fr\/wp-content\/uploads\/2023\/08\/Turkish-Immigration-Lawyers.webp\" alt=\"Turkish Immigration Lawyers\" class=\"wp-image-21581\" srcset=\"https:\/\/turkeylegal.com.tr\/fr\/wp-content\/uploads\/2023\/08\/Turkish-Immigration-Lawyers.webp 1000w, https:\/\/turkeylegal.com.tr\/fr\/wp-content\/uploads\/2023\/08\/Turkish-Immigration-Lawyers-300x141.webp 300w, https:\/\/turkeylegal.com.tr\/fr\/wp-content\/uploads\/2023\/08\/Turkish-Immigration-Lawyers-768x360.webp 768w\" sizes=\"auto, (max-width: 1000px) 100vw, 1000px\" \/><\/figure>\n\n\n\n<h2 class=\"wp-block-heading\" id=\"aioseo-turkish-immigration-law\">Avocats turcs sp\u00e9cialis\u00e9s dans l&rsquo;immigration<\/h2>\n\n\n\n<p>Nos <strong>Avocats sp\u00e9cialis\u00e9s dans la citoyennet\u00e9 turque<\/strong> sont pr\u00eats \u00e0 traiter les demandes de permis de travail et de r\u00e9sidence. Nos <a href=\"https:\/\/turkeylegal.com.tr\/fr\/turkish-citizenship-lawyers\/\">Avocats sp\u00e9cialis\u00e9s dans la citoyennet\u00e9 turque<\/a> repr\u00e9sentent \u00e9galement nos clients dans d&rsquo;autres domaines du droit de l&rsquo;immigration, notamment la prolongation des permis de s\u00e9jour et de travail, la demande de citoyennet\u00e9 turque et l&rsquo;introduction d&rsquo;une action en justice pour annuler toute objection.<\/p>\n\n\n\n<h2 class=\"wp-block-heading\" id=\"block-03571286-6662-41b2-813b-9f5a7ce46cf0\">Avocats turcs sp\u00e9cialis\u00e9s en droit des successions<\/h2>\n\n\n\n<p id=\"block-7ffe3db2-c2ff-4ef9-8bdc-e1d1347bc931\">Nos <strong>Avocats anglophones Turcs sont pr\u00eats \u00e0 traiter vos affaires de succession en Turquie.<\/strong><\/p>\n\n\n\n<p id=\"block-4254f019-72da-439e-bc5d-4281891acf07\"><strong><a href=\"https:\/\/turkeylegal.com.tr\/fr\/inheritance-law-in-turkey\/\">Le droit successoral turc<\/a><\/strong>&nbsp; (Patrimoine) vise \u00e0 prot\u00e9ger la famille \u00e9largie et impose une part r\u00e9serv\u00e9e ou une part statutaire au profit de la famille \u00e9largie. Il n&rsquo;est pas possible que la totalit\u00e9 de la propri\u00e9t\u00e9 revienne au mari ou \u00e0 la femme survivant(e).<\/p>\n\n\n\n<h2 class=\"wp-block-heading\" id=\"block-74a0c750-f7bf-4842-a116-0db50444d2e5\">Droit du travail turc &amp;   Droit de l&#8217;emploi<\/h2>\n\n\n\n<p id=\"block-a2dac005-af70-45b2-9031-8545a27cfd8a\">Nos <strong>avocats turcs<\/strong> anglophones sont pr\u00eats \u00e0 repr\u00e9senter les employeurs dans pratiquement tous les aspects de la relation de travail. Nos avocats turcs sp\u00e9cialis\u00e9s dans le droit du travail et de l&#8217;emploi repr\u00e9sentent \u00e9galement nos clients dans le cadre de proc\u00e9dures administratives, d&rsquo;arbitrages et de litiges, qu&rsquo;ils soient ou non syndiqu\u00e9s.<\/p>\n\n\n\n<h3 class=\"wp-block-heading\" id=\"block-3c3b3272-9cfa-4af0-aa2f-ad1915cdaf20\">Travail turc &amp;  Avocats en droit du travail<\/h3>\n\n\n\n<p id=\"block-9a68888f-2295-411d-b692-0e79fdd94f37\">Nos <strong>avocats turcs<\/strong> parlant anglais sont \u00e9galement exp\u00e9riment\u00e9s dans tous les aspects du <strong>droit du travail et de l&#8217;emploi en Turquie<\/strong>. Nous r\u00e9digeons des politiques et des manuels pour les employ\u00e9s et organisons des formations pour la direction et l&rsquo;ensemble du personnel.<\/p>\n\n\n\n<p id=\"block-572fcfd7-1159-4350-be03-52ca0ca74167\">Akkas &amp;  Associates Law Firm <strong>Lawyers Turkish<\/strong> donne fr\u00e9quemment des conf\u00e9rences aux professionnels des ressources humaines et aux avocats sur un large \u00e9ventail de sujets li\u00e9s aux relations de travail.<\/p>\n\n\n\n<p id=\"block-b8ac2cba-4e17-487a-a038-c3a1fbb2bafe\">Nos <strong>avocats anglophones turcs <\/strong>fournissent \u00e9galement une assistance sur les questions relatives aux repr\u00e9sentations g\u00e9n\u00e9rales des entreprises de notre cabinet. Nous nous sommes class\u00e9s dans le peloton de t\u00eate en mati\u00e8re de droit du travail.<\/p>\n\n\n\n<figure class=\"wp-block-embed is-type-video is-provider-youtube wp-block-embed-youtube wp-embed-aspect-16-9 wp-has-aspect-ratio\"><div class=\"wp-block-embed__wrapper\">\n<iframe loading=\"lazy\" title=\"How to Purchase a Property in Turkey?\" width=\"1290\" height=\"726\" src=\"https:\/\/www.youtube.com\/embed\/GsPiR_xPuS0?feature=oembed\" frameborder=\"0\" allow=\"accelerometer; autoplay; clipboard-write; encrypted-media; gyroscope; picture-in-picture; web-share\" referrerpolicy=\"strict-origin-when-cross-origin\" allowfullscreen><\/iframe>\n<\/div><\/figure>\n\n\n\n<h2 class=\"wp-block-heading\" id=\"block-3c0ddc19-c134-4841-bf3b-38d41a87bb66\">Droit immobilier turc<\/h2>\n\n\n\n<p id=\"block-7b84afd5-599d-4251-8d88-2f617a2ea2cb\">Nos <strong>avocats anglophones turcs<\/strong> sont pr\u00eats \u00e0 traiter les transactions immobili\u00e8res. Notre pratique du droit immobilier comprend l&rsquo;achat, la location et la vente de propri\u00e9t\u00e9s r\u00e9sidentielles et commerciales \u00e0 des clients nationaux et \u00e9trangers en Turquie.<\/p>\n\n\n\n<p id=\"block-4f7f1443-deaf-4b02-9cf3-49d33331262e\">Le cabinet d&rsquo;avocats Akkas &amp;  Associates <strong>Avocats parlant anglais Turc repr\u00e9sente agressivement les particuliers, les entreprises familiales et les soci\u00e9t\u00e9s dans tous les aspects du droit immobilier, y compris l&rsquo;achat, le d\u00e9veloppement, la location, le financement et la vente de biens immobiliers en Turquie.<\/strong><\/p>\n\n\n\n<h3 class=\"wp-block-heading\" id=\"block-063d6ab8-f67c-4afb-a55b-5b5306d3ba7d\">Droit de propri\u00e9t\u00e9 turc<\/h3>\n\n\n\n<p id=\"block-32fc84bd-a50d-4f82-9771-a0680747092b\">Les <strong>avocats anglophones<\/strong> turcs ont une exp\u00e9rience significative dans la n\u00e9gociation et la r\u00e9daction de contrats de construction et d&rsquo;acquisition de terrains, ainsi que dans la gestion des questions d&rsquo;utilisation des terrains et de zonage, et dans l&rsquo;acquisition de droits de passage et d&rsquo;autres biens immobiliers en Turquie.<\/p>\n\n\n\n<h3 class=\"wp-block-heading\" id=\"block-087dc883-617a-49ff-8e5f-4e63df6a7922\">Contactez nous pour des avocats turcs parlant anglais<\/h3>\n\n\n\n<p id=\"block-e25d7644-bf54-46af-af15-e6b6822f6d72\">Depuis sa cr\u00e9ation en 1992, le cabinet d&rsquo;avocats Akkas &amp;  Associates&nbsp;a \u00e9t\u00e9 le choix de nombreux clients \u00e0&nbsp;Istanbul, Turquie. Gr\u00e2ce \u00e0 sa pratique du contentieux reconnue au niveau national, notre cabinet est aujourd&rsquo;hui l&rsquo;un des principaux cabinets d&rsquo;avocats turcs en Turquie.<\/p>\n\n\n\n<p>Vous pouvez contacter nos <strong>avocats anglophones<\/strong> turcs par l&rsquo;interm\u00e9diaire de notre page <strong><a href=\"https:\/\/turkeylegal.com.tr\/fr\/contact\">Contact<\/a><\/strong>&nbsp;page.<\/p>\n","protected":false},"excerpt":{"rendered":"<p>Le cabinet d&rsquo;avocats Akkas &amp; Associ\u00e9s est l&rsquo;un des principaux cabinets d&rsquo;avocats turcs, avec une longue tradition d&rsquo;excellence et de leadership professionnel \u00e0 Istanbul, en Turquie. Depuis sa cr\u00e9ation en 1992, Akkas Law a \u00e9t\u00e9 le choix de nombreux clients \u00e0 la recherche d&rsquo;avocats turcs anglophones \u00e0 Istanbul, Turquie. Table des mati\u00e8res Gr\u00e2ce \u00e0 son [&hellip;]<\/p>\n","protected":false},"author":2,"featured_media":0,"parent":0,"menu_order":0,"comment_status":"closed","ping_status":"closed","template":"","meta":{"footnotes":""},"class_list":["post-12604","page","type-page","status-publish","hentry"],"blocksy_meta":{"styles_descriptor":{"styles":{"desktop":"","tablet":"","mobile":""},"google_fonts":[],"version":6}},"aioseo_notices":[],"_links":{"self":[{"href":"https:\/\/turkeylegal.com.tr\/fr\/wp-json\/wp\/v2\/pages\/12604","targetHints":{"allow":["GET"]}}],"collection":[{"href":"https:\/\/turkeylegal.com.tr\/fr\/wp-json\/wp\/v2\/pages"}],"about":[{"href":"https:\/\/turkeylegal.com.tr\/fr\/wp-json\/wp\/v2\/types\/page"}],"author":[{"embeddable":true,"href":"https:\/\/turkeylegal.com.tr\/fr\/wp-json\/wp\/v2\/users\/2"}],"replies":[{"embeddable":true,"href":"https:\/\/turkeylegal.com.tr\/fr\/wp-json\/wp\/v2\/comments?post=12604"}],"version-history":[{"count":0,"href":"https:\/\/turkeylegal.com.tr\/fr\/wp-json\/wp\/v2\/pages\/12604\/revisions"}],"wp:attachment":[{"href":"https:\/\/turkeylegal.com.tr\/fr\/wp-json\/wp\/v2\/media?parent=12604"}],"curies":[{"name":"wp","href":"https:\/\/api.w.org\/{rel}","templated":true}]}}