{"id":24666,"date":"2024-06-05T08:42:03","date_gmt":"2024-06-05T05:42:03","guid":{"rendered":"https:\/\/turkeylegal.com.tr\/tr\/?page_id=24666"},"modified":"2024-06-05T08:44:44","modified_gmt":"2024-06-05T05:44:44","slug":"arabulucu-avukat-selcuk-akkas","status":"publish","type":"page","link":"https:\/\/turkeylegal.com.tr\/tr\/arabulucu-avukat-selcuk-akkas\/","title":{"rendered":"Arabulucu Avukat Sel\u00e7uk Akka\u015f"},"content":{"rendered":"\n<div class=\"wp-block-stackable-columns stk-block-columns stk-block stk-41f2d9a\" data-block-id=\"41f2d9a\"><div class=\"stk-row stk-inner-blocks stk-block-content stk-content-align stk-41f2d9a-column\">\n<div class=\"wp-block-stackable-column stk-block-column stk-column stk-block stk-9dcb717\" data-v=\"4\" data-block-id=\"9dcb717\"><style>@media screen and (min-width:690px){.stk-9dcb717{flex:var(--stk-flex-grow,1) 1 calc(60% - var(--stk-column-gap,0px) * 1 \/ 2 ) !important}}<\/style><div class=\"stk-column-wrapper stk-block-column__content stk-container stk-9dcb717-container stk--no-background stk--no-padding\"><div class=\"stk-block-content stk-inner-blocks stk-9dcb717-inner-blocks\">\n<p>1992 y\u0131l\u0131nda <a href=\"https:\/\/www.istanbulbarosu.org.tr\/\" title=\"\">\u0130stanbul Barosu<\/a>&#8216;na kay\u0131t olan&nbsp;<strong>arabulucu avukat Sel\u00e7uk Akka\u015f<\/strong>, ba\u015fta&nbsp;yat\u0131r\u0131mla T\u00fcrk vatanda\u015fl\u0131\u011f\u0131 olmak \u00fczere yabanc\u0131lar hukuku, \u015firket kurulu\u015fu, yabanc\u0131 sermaye dan\u0131\u015fmanl\u0131\u011f\u0131 , ticaret hukuku, \u015firketler hukuku olmak \u00fczere avukatl\u0131kta 32. y\u0131l\u0131n\u0131 tamamlam\u0131\u015f olman\u0131n hakl\u0131 gururu ile m\u00fcvekkillerimize avukatl\u0131k, arabuluculuk ve dan\u0131\u015fmanl\u0131k hizmetleri vermektedir. <\/p>\n\n\n\n<p>Avukat Sel\u00e7uk bey ayr\u0131ca miras hukuku, gayrimenkul hukuku, bo\u015fanma davalar\u0131,&nbsp;marka ve patent tescili, fikri m\u00fclkiyet hukukunda tecav\u00fcz ve tazminat davalar\u0131 ile i\u015f hukuku avukat\u0131&nbsp;olarak davalar almakta ve bu konulardaki uyu\u015fmazl\u0131klar\u0131n \u00e7\u00f6z\u00fcm\u00fcnde bilfiil \u00e7al\u0131\u015fmaktad\u0131r.<\/p>\n<\/div><\/div><\/div>\n\n\n\n<div class=\"wp-block-stackable-column stk-block-column stk-column stk-block stk-af6f2ad\" data-v=\"4\" data-block-id=\"af6f2ad\"><style>@media screen and (min-width:690px){.stk-af6f2ad{flex:var(--stk-flex-grow,1) 1 calc(40% - var(--stk-column-gap,0px) * 1 \/ 2 ) !important}}<\/style><div class=\"stk-column-wrapper stk-block-column__content stk-container stk-af6f2ad-container stk--no-background stk--no-padding\"><div class=\"stk-block-content stk-inner-blocks stk-af6f2ad-inner-blocks\">\n<figure class=\"wp-block-image size-full\"><img loading=\"lazy\" decoding=\"async\" width=\"400\" height=\"520\" src=\"https:\/\/turkeylegal.com.tr\/tr\/wp-content\/uploads\/2024\/06\/Istanbul-avukati-Selcuk-Akkas.webp\" alt=\"\u0130stanbul'da avukat arabulucu Sel\u00e7uk Akka\u015f\" class=\"wp-image-24661\" srcset=\"https:\/\/turkeylegal.com.tr\/tr\/wp-content\/uploads\/2024\/06\/Istanbul-avukati-Selcuk-Akkas.webp 400w, https:\/\/turkeylegal.com.tr\/tr\/wp-content\/uploads\/2024\/06\/Istanbul-avukati-Selcuk-Akkas-231x300.webp 231w\" sizes=\"auto, (max-width: 400px) 100vw, 400px\" \/><\/figure>\n<\/div><\/div><\/div>\n<\/div><\/div>\n\n\n\n<p class=\"has-medium-font-size\"><strong>Konu Ba\u015fl\u0131klar\u0131<\/strong><\/p>\n\n\n<div class=\"wp-block-aioseo-table-of-contents\"><ul><li><a class=\"aioseo-toc-item\" href=\"#aioseo-arabulucu-avukat-selcuk-akkas\">Arabulucu Avukat Sel\u00e7uk Akka\u015f<\/a><ul><li><a class=\"aioseo-toc-item\" href=\"#aioseo-marka-ve-patent-vekili\">Marka ve Patent Vekili<\/a><\/li><li><a class=\"aioseo-toc-item\" href=\"#aioseo-marka-ve-patent-bilirkisisi\">Marka ve Patent Bilirki\u015fisi<\/a><\/li><li><a class=\"aioseo-toc-item\" href=\"#aioseo-arabulucu\">Arabulucu<\/a><\/li><li><a class=\"aioseo-toc-item\" href=\"#aioseo-ilk-marka-avukatlarindan\">\u0130lk Marka Avukatlar\u0131ndan<\/a><\/li><li><a class=\"aioseo-toc-item\" href=\"#aioseo-ticaret-hukuku\">Ticaret Hukuku<\/a><\/li><li><a class=\"aioseo-toc-item\" href=\"#aioseo-aile-hukuku-ve-bosanma\">Aile Hukuku ve\u00a0Bo\u015fanma<\/a><\/li><li><a class=\"aioseo-toc-item\" href=\"#aioseo-miras-hukuku\">Miras Hukuku<\/a><\/li><li><a class=\"aioseo-toc-item\" href=\"#aioseo-is-hukuku\">\u0130\u015f Hukuku<\/a><\/li><li><a class=\"aioseo-toc-item\" href=\"#aioseo-icra-ve-iflas-hukuku\">\u0130cra ve \u0130flas Hukuku<\/a><\/li><\/ul><\/li><li><a class=\"aioseo-toc-item\" href=\"#aioseo-egitim\">E\u011fitim<\/a><\/li><li><a class=\"aioseo-toc-item\" href=\"#aioseo-baro-uyeligi\">Baro \u00dcyeli\u011fi<\/a><\/li><li><a class=\"aioseo-toc-item\" href=\"#aioseo-uyelikler\">\u00dcyelikler<\/a><\/li><li><a class=\"aioseo-toc-item\" href=\"#aioseo-muvekkil-yorumu\">M\u00fcvekkil Yorumu<\/a><\/li><\/ul><\/div>\n\n\n<h2 class=\"wp-block-heading\" id=\"aioseo-arabulucu-avukat-selcuk-akkas\">Arabulucu Avukat Sel\u00e7uk Akka\u015f<\/h2>\n\n\n\n<p>Hukuk b\u00fcromuzun kurucu orta\u011f\u0131&nbsp;<a href=\"http:\/\/www.hg.org\/lawyer\/selcuk-akkas\/72780\" target=\"_blank\" rel=\"noopener\"><strong>Avukat Sel\u00e7uk Akka\u015f<\/strong><\/a>, Konya Ere\u011fli&#8217;de do\u011fmu\u015f, ilk ve orta \u00f6\u011frenimini burada tamamlad\u0131ktan sonra hukuk \u00f6\u011frenimi i\u00e7in \u0130stanbul&#8217;a gelmi\u015ftir.&nbsp;<strong>\u0130stanbul \u00dcniversitesi Hukuk Fak\u00fcltesi<\/strong>&#8216;ndeki lisans \u00f6\u011freniminin ard\u0131ndan 1992 y\u0131l\u0131nda Avukatl\u0131k staj\u0131n\u0131 tamamlayarak meslek hayat\u0131na ba\u015flam\u0131\u015ft\u0131r.<\/p>\n\n\n\n<p>Askerlik g\u00f6revini <strong>Askeri Hakim&nbsp;<\/strong>olarak tamamlad\u0131ktan sonra 1994 y\u0131l\u0131nda <strong>Eczac\u0131ba\u015f\u0131 \u0130la\u00e7 Pazarlama A.\u015e.<\/strong>&#8216;nde avukat olarak \u00e7al\u0131\u015fmaya ba\u015flam\u0131\u015ft\u0131r. Burada d\u00f6rt y\u0131l \u00e7al\u0131\u015ft\u0131ktan sonra y\u00fcksek lisans yapmak amac\u0131yla 1998 y\u0131l\u0131nda Eczac\u0131ba\u015f\u0131&#8217;ndan istifa edip, Amerika Birle\u015fik Devletleri&#8217;ne gitmi\u015ftir.<\/p>\n\n\n\n<p>Kendisi 1998 &#8211; 2006 y\u0131llar\u0131 aras\u0131nda Houston, Texas&#8217;da hukuk ingilizcesi kurslar\u0131na devam etmi\u015f, akabinde Lone Star College&#8217;da Amerikan ve Uluslararas\u0131 Hukuk konular\u0131nda y\u00fcksek lisans \u00f6\u011frenimini tamamlam\u0131\u015f ve 2006 y\u0131l\u0131nda T\u00fcrkiye&#8217;ye d\u00f6nerek Akka\u015f Hukuk B\u00fcrosu&#8217;nu kurmu\u015ftur.<\/p>\n\n\n\n<p>Houston&#8217;da y\u00fcksek lisans \u00e7al\u0131\u015fmalar\u0131n\u0131 y\u00fcr\u00fct\u00fcrken uluslararas\u0131 faaliyet g\u00f6steren Amerikan \u015firketlerinde, University of Houston&#8217;da ve Karada\u011f Hukuk B\u00fcrosu&#8217;nda staj ve \u00e7al\u0131\u015fmalar yapm\u0131\u015f ve uluslararas\u0131 hukuk konusunda ilk elden tecr\u00fcbe sahibi olmu\u015ftur.<\/p>\n\n\n\n<h3 class=\"wp-block-heading\" id=\"aioseo-marka-ve-patent-vekili\">Marka ve Patent Vekili<\/h3>\n\n\n\n<p>Avukat Sel\u00e7uk Bey, 1996 y\u0131l\u0131nda T\u00fcrk Patent Enstit\u00fcs\u00fc b\u00fcnyesinde yap\u0131lan s\u0131nav\u0131 ge\u00e7mi\u015f ve 30 sicil numaras\u0131 ile \u00fclkemizde g\u00f6rev yapan ilk marka vekilleri aras\u0131nda yer alm\u0131\u015ft\u0131r. PEM Patent ve Marka Vekilleri Derne\u011fi taraf\u0131ndan Av. Sel\u00e7uk Bey\u2019e, 22 Ekim 2016 g\u00fcn\u00fc meslekte 20 y\u0131l \u00fczeri s\u00fcre hizmet vermi\u015f oldu\u011fundan dolay\u0131 onur \u00f6d\u00fcl\u00fc verilmi\u015ftir.<\/p>\n\n\n\n<p>Av. Sel\u00e7uk Bey, patent vekili olmak i\u00e7in 2013 y\u0131l\u0131nda T\u00fcrk Patent Enstit\u00fcs\u00fc b\u00fcnyesinde yap\u0131lan s\u0131nav\u0131 ge\u00e7mi\u015f ve 1324 sicil numaras\u0131 ile TPE Patent Vekilleri siciline kaydolmu\u015ftur. Av. Sel\u00e7uk Bey, <strong>Marka ve Patent Vekili&nbsp;<\/strong>olarak T\u00fcrk Patent Enstit\u00fcs\u00fc b\u00fcnyesinde \u00e7al\u0131\u015fmalar\u0131na devam etmektedir.<\/p>\n\n\n\n<h3 class=\"wp-block-heading\" id=\"aioseo-marka-ve-patent-bilirkisisi\">Marka ve Patent Bilirki\u015fisi<\/h3>\n\n\n\n<p>Avukat Sel\u00e7uk Bey, 2013 y\u0131l\u0131ndan beri \u0130stanbul Adliyesi b\u00fcnyesinde&nbsp;<strong>Marka ve Patent Bilirki\u015fisi&nbsp;<\/strong>olarak \u00e7e\u015fitli mahkemelerde ve \u0130cra Dairelerinde bilirki\u015filik g\u00f6revi yapm\u0131\u015f, dosyalar incelemi\u015f, ke\u015ffe gitmi\u015f ve bilirki\u015fi raporlar\u0131 yazm\u0131\u015ft\u0131r.<\/p>\n\n\n\n<h3 class=\"wp-block-heading\" id=\"aioseo-arabulucu\">Arabulucu<\/h3>\n\n\n\n<p><strong>Arabulucu Sel\u00e7uk Akka\u015f<\/strong>, 2014 y\u0131l\u0131nda yap\u0131lan s\u0131navlar\u0131 ge\u00e7mi\u015f, T.C. Adalet Bakanl\u0131\u011f\u0131 b\u00fcnyesindeki Arabuluculuk Daire Ba\u015fkanl\u0131\u011f\u0131\u2019na 1224 sicil numaras\u0131 ile&nbsp;Arabulucu olarak kaydolmu\u015f ve \u00f6zellikle marka ve patent ihlali, k\u00f6t\u00fc niyetli tescil ve tazminat konular\u0131nda ve di\u011fer \u00f6zel hukuk uyu\u015fmazl\u0131klar\u0131nda taraflar\u0131 arabuluculu\u011fa y\u00f6nlendirmi\u015ftir.<\/p>\n\n\n\n<h3 class=\"wp-block-heading\" id=\"aioseo-ilk-marka-avukatlarindan\">\u0130lk Marka Avukatlar\u0131ndan<\/h3>\n\n\n\n<p>Avukat Sel\u00e7uk Bey \u00fclkemizde \u00e7al\u0131\u015fma yapan ilk marka avukatlar\u0131 aras\u0131nda yer al\u0131r, kendisi bug\u00fcne kadar y\u00fczlerce marka tescili i\u015flemi yapm\u0131\u015f, yap\u0131lan itirazlara kar\u015f\u0131 hukuki i\u015flemleri tamamlam\u0131\u015f ve T\u00fcrk Patent Enstit\u00fcs\u00fc nezdinde di\u011fer idari i\u015flemleri takip etmi\u015ftir. Ayr\u0131ca Fikri ve S\u0131nai Haklar Hukuk Mahkemelerinde marka iptali, haks\u0131z rekabet ve marka tecav\u00fcz\u00fc konular\u0131nda b\u00fcro m\u00fcvekkillerinin haklar\u0131n\u0131 korumu\u015ftur<\/p>\n\n\n\n<p>Av. Sel\u00e7uk beyin a\u015fa\u011f\u0131daki konularda da m\u00fcvekkillerimize dan\u0131\u015fmanl\u0131k yapmaktad\u0131r.<\/p>\n\n\n\n<h3 class=\"wp-block-heading\" id=\"aioseo-ticaret-hukuku\">Ticaret Hukuku<\/h3>\n\n\n\n<p>Avukat Sel\u00e7uk Bey t\u00fcm ticari i\u015fletmelere <strong>\u015firketler hukuku<\/strong>&nbsp;konusunda hizmet vermektedir. Yabanc\u0131 yat\u0131r\u0131mc\u0131lar\u0131n T\u00fcrkiye&#8217;deki yat\u0131r\u0131mlar\u0131n\u0131 d\u00fczenlemek, dan\u0131\u015fmanl\u0131klar\u0131n\u0131 yapmak, bu yat\u0131r\u0131mlar \u00e7er\u00e7evesinde ortakl\u0131k anla\u015fmalar\u0131 haz\u0131rlamak ve \u015firket kurulu\u015flar\u0131nda destek vermektedir. Ayn\u0131 \u015fekilde gerekti\u011finde T\u00fcrk \u015firketlerinin herhangi bir yabanc\u0131 \u00fclkedeki yat\u0131r\u0131mlar\u0131 ile ilgili her t\u00fcrl\u00fc hukuki konuda&nbsp;dan\u0131\u015fmanl\u0131k&nbsp;yapmaktad\u0131r.<\/p>\n\n\n\n<h3 class=\"wp-block-heading\" id=\"aioseo-aile-hukuku-ve-bosanma\">Aile Hukuku ve&nbsp;Bo\u015fanma<\/h3>\n\n\n\n<p>Avukat Sel\u00e7uk Bey bo\u015fanma ve aile hukuku ilgili her t\u00fcrl\u00fc hukuki haz\u0131rl\u0131k ve \u00e7al\u0131\u015fmalar\u0131 yapmaktad\u0131r. Kendisi, anla\u015fmal\u0131 ve \u00e7eki\u015fmeli&nbsp;<strong>bo\u015fanma davas\u0131&nbsp;<\/strong>a\u00e7\u0131lmas\u0131 ve takibi ve \u00f6zellikle yabanc\u0131 m\u00fcvekkillerin T\u00fcrkiye&#8217;deki bo\u015fanma davalar\u0131nda temsil edilmesinde etkin rol oynamaktad\u0131r.&nbsp;<\/p>\n\n\n\n<h3 class=\"wp-block-heading\" id=\"aioseo-miras-hukuku\">Miras Hukuku<\/h3>\n\n\n\n<p>Avukat Sel\u00e7uk Bey miras ve aile hukuku ilgili her t\u00fcrl\u00fc hukuki haz\u0131rl\u0131k ve \u00e7al\u0131\u015fmalar\u0131 yapmaktad\u0131r. Kendisi, veraset davas\u0131 a\u00e7\u0131lmas\u0131 ve takibi, her t\u00fcrl\u00fc&nbsp;<strong>miras<\/strong>&nbsp;ve mirasta tenkis davas\u0131 a\u00e7\u0131lmas\u0131 ve takibi, vasiyetname haz\u0131rlanmas\u0131 ve iptali, veraset ve intikal ile ilgili her t\u00fcrl\u00fc i\u015flemlerin yerine getirilmesi, miras\u0131n reddedilmesi davas\u0131 a\u00e7\u0131lmas\u0131 ve takip edilmesi hizmetlerini sa\u011flamakta ve gerekli koordinasyonu yapmaktad\u0131r.<\/p>\n\n\n\n<h3 class=\"wp-block-heading\" id=\"aioseo-is-hukuku\">\u0130\u015f Hukuku<\/h3>\n\n\n\n<p>Avukat Sel\u00e7uk Bey<strong>&nbsp;i\u015f hukuku&nbsp;<\/strong>hizmet s\u00f6zle\u015fmelerinin haz\u0131rlanmas\u0131, sona erdirilmesi, sendikalar ile ilgili sorunlar\u0131n \u00e7\u00f6z\u00fcm\u00fc, toplu i\u015f s\u00f6zle\u015fmesi taslaklar\u0131n\u0131n haz\u0131rlanmas\u0131 ve m\u00fczakerelere kat\u0131l\u0131nmas\u0131 gibi konular\u0131nda her t\u00fcrl\u00fc i\u015flemlerin yerine getirilmesini sa\u011flamakta ve gerekli koordinasyonu yapmaktad\u0131r.<\/p>\n\n\n\n<h3 class=\"wp-block-heading\" id=\"aioseo-icra-ve-iflas-hukuku\">\u0130cra ve \u0130flas Hukuku<\/h3>\n\n\n\n<p>Avukat Sel\u00e7uk Bey her t\u00fcrl\u00fc&nbsp;<strong>icra hukuku&nbsp;<\/strong>davalar\u0131n\u0131n al\u0131nmas\u0131 ve takibi, alacak tahsili, \u00f6deme s\u00f6zle\u015fmelerinin haz\u0131rlanmas\u0131, haciz, rehin vb. alacak takibi i\u015flemleri, bor\u00e7lu ve alacakl\u0131 lehine toplant\u0131lara kat\u0131l\u0131nmas\u0131, iflas\u0131n ertelenmesi davalar\u0131n haz\u0131rlanmas\u0131 ve takibi konular\u0131nda her t\u00fcrl\u00fc i\u015flemlerin yerine getirilmesini sa\u011flamakta ve gerekli koordinasyonu yapmaktad\u0131r.<\/p>\n\n\n\n<h2 class=\"wp-block-heading\" id=\"aioseo-egitim\">E\u011fitim<\/h2>\n\n\n\n<ul class=\"wp-block-list\">\n<li><strong>\u0130stanbul \u00dcniversitesi <\/strong><br>Hukuk Fak\u00fcltesi, \u0130stanbul- 1986<\/li>\n\n\n\n<li><strong>Lone Star College<\/strong> <br>Houston, TX, ABD &#8211; 2005 <br><em>Dekan Listesi, Onur Listesi<\/em><\/li>\n\n\n\n<li><strong>Houston Community College <\/strong><br>Houston, TX, ABD ESOL &#8211; 2000 <br><em>Dekan Listesi, Onur Listesi <\/em><\/li>\n<\/ul>\n\n\n\n<h2 class=\"wp-block-heading\" id=\"aioseo-baro-uyeligi\">Baro \u00dcyeli\u011fi<\/h2>\n\n\n\n<ul class=\"wp-block-list\">\n<li>\u0130stanbul Barosu, 1992<\/li>\n<\/ul>\n\n\n\n<h2 class=\"wp-block-heading\" id=\"aioseo-uyelikler\">\u00dcyelikler<\/h2>\n\n\n\n<ul class=\"wp-block-list\">\n<li>International Bar Association, 2005<\/li>\n\n\n\n<li>American Bar International Law Associates, 2005<\/li>\n\n\n\n<li>T\u00fcrk Patent ve Marka Kurumu, 1996<\/li>\n\n\n\n<li>Corporate Tax Alliance, 2013<\/li>\n<\/ul>\n\n\n\n<h2 class=\"wp-block-heading\" id=\"aioseo-muvekkil-yorumu\">M\u00fcvekkil Yorumu<\/h2>\n\n\n\n<p>\u201c<em>\u0130lk kez bir avukatla \u00e7al\u0131\u015fma gere\u011fi duydum, bir k\u0131yas se\u00e7ene\u011fim yok ancak \u015fimdiye kadar ki ilgiden ve beceriden gayet memnunum. Sel\u00e7uk Bey\u2019le ilgili olarak ilk andan beri hissetti\u011fim en temel duygu g\u00fcven. Avukatl\u0131k mesle\u011finde de en \u00f6nemli de\u011ferin de bu oldu\u011fu inanc\u0131nday\u0131m<\/em>.\u201d<br><br>Ceren Atasoy<br>M\u00dcVEKK\u0130L<\/p>\n","protected":false},"excerpt":{"rendered":"<p>1992 y\u0131l\u0131nda \u0130stanbul Barosu&#8216;na kay\u0131t olan&nbsp;arabulucu avukat Sel\u00e7uk Akka\u015f, ba\u015fta&nbsp;yat\u0131r\u0131mla T\u00fcrk vatanda\u015fl\u0131\u011f\u0131 olmak \u00fczere yabanc\u0131lar hukuku, \u015firket kurulu\u015fu, yabanc\u0131 sermaye dan\u0131\u015fmanl\u0131\u011f\u0131 , ticaret hukuku, \u015firketler hukuku olmak \u00fczere avukatl\u0131kta 32. y\u0131l\u0131n\u0131 tamamlam\u0131\u015f olman\u0131n hakl\u0131 gururu ile m\u00fcvekkillerimize avukatl\u0131k, arabuluculuk ve dan\u0131\u015fmanl\u0131k hizmetleri vermektedir. Avukat Sel\u00e7uk bey ayr\u0131ca miras hukuku, gayrimenkul hukuku, bo\u015fanma davalar\u0131,&nbsp;marka ve patent [&hellip;]<\/p>\n","protected":false},"author":1,"featured_media":0,"parent":0,"menu_order":0,"comment_status":"closed","ping_status":"closed","template":"","meta":{"footnotes":""},"class_list":["post-24666","page","type-page","status-publish","hentry"],"blocksy_meta":[],"aioseo_notices":[],"_links":{"self":[{"href":"https:\/\/turkeylegal.com.tr\/tr\/wp-json\/wp\/v2\/pages\/24666","targetHints":{"allow":["GET"]}}],"collection":[{"href":"https:\/\/turkeylegal.com.tr\/tr\/wp-json\/wp\/v2\/pages"}],"about":[{"href":"https:\/\/turkeylegal.com.tr\/tr\/wp-json\/wp\/v2\/types\/page"}],"author":[{"embeddable":true,"href":"https:\/\/turkeylegal.com.tr\/tr\/wp-json\/wp\/v2\/users\/1"}],"replies":[{"embeddable":true,"href":"https:\/\/turkeylegal.com.tr\/tr\/wp-json\/wp\/v2\/comments?post=24666"}],"version-history":[{"count":0,"href":"https:\/\/turkeylegal.com.tr\/tr\/wp-json\/wp\/v2\/pages\/24666\/revisions"}],"wp:attachment":[{"href":"https:\/\/turkeylegal.com.tr\/tr\/wp-json\/wp\/v2\/media?parent=24666"}],"curies":[{"name":"wp","href":"https:\/\/api.w.org\/{rel}","templated":true}]}}