{"id":26331,"date":"2024-06-11T16:15:30","date_gmt":"2024-06-11T13:15:30","guid":{"rendered":"https:\/\/turkeylegal.com.tr\/tr\/?page_id=26331"},"modified":"2024-06-11T16:15:30","modified_gmt":"2024-06-11T13:15:30","slug":"maltepe-avukati","status":"publish","type":"page","link":"https:\/\/turkeylegal.com.tr\/tr\/maltepe-avukati\/","title":{"rendered":"Maltepe Avukat\u0131"},"content":{"rendered":"\n<p>Maltepe avukatlar\u0131, geni\u015f bir yelpazede hukuki hizmetler sunan ve \u00e7e\u015fitli hukuk alanlar\u0131nda tecr\u00fcbe kazanm\u0131\u015f profesyonellerdir. \u0130stanbul <strong>Maltepe avukat\u0131<\/strong> olarak, hem bireysel hem de kurumsal m\u00fcvekkillere y\u00f6nelik hizmetler sunmakta ve hukuki sorunlar\u0131n\u0131 \u00e7\u00f6zmekteyiz.<\/p>\n\n\n\n<p class=\"has-medium-font-size\"><strong>Konu Ba\u015fl\u0131klar\u0131<\/strong><\/p>\n\n\n<div class=\"wp-block-aioseo-table-of-contents\"><ul><li><a class=\"aioseo-toc-item\" href=\"#aioseo-maltepe-avukati-ne\">Maltepe Avukat\u0131 Ne Yapar?<\/a><ul><li><a class=\"aioseo-toc-item\" href=\"#aioseo-aile-hukuku-bosanma\">Maltepe Aile Hukuku &amp; Bo\u015fanma Avukat\u0131<\/a><\/li><\/ul><\/li><li><a class=\"aioseo-toc-item\" href=\"#aioseo-bosanma-sebepleri\">Bo\u015fanma Sebepleri Nelerdir?<\/a><ul><li><a class=\"aioseo-toc-item\" href=\"#aioseo-calisma-ve-oturma-izni\">Maltepe \u00c7al\u0131\u015fma ve Oturma \u0130zni Avukat\u0131<\/a><\/li><li><a class=\"aioseo-toc-item\" href=\"#aioseo-ceza-hukuku\">Maltepe Ceza Hukuku Avukat\u0131<\/a><\/li><li><a class=\"aioseo-toc-item\" href=\"#aioseo-gayrimenkul-hukuku\">Maltepe Gayrimenkul Hukuku Avukat\u0131<\/a><\/li><li><a class=\"aioseo-toc-item\" href=\"#aioseo-gocmenlik-avukati\">Maltepe G\u00f6\u00e7menlik Avukat\u0131<\/a><\/li><li><a class=\"aioseo-toc-item\" href=\"#aioseo-icra-hukuku\">Maltepe \u0130cra Hukuku Avukat\u0131<\/a><\/li><li><a class=\"aioseo-toc-item\" href=\"#aioseo-is-hukuku\">Maltepe \u0130\u015f Hukuku Avukat\u0131<\/a><\/li><\/ul><\/li><li><a class=\"aioseo-toc-item\" href=\"#aioseo-is-hukuku-ne-tur-islere-bakar\">\u0130\u015f Hukuku Avukat\u0131 Ne T\u00fcr \u0130\u015flere Bakar?<\/a><\/li><li><a class=\"aioseo-toc-item\" href=\"#aioseo-is-hukuku-avukati-hizmetleri-nelerdir\">\u0130\u015f Hukuku Avukat\u0131 Hizmetleri Nelerdir?<\/a><ul><li><a class=\"aioseo-toc-item\" href=\"#aioseo-kira-hukuku\">Maltepe Kira Hukuku Avukat\u0131<\/a><\/li><li><a class=\"aioseo-toc-item\" href=\"#aioseo-miras-hukuku\">Maltepe Miras Hukuku Avukat\u0131<\/a><\/li><li><a class=\"aioseo-toc-item\" href=\"#aioseo-sirketler-hukuku\">Maltepe \u015eirketler Hukuku Avukat\u0131<\/a><\/li><li><a class=\"aioseo-toc-item\" href=\"#aioseo-sozlesme-hukuku\">Maltepe S\u00f6zle\u015fme Hukuku Avukat\u0131<\/a><\/li><li><a class=\"aioseo-toc-item\" href=\"#aioseo-tuketici-hukuku\">Maltepe T\u00fcketici Hukuku Avukat\u0131<\/a><\/li><li><a class=\"aioseo-toc-item\" href=\"#aioseo-vergi-hukuku\">Maltepe Vergi Hukuku Avukat\u0131<\/a><\/li><\/ul><\/li><li><a class=\"aioseo-toc-item\" href=\"#aioseo-istanbul-vergi-hukuku-avukatiyiz\">Maltepe Avukat\u0131 i\u00e7in Bize Ula\u015f\u0131n<\/a><\/li><\/ul><\/div>\n\n\n<h2 class=\"wp-block-heading\" id=\"aioseo-maltepe-avukati-ne\">Maltepe Avukat\u0131 Ne Yapar?<\/h2>\n\n\n\n<p>Aile hukuku ve bo\u015fanma davalar\u0131nda m\u00fcvekkillerimize duygusal ve hukuki destek sa\u011flarken, i\u015f hukuku ve ceza hukuku konular\u0131nda profesyonel ve etkin bir savunma hizmeti sunmaktay\u0131z. Gayrimenkul ve kira hukuku alanlar\u0131nda m\u00fcvekkillerimizin m\u00fclkiyet haklar\u0131n\u0131 korurken, sa\u011fl\u0131k hukuku ve malpraktis davalar\u0131nda hasta haklar\u0131n\u0131 savunmaktay\u0131z. <\/p>\n\n\n\n<figure class=\"wp-block-image size-large\"><img loading=\"lazy\" decoding=\"async\" width=\"1024\" height=\"576\" src=\"https:\/\/turkeylegal.com.tr\/tr\/wp-content\/uploads\/2024\/06\/Galata-Kulesi-1024x576.jpg\" alt=\"Maltepe Avukat\u0131\" class=\"wp-image-26231\" srcset=\"https:\/\/turkeylegal.com.tr\/tr\/wp-content\/uploads\/2024\/06\/Galata-Kulesi-1024x576.jpg 1024w, https:\/\/turkeylegal.com.tr\/tr\/wp-content\/uploads\/2024\/06\/Galata-Kulesi-300x169.jpg 300w, https:\/\/turkeylegal.com.tr\/tr\/wp-content\/uploads\/2024\/06\/Galata-Kulesi-768x432.jpg 768w, https:\/\/turkeylegal.com.tr\/tr\/wp-content\/uploads\/2024\/06\/Galata-Kulesi.jpg 1280w\" sizes=\"auto, (max-width: 1024px) 100vw, 1024px\" \/><\/figure>\n\n\n\n<p>\u015eirketler hukuku, fikri m\u00fclkiyet hukuku ve s\u00f6zle\u015fme hukuku konular\u0131nda ticari i\u015fletmelere kapsaml\u0131 dan\u0131\u015fmanl\u0131k hizmetleri sa\u011flamakta, t\u00fcketici ve sigorta hukuku alanlar\u0131nda ise bireylerin haklar\u0131n\u0131 korumaktay\u0131z. <\/p>\n\n\n\n<p>Akka\u015f Hukuku B\u00fcrosu olarak, \u0130stanbul&#8217;da hukuki sorunlar\u0131n\u0131za profesyonel \u00e7\u00f6z\u00fcmler sunmak i\u00e7in yan\u0131n\u0131zday\u0131z. \u0130\u015fte Maltepe avukat\u0131 olarak sundu\u011fumuz baz\u0131 hizmetler:<\/p>\n\n\n\n<h3 class=\"wp-block-heading\" id=\"aioseo-aile-hukuku-bosanma\">Maltepe Aile Hukuku &amp; Bo\u015fanma Avukat\u0131<\/h3>\n\n\n\n<p>Maltepe avukat\u0131 olarak, aile hukuku, evlilik, bo\u015fanma, velayet, nafaka gibi aile i\u00e7i ili\u015fkileri d\u00fczenleyen bir hukuk dal\u0131d\u0131r. Bo\u015fanma davalar\u0131, velayet anla\u015fmazl\u0131klar\u0131 ve mal payla\u015f\u0131m\u0131 konular\u0131nda uzman ekibimizle m\u00fcvekkillerimize destek olmaktay\u0131z.<\/p>\n\n\n\n<h2 class=\"wp-block-heading\" id=\"aioseo-bosanma-sebepleri\">Bo\u015fanma Sebepleri Nelerdir?<\/h2>\n\n\n\n<figure class=\"wp-block-image\"><img loading=\"lazy\" decoding=\"async\" width=\"1000\" height=\"534\" src=\"https:\/\/turkeylegal.com.tr\/tr\/wp-content\/uploads\/2024\/05\/bosanma-sebepleri.jpg\" alt=\"bo\u015fanma sebepleri\" class=\"wp-image-23356\" srcset=\"https:\/\/turkeylegal.com.tr\/tr\/wp-content\/uploads\/2024\/05\/bosanma-sebepleri.jpg 1000w, https:\/\/turkeylegal.com.tr\/tr\/wp-content\/uploads\/2024\/05\/bosanma-sebepleri-300x160.jpg 300w, https:\/\/turkeylegal.com.tr\/tr\/wp-content\/uploads\/2024\/05\/bosanma-sebepleri-768x410.jpg 768w\" sizes=\"auto, (max-width: 1000px) 100vw, 1000px\" \/><\/figure>\n\n\n\n<p><strong>Bo\u015fanma sebepleri<\/strong> \u00f6zel ve genel sebepler olmak \u00fczere ikiye ayr\u0131lmaktad\u0131r. <strong><a href=\"https:\/\/www.tbmm.gov.tr\/kanunlar\/k4721.html\">T\u00fcrk Medeni Kanunu<\/a>\u2019nda<\/strong> bo\u015fanma sebepleri 161-166\u2019nc\u0131 maddeleri aras\u0131nda d\u00fczenlenmi\u015ftir. <strong><a href=\"https:\/\/www.yargitay.gov.tr\/?lang=tr\">Yarg\u0131tay<\/a><\/strong> kararlar\u0131nda da g\u00f6r\u00fclece\u011fi \u00fczere; \u00f6zel bo\u015fanma sebepleri olarak <strong><a href=\"https:\/\/turkeylegal.com.tr\/tr\/zina-nedeniyle-bosanma-avukati\">zina<\/a><\/strong>, hayata kast, pek k\u00f6t\u00fc veya onur k\u0131r\u0131c\u0131 davran\u0131\u015f, su\u00e7 i\u015fleme ve haysiyetsiz hayat s\u00fcrme, <strong><a href=\"https:\/\/turkeylegal.com.tr\/tr\/terk-nedeniyle-bosanma-davasi\">terk<\/a><\/strong>, ak\u0131l hastal\u0131\u011f\u0131 say\u0131lm\u0131\u015ft\u0131r.<\/p>\n\n\n\n<p>Genel bo\u015fanma sebepleri olarak ise; evlilik birli\u011finin sars\u0131lmas\u0131 <strong>\u015fiddetli ge\u00e7imsizlik sebebiyle bo\u015fanma<\/strong> e\u015flerin anla\u015farak bo\u015fanmalar\u0131; <strong><a href=\"https:\/\/turkeylegal.com.tr\/tr\/anlasmali-bosanma-avukati\">anla\u015fmal\u0131 bo\u015fanma davas\u0131<\/a><\/strong>, bir bo\u015fanma reddinden sonra e\u015flerin \u00fc\u00e7 y\u0131l bir araya gelmemeleri olan <strong>fiili ayr\u0131l\u0131k<\/strong> say\u0131lmaktad\u0131r.<\/p>\n\n\n\n<h3 class=\"wp-block-heading\" id=\"aioseo-calisma-ve-oturma-izni\">Maltepe \u00c7al\u0131\u015fma ve Oturma \u0130zni Avukat\u0131<\/h3>\n\n\n\n<p>Maltepe avukat\u0131 olarak, yabanc\u0131 uyruklu bireylerin T\u00fcrkiye&#8217;de \u00e7al\u0131\u015fma ve oturma izinleri ile ilgili t\u00fcm hukuki i\u015flemleri y\u00fcr\u00fctmekteyiz. Vize ba\u015fvurular\u0131, \u00e7al\u0131\u015fma izni ve oturma izni ba\u015fvurular\u0131nda dan\u0131\u015fmanl\u0131k hizmeti sunmaktay\u0131z.<\/p>\n\n\n\n<h3 class=\"wp-block-heading\" id=\"aioseo-ceza-hukuku\">Maltepe Ceza Hukuku Avukat\u0131<\/h3>\n\n\n\n<p>Maltepe avukat\u0131 olarak, ceza hukuku alan\u0131nda, su\u00e7 isnat edilen bireylerin savunulmas\u0131 ve ma\u011fdur olan ki\u015filerin haklar\u0131n\u0131n korunmas\u0131 konusunda deneyimliyiz. Su\u00e7 duyurular\u0131, savunma ve temyiz ba\u015fvurular\u0131 gibi konularda m\u00fcvekkillerimize kapsaml\u0131 hukuki destek sa\u011flamaktay\u0131z.<\/p>\n\n\n\n<p>Ceza hukuku, bireylerin temel haklar\u0131n\u0131, \u00f6zg\u00fcrl\u00fcklerini ve itibarlar\u0131n\u0131 do\u011frudan etkileyen ciddi sonu\u00e7lar\u0131 olan bir hukuk alan\u0131d\u0131r. <strong>Maltepe ceza avukat\u0131 <\/strong>ekibimiz <strong> ceza hukuku davalar\u0131 <\/strong>konusunda edindikleri deneyim ve bilgiler \u00e7er\u00e7evesinde, m\u00fcvekkillerimize en etkili sonucu sa\u011flamak i\u00e7in avukatl\u0131k ve dan\u0131\u015fmanl\u0131k hizmeti vermektedirler.<\/p>\n\n\n\n<figure class=\"wp-block-image size-large\"><img loading=\"lazy\" decoding=\"async\" width=\"1024\" height=\"683\" src=\"https:\/\/turkeylegal.com.tr\/tr\/wp-content\/uploads\/2024\/06\/Ceza-Hukuku-Avukatlari-1024x683.jpg\" alt=\"Ceza Hukuku Avukatlar\u0131\" class=\"wp-image-23825\" srcset=\"https:\/\/turkeylegal.com.tr\/tr\/wp-content\/uploads\/2024\/06\/Ceza-Hukuku-Avukatlari-1024x683.jpg 1024w, https:\/\/turkeylegal.com.tr\/tr\/wp-content\/uploads\/2024\/06\/Ceza-Hukuku-Avukatlari-300x200.jpg 300w, https:\/\/turkeylegal.com.tr\/tr\/wp-content\/uploads\/2024\/06\/Ceza-Hukuku-Avukatlari-768x512.jpg 768w, https:\/\/turkeylegal.com.tr\/tr\/wp-content\/uploads\/2024\/06\/Ceza-Hukuku-Avukatlari.jpg 1199w\" sizes=\"auto, (max-width: 1024px) 100vw, 1024px\" \/><\/figure>\n\n\n\n<h3 class=\"wp-block-heading\" id=\"aioseo-gayrimenkul-hukuku\">Maltepe Gayrimenkul Hukuku Avukat\u0131<\/h3>\n\n\n\n<p>Maltepe gayrimenkul avukat\u0131, ta\u015f\u0131nmaz mallarla ilgili hukuki i\u015flemler, anla\u015fmazl\u0131klar ve davalarda uzmanla\u015fm\u0131\u015f avukatlard\u0131r. Gayrimenkul hukuku; arsa, ev, i\u015fyeri, bina gibi ta\u015f\u0131nmazlar\u0131n al\u0131m-sat\u0131m, kiralama, miras, imar ve in\u015faat s\u00fcre\u00e7leriyle ilgili hukuki d\u00fczenlemeleri kapsar. Maltepe gayrimenkul avukatlar\u0131, bu alanda kar\u015f\u0131la\u015f\u0131lan hukuki sorunlar\u0131n \u00e7\u00f6z\u00fcm\u00fcnde m\u00fcvekkillerine yol g\u00f6sterir ve onlar\u0131n haklar\u0131n\u0131 korur.<\/p>\n\n\n\n<p>Akka\u015f Hukuk B\u00fcrosu m\u00fcvekkillerinin kat kar\u015f\u0131l\u0131\u011f\u0131 in\u015faat s\u00f6zle\u015fmeleri haz\u0131rlanmas\u0131, <strong><a href=\"..\/tapu-iptal-ve-tescil-davasi-avukati\">tapu iptal ve tescil davalar\u0131<\/a><\/strong> a\u00e7\u0131lmas\u0131 ve takibi, ipotek tesisi, ipote\u011fin paraya \u00e7evrilmesi konular\u0131n\u0131n takibini yapmaktad\u0131r.<\/p>\n\n\n\n<figure class=\"wp-block-image\"><img loading=\"lazy\" decoding=\"async\" width=\"1024\" height=\"683\" src=\"https:\/\/turkeylegal.com.tr\/tr\/wp-content\/uploads\/2024\/06\/Gayrimenkul-Avukati-Istanbul-1024x683.jpg\" alt=\"Maltepe Gayrimenkul Avukat\u0131 \u0130stanbul\" class=\"wp-image-24531\" srcset=\"https:\/\/turkeylegal.com.tr\/tr\/wp-content\/uploads\/2024\/06\/Gayrimenkul-Avukati-Istanbul-1024x683.jpg 1024w, https:\/\/turkeylegal.com.tr\/tr\/wp-content\/uploads\/2024\/06\/Gayrimenkul-Avukati-Istanbul-300x200.jpg 300w, https:\/\/turkeylegal.com.tr\/tr\/wp-content\/uploads\/2024\/06\/Gayrimenkul-Avukati-Istanbul-768x512.jpg 768w, https:\/\/turkeylegal.com.tr\/tr\/wp-content\/uploads\/2024\/06\/Gayrimenkul-Avukati-Istanbul.jpg 1200w\" sizes=\"auto, (max-width: 1024px) 100vw, 1024px\" \/><\/figure>\n\n\n\n<h3 class=\"wp-block-heading\" id=\"aioseo-gocmenlik-avukati\">Maltepe G\u00f6\u00e7menlik Avukat\u0131<\/h3>\n\n\n\n<p>Maltepe avukat\u0131 olarak, yabanc\u0131 uyruklu bireylerin T\u00fcrkiye&#8217;deki g\u00f6\u00e7menlik i\u015flemleri, ikamet izinleri ve vatanda\u015fl\u0131k ba\u015fvurular\u0131 konusunda uzman ekibimizle hukuki dan\u0131\u015fmanl\u0131k hizmeti sunmaktay\u0131z.<\/p>\n\n\n\n<h3 class=\"wp-block-heading\" id=\"aioseo-icra-hukuku\">Maltepe \u0130cra Hukuku Avukat\u0131<\/h3>\n\n\n\n<p>Maltepe avukat\u0131 olarak, alacaklar\u0131n tahsili, icra takibi ve haciz i\u015flemleri gibi icra hukuku alan\u0131nda m\u00fcvekkillerimize etkin \u00e7\u00f6z\u00fcmler sunmaktay\u0131z. Bor\u00e7lu ve alacakl\u0131 aras\u0131ndaki hukuki s\u00fcre\u00e7lerin y\u00f6netimini sa\u011flamaktay\u0131z.<\/p>\n\n\n\n<h3 class=\"wp-block-heading\" id=\"aioseo-is-hukuku\">Maltepe \u0130\u015f Hukuku Avukat\u0131<\/h3>\n\n\n\n<p>Maltepe avukat\u0131 olarak, i\u015f\u00e7i ve i\u015fveren aras\u0131ndaki ili\u015fkilerin d\u00fczenlenmesi, i\u015f\u00e7i haklar\u0131, i\u015f s\u00f6zle\u015fmeleri ve i\u015ften \u00e7\u0131karmalar konular\u0131nda hukuki dan\u0131\u015fmanl\u0131k hizmeti sunmaktay\u0131z. \u0130\u015f davalar\u0131nda m\u00fcvekkillerimizi temsil etmekteyiz.<\/p>\n\n\n\n<h2 class=\"wp-block-heading\" id=\"aioseo-is-hukuku-ne-tur-islere-bakar\">\u0130\u015f Hukuku Avukat\u0131 Ne T\u00fcr \u0130\u015flere Bakar?<\/h2>\n\n\n\n<p>\u0130\u015f hukuku avukat\u0131, i\u015fverenler ve \u00e7al\u0131\u015fanlar aras\u0131ndaki t\u00fcm ili\u015fkileri kapsayan alanlarda faaliyet g\u00f6sterir. Bunlar aras\u0131nda i\u015f s\u00f6zle\u015fmeleri, i\u015f\u00e7i haklar\u0131, i\u015f g\u00fcvenli\u011fi, i\u015f\u00e7i sa\u011fl\u0131\u011f\u0131, i\u015ften \u00e7\u0131karmalar, \u00fccretler ve sosyal haklar gibi konular yer al\u0131r. \u0130\u015f hukuku, i\u015fverenlerin \u00e7al\u0131\u015fanlara kar\u015f\u0131 sorumluluklar\u0131n\u0131 ve \u00e7al\u0131\u015fanlar\u0131n haklar\u0131n\u0131 belirler.<\/p>\n\n\n\n<figure class=\"wp-block-embed is-type-video is-provider-youtube wp-block-embed-youtube wp-embed-aspect-16-9 wp-has-aspect-ratio\"><div class=\"wp-block-embed__wrapper\">\n<iframe loading=\"lazy\" title=\"\u0130\u015f Hukuku Avukat\u0131 Faaliyet Alanlar\u0131\" width=\"1290\" height=\"726\" src=\"https:\/\/www.youtube.com\/embed\/_W2X3YJPwd0?feature=oembed\" frameborder=\"0\" allow=\"accelerometer; autoplay; clipboard-write; encrypted-media; gyroscope; picture-in-picture; web-share\" referrerpolicy=\"strict-origin-when-cross-origin\" allowfullscreen><\/iframe>\n<\/div><\/figure>\n\n\n\n<h2 class=\"wp-block-heading\" id=\"aioseo-is-hukuku-avukati-hizmetleri-nelerdir\">\u0130\u015f Hukuku Avukat\u0131 Hizmetleri Nelerdir?<\/h2>\n\n\n\n<p>\u0130\u015f hukuku avukat\u0131, i\u015fverenler ve \u00e7al\u0131\u015fanlar aras\u0131ndaki hukuki konularla ilgilenir. Bu avukatlar, i\u015f s\u00f6zle\u015fmelerinin haz\u0131rlanmas\u0131, yorumlanmas\u0131 ve uygulanmas\u0131 konular\u0131nda dan\u0131\u015fmanl\u0131k yaparlar. Ayr\u0131ca, i\u015f\u00e7i haklar\u0131n\u0131n korunmas\u0131, i\u015ften \u00e7\u0131karmalara ili\u015fkin uyu\u015fmazl\u0131klar\u0131n \u00e7\u00f6z\u00fcm\u00fc ve i\u015f kazalar\u0131 gibi konularda da hukuki destek sunarlar.<\/p>\n\n\n\n<p>\u0130\u015f hukuku avukat\u0131, i\u015fverenlerin ve \u00e7al\u0131\u015fanlar\u0131n haklar\u0131n\u0131 korumak i\u00e7in yasal s\u00fcre\u00e7leri y\u00f6netir ve mahkemelerde temsil eder. Ayr\u0131ca, i\u015f hukukuyla ilgili mevzuat\u0131 takip ederek m\u00fcvekkillerine en g\u00fcncel bilgileri sa\u011flarlar.<\/p>\n\n\n\n<h3 class=\"wp-block-heading\" id=\"aioseo-kira-hukuku\">Maltepe Kira Hukuku Avukat\u0131<\/h3>\n\n\n\n<p>Maltepe avukat\u0131 olarak, kira s\u00f6zle\u015fmeleri, kira art\u0131\u015f\u0131, tahliye davalar\u0131 ve kirac\u0131-ev sahibi ili\u015fkileri konular\u0131nda uzmanla\u015fm\u0131\u015f ekibimizle hukuki dan\u0131\u015fmanl\u0131k hizmeti vermekteyiz.<\/p>\n\n\n\n<p>\u00dclkemizde 1 Temmuz 2012 tarihinde y\u00fcr\u00fcrl\u00fc\u011fe giren&nbsp;<strong><a href=\"http:\/\/www.resmigazete.gov.tr\/eskiler\/2011\/02\/20110204-1.htm\">6098 T\u00fcrk Bor\u00e7lar Kanunu<\/a><\/strong>,&nbsp;<strong><a href=\"http:\/\/www.mevzuat.gov.tr\/MevzuatMetin\/5.3.6570.pdf\">6570 Say\u0131l\u0131 Gayrimenkul Kiralar\u0131 Hakk\u0131nda Kanun<\/a><\/strong>u y\u00fcr\u00fcrl\u00fckten kald\u0131rm\u0131\u015ft\u0131r. Bunun sonucunda da&nbsp;1 Temmuz 2012 tarihinden \u00f6nceki kira s\u00f6zle\u015fmeleri fiil ve i\u015flemlerine eski kanun, bu tarihten sonraki fiil ve i\u015flemlere ise 6098 Say\u0131l\u0131 kanun uygulanmaktad\u0131r. <\/p>\n\n\n\n<figure class=\"wp-block-embed is-type-video is-provider-youtube wp-block-embed-youtube wp-embed-aspect-16-9 wp-has-aspect-ratio\"><div class=\"wp-block-embed__wrapper\">\n<iframe loading=\"lazy\" title=\"Kira Hukuku Avukat\u0131 G\u00f6revleri ve \u0130lgilendi\u011fi Konular\" width=\"1290\" height=\"726\" src=\"https:\/\/www.youtube.com\/embed\/zbUjipdfP98?feature=oembed\" frameborder=\"0\" allow=\"accelerometer; autoplay; clipboard-write; encrypted-media; gyroscope; picture-in-picture; web-share\" referrerpolicy=\"strict-origin-when-cross-origin\" allowfullscreen><\/iframe>\n<\/div><\/figure>\n\n\n\n<h3 class=\"wp-block-heading\" id=\"aioseo-miras-hukuku\">Maltepe Miras Hukuku Avukat\u0131<\/h3>\n\n\n\n<p>Maltepe avukat\u0131 olarak, miras hukuku alan\u0131nda, vasiyetname d\u00fczenleme, miras payla\u015f\u0131m\u0131 ve miras davalar\u0131 konular\u0131nda hukuki destek sunmaktay\u0131z. Miras\u00e7\u0131lar aras\u0131ndaki anla\u015fmazl\u0131klar\u0131n \u00e7\u00f6z\u00fcm\u00fcnde m\u00fcvekkillerimize yard\u0131mc\u0131 olmaktay\u0131z.<\/p>\n\n\n\n<h3 class=\"wp-block-heading\" id=\"aioseo-sirketler-hukuku\">Maltepe \u015eirketler Hukuku Avukat\u0131<\/h3>\n\n\n\n<p>Maltepe avukat\u0131 olarak, \u015firket kurulu\u015fu, birle\u015fme ve devralma i\u015flemleri, ticari s\u00f6zle\u015fmeler ve \u015firket i\u00e7i anla\u015fmazl\u0131klar konular\u0131nda uzmanla\u015fm\u0131\u015f ekibimizle \u015firketlere y\u00f6nelik hukuki hizmetler sunmaktay\u0131z.<\/p>\n\n\n\n<h3 class=\"wp-block-heading\" id=\"aioseo-sozlesme-hukuku\">Maltepe S\u00f6zle\u015fme Hukuku Avukat\u0131<\/h3>\n\n\n\n<p>Maltepe avukat\u0131 olarak, ticari ve bireysel s\u00f6zle\u015fmelerin haz\u0131rlanmas\u0131, incelenmesi ve m\u00fczakeresi konular\u0131nda hukuki destek sa\u011flamaktay\u0131z. S\u00f6zle\u015fme ihlallerine kar\u015f\u0131 m\u00fcvekkillerimizin haklar\u0131n\u0131 korumaktay\u0131z.<\/p>\n\n\n\n<h3 class=\"wp-block-heading\" id=\"aioseo-tuketici-hukuku\">Maltepe T\u00fcketici Hukuku Avukat\u0131<\/h3>\n\n\n\n<p>Maltepe avukat\u0131 olarak, t\u00fcketici haklar\u0131, t\u00fcketici s\u00f6zle\u015fmeleri ve t\u00fcketici \u015fikayetleri konular\u0131nda hukuki dan\u0131\u015fmanl\u0131k hizmeti sunmaktay\u0131z. T\u00fcketici davalar\u0131nda m\u00fcvekkillerimizi temsil etmekteyiz.<\/p>\n\n\n\n<h3 class=\"wp-block-heading\" id=\"aioseo-vergi-hukuku\">Maltepe Vergi Hukuku Avukat\u0131<\/h3>\n\n\n\n<p>Maltepe avukat\u0131 olarak, vergi beyannameleri, vergi incelemeleri ve vergi davalar\u0131 konular\u0131nda uzman avukatlar\u0131m\u0131zla m\u00fcvekkillerimize hukuki destek sunmaktay\u0131z. Vergi hukuku alan\u0131ndaki her t\u00fcrl\u00fc ihtilafta m\u00fcvekkillerimizi savunmaktay\u0131z.<\/p>\n\n\n\n<p>Akka\u015f Hukuk B\u00fcrosu b\u00fcnyesinde hizmet veren&nbsp;<strong>vergi avukatlar\u0131<\/strong>, gerek&nbsp;<strong><a href=\"http:\/\/www.mevzuat.gov.tr\/MevzuatMetin\/1.4.193.pdf\">Gelir Vergisi Kanunu<\/a><\/strong>,&nbsp;<strong><a href=\"http:\/\/www.mevzuat.gov.tr\/Metin1.Aspx?MevzuatKod=1.4.213&amp;sourceXmlSearch=&amp;MevzuatIliski=0&amp;Tertip=4&amp;Tur=1&amp;No=213\">Vergi Usul Kanunu<\/a><\/strong>&nbsp;ve&nbsp;<strong><a href=\"http:\/\/www.mevzuat.gov.tr\/Metin1.Aspx?MevzuatKod=1.5.5520&amp;MevzuatIliski=0&amp;sourceXmlSearch=&amp;Tur=1&amp;Tertip=5&amp;No=5520\">Kurumlar Vergisi Kanunu<\/a><\/strong>&nbsp;gerekse di\u011fer t\u00fcm vergi kanunlar\u0131na ili\u015fkin t\u00fcm i\u015flemleri ger\u00e7ekle\u015ftirmektedir.<\/p>\n\n\n\n<p>B\u00fcromuz&nbsp;<strong>vergi hukuku<\/strong>&nbsp;alan\u0131nda&nbsp;<strong>deneyimli vergi avukatlar\u0131<\/strong>yla vergi kanunlar\u0131 kapsam\u0131nda ortaya \u00e7\u0131kan su\u00e7lar bak\u0131m\u0131ndan da m\u00fcvekkillerine&nbsp;<strong>vergi hukuku avukat\u0131<\/strong>&nbsp;olarak hukuki hizmet vermektedir.<\/p>\n\n\n\n<figure class=\"wp-block-embed is-type-video is-provider-youtube wp-block-embed-youtube wp-embed-aspect-16-9 wp-has-aspect-ratio\"><div class=\"wp-block-embed__wrapper\">\n<iframe loading=\"lazy\" title=\"Avukat Sel\u00e7uk Akka\u015f ile Hukuki Hizmetlerde 32 Y\u0131l\" width=\"1290\" height=\"726\" src=\"https:\/\/www.youtube.com\/embed\/GgncuB1qNh4?feature=oembed\" frameborder=\"0\" allow=\"accelerometer; autoplay; clipboard-write; encrypted-media; gyroscope; picture-in-picture; web-share\" referrerpolicy=\"strict-origin-when-cross-origin\" allowfullscreen><\/iframe>\n<\/div><\/figure>\n\n\n\n<h2 class=\"wp-block-heading\" id=\"aioseo-istanbul-vergi-hukuku-avukatiyiz\">Maltepe Avukat\u0131 i\u00e7in Bize Ula\u015f\u0131n<\/h2>\n\n\n\n<p>Akka\u015f Hukuk ve Avukatl\u0131k B\u00fcrosu olarak, 1992 y\u0131l\u0131ndan bug\u00fcne Maltepe, \u0130stanbul&#8217;da avukatl\u0131k, araculuculuk ve dan\u0131\u015fmanl\u0131k hizmetleri sunmaktay\u0131z. \u0130htiyac\u0131n\u0131z olan her t\u00fcrl\u00fc hukuki dan\u0131\u015fmanl\u0131k ve temsil hizmeti i\u00e7in bizimle ileti\u015fime ge\u00e7ebilirsiniz. Tecr\u00fcbeli avukat ekibimizle, hukuki sorunlar\u0131n\u0131z\u0131 en etkin \u015fekilde \u00e7\u00f6zmek i\u00e7in buraday\u0131z.<\/p>\n\n\n\n<p>Maltepe avukat\u0131 olarak, aile hukuku, bo\u015fanma davalar\u0131, ceza hukuku, i\u015f hukuku, miras hukuku, gayrimenkul hukuku, \u015firketler hukuku, sa\u011fl\u0131k hukuku ve malpraktis, t\u00fcketici hukuku, vergi hukuku gibi bir\u00e7ok alanda m\u00fcvekkillerimize hukuki dan\u0131\u015fmanl\u0131k ve avukatl\u0131k hizmetleri sunmaktay\u0131z.<\/p>\n\n\n\n<p>Hukuki sorunlar\u0131n\u0131zda Maltepe avukatlar\u0131m\u0131zdan profesyonel destek almak i\u00e7in Akka\u015f Hukuk B\u00fcrosu ile <a href=\"https:\/\/turkeylegal.com.tr\/tr\/iletisim\/\" title=\"\">ileti\u015fime<\/a> ge\u00e7ebilirsiniz.<\/p>\n","protected":false},"excerpt":{"rendered":"<p>Maltepe avukatlar\u0131, geni\u015f bir yelpazede hukuki hizmetler sunan ve \u00e7e\u015fitli hukuk alanlar\u0131nda tecr\u00fcbe kazanm\u0131\u015f profesyonellerdir. \u0130stanbul Maltepe avukat\u0131 olarak, hem bireysel hem de kurumsal m\u00fcvekkillere y\u00f6nelik hizmetler sunmakta ve hukuki sorunlar\u0131n\u0131 \u00e7\u00f6zmekteyiz. Konu Ba\u015fl\u0131klar\u0131 Maltepe Avukat\u0131 Ne Yapar? Aile hukuku ve bo\u015fanma davalar\u0131nda m\u00fcvekkillerimize duygusal ve hukuki destek sa\u011flarken, i\u015f hukuku ve ceza hukuku konular\u0131nda [&hellip;]<\/p>\n","protected":false},"author":1,"featured_media":26320,"parent":0,"menu_order":0,"comment_status":"closed","ping_status":"closed","template":"","meta":{"footnotes":""},"class_list":["post-26331","page","type-page","status-publish","has-post-thumbnail","hentry"],"blocksy_meta":[],"aioseo_notices":[],"_links":{"self":[{"href":"https:\/\/turkeylegal.com.tr\/tr\/wp-json\/wp\/v2\/pages\/26331","targetHints":{"allow":["GET"]}}],"collection":[{"href":"https:\/\/turkeylegal.com.tr\/tr\/wp-json\/wp\/v2\/pages"}],"about":[{"href":"https:\/\/turkeylegal.com.tr\/tr\/wp-json\/wp\/v2\/types\/page"}],"author":[{"embeddable":true,"href":"https:\/\/turkeylegal.com.tr\/tr\/wp-json\/wp\/v2\/users\/1"}],"replies":[{"embeddable":true,"href":"https:\/\/turkeylegal.com.tr\/tr\/wp-json\/wp\/v2\/comments?post=26331"}],"version-history":[{"count":0,"href":"https:\/\/turkeylegal.com.tr\/tr\/wp-json\/wp\/v2\/pages\/26331\/revisions"}],"wp:featuredmedia":[{"embeddable":true,"href":"https:\/\/turkeylegal.com.tr\/tr\/wp-json\/wp\/v2\/media\/26320"}],"wp:attachment":[{"href":"https:\/\/turkeylegal.com.tr\/tr\/wp-json\/wp\/v2\/media?parent=26331"}],"curies":[{"name":"wp","href":"https:\/\/api.w.org\/{rel}","templated":true}]}}