{"id":6442,"date":"2018-08-30T00:23:21","date_gmt":"2018-08-29T21:23:21","guid":{"rendered":"https:\/\/turkeylegal.com.tr\/tr\/?page_id=6442"},"modified":"2018-08-30T00:23:21","modified_gmt":"2018-08-29T21:23:21","slug":"kadikoy-kira-hukuku-avukati","status":"publish","type":"page","link":"https:\/\/turkeylegal.com.tr\/tr\/kadikoy-kira-hukuku-avukati\/","title":{"rendered":"Kad\u0131k\u00f6y Kira Hukuku Avukat\u0131"},"content":{"rendered":"<p>Akka\u015f Hukuk ve Dan\u0131\u015fmanl\u0131k B\u00fcrosu <strong><span style=\"text-decoration: underline;\">\u0130stanbul Kad\u0131k\u00f6y kira hukuku avukat\u0131<\/span><\/strong> kadrosu kira bedellerini art\u0131rmak i\u00e7in <strong><a href=\"..\/Kira-Tespit-Davasi\">kira tespit davas\u0131<\/a><\/strong>, kiran\u0131n \u00f6denmemesi nedeniyle <strong>tahliye davas\u0131<\/strong>, <strong><a href=\"..\/Ihtiyac-Nedeniyle-Kiracinin-Tahliyesi\">ihtiya\u00e7 nedeniyle kirac\u0131n\u0131n tahliyesi<\/a><\/strong> veya i\u015f yerinin yeniden in\u015fas\u0131 nedeniyle tahliye davalar\u0131nda avukatl\u0131k yapmaktad\u0131r.<\/p>\n<p>Ayr\u0131ca i\u015f yeri ve konut <strong>kira s\u00f6zle\u015fmesi haz\u0131rlanmas\u0131<\/strong>, <strong>tahliye taahh\u00fcd\u00fc haz\u0131rlanmas\u0131<\/strong> ve <strong>ihtiya\u00e7 sebebiyle tahliye<\/strong>, kiraya verenin kiralanan konut veya i\u015f yerini tahliye ettirmesi hallerinde meydana \u00e7\u0131kan uyu\u015fmazl\u0131klarda <strong>dan\u0131\u015fmanl\u0131k, arabuluculuk ve avukatl\u0131k<\/strong> hizmeti vermekteyiz.<\/p>\n<p><strong>\u0130stanbul Kad\u0131k\u00f6y kira hukuku avukat\u0131<\/strong> ekibimiz kira hukuku ve kira davalar\u0131 konusunda <strong>1992&#8217;den bug\u00fcne<\/strong> edindikleri deneyim ve bilgiler \u00e7er\u00e7evesinde, m\u00fcvekkillerine en etkili sonucu sa\u011flamak i\u00e7in hukuki destek vermektedirler.<\/p>\n<p><img loading=\"lazy\" decoding=\"async\" class=\"alignnone wp-image-10977 size-full\" src=\"https:\/\/turkeylegal.com.tr\/tr\/wp-content\/uploads\/2020\/08\/Kira-Hukuku-Avukat\u0131-e1618840572230.jpg\" alt=\"\u0130stanbul Kad\u0131k\u00f6y Kira Hukuku Avukat\u0131\" width=\"920\" height=\"359\" \/><\/p>\n<h2>Kira Hukuku Avukat\u0131 &amp; T\u00fcrkiye\u2019de Kira Hukuku<\/h2>\n<p>\u00dclkemizde 1 Temmuz 2012 tarihinde y\u00fcr\u00fcrl\u00fc\u011fe giren <strong><a href=\"http:\/\/www.resmigazete.gov.tr\/eskiler\/2011\/02\/20110204-1.htm\">6098 T\u00fcrk Bor\u00e7lar Kanunu<\/a><\/strong>, <strong><a href=\"http:\/\/www.mevzuat.gov.tr\/MevzuatMetin\/5.3.6570.pdf\">6570 Say\u0131l\u0131 Gayrimenkul Kiralar\u0131 Hakk\u0131nda Kanun<\/a><\/strong>u y\u00fcr\u00fcrl\u00fckten kald\u0131rm\u0131\u015ft\u0131r.<\/p>\n<p>Bunun sonucunda da <span style=\"text-decoration: underline;\">1 Temmuz 2012 tarihinden \u00f6nceki kira s\u00f6zle\u015fmeleri fiil ve i\u015flemlerine eski kanun, bu tarihten sonraki fiil ve i\u015flemlere ise 6098 Say\u0131l\u0131 kanun uygulanmaktad\u0131r.<\/span><\/p>\n<p><span style=\"text-decoration: underline;\"> Ancak temerr\u00fct, s\u00f6zle\u015fmenin sona ermesi ve tahliye konular\u0131nda yeni Bor\u00e7lar Kanunu uygulama alan\u0131 bulacakt\u0131r<\/span>. Kira kontratlar\u0131n\u0131n 1 Temmuz 2012 tarihinden \u00f6nce mi sonra m\u0131 haz\u0131rland\u0131\u011f\u0131 konusu bu sebeple \u00f6nem kazanm\u0131\u015ft\u0131r.<\/p>\n<h2>Kira S\u00f6zle\u015fmeleri Hakk\u0131nda<\/h2>\n<p><img loading=\"lazy\" decoding=\"async\" class=\"alignnone wp-image-10973 size-full\" src=\"https:\/\/turkeylegal.com.tr\/tr\/wp-content\/uploads\/2020\/08\/Kira-S\u00f6zle\u015fmeleri-e1618840586986.jpg\" alt=\"Kira S\u00f6zle\u015fmeleri avukatlar\u0131\" width=\"920\" height=\"359\" \/><\/p>\n<p><strong>Kullanma ve yararlanma hakk\u0131 veren ve iki tarafl\u0131 bor\u00e7 y\u00fckleyen bir s\u00f6zle\u015fme olan kira s\u00f6zle\u015fmesi<\/strong> uygulamada \u00e7ok s\u0131k olarak kullan\u0131lmakta ve beraberinde de bir\u00e7ok hukuki sorun getirmektedir.<\/p>\n<p>Konut ve \u00e7at\u0131l\u0131 i\u015f yeri kiralar\u0131 gibi bildi\u011fimiz kiralar d\u0131\u015f\u0131nda, finansal kiralamalar, filo kiralamas\u0131, \u00fcr\u00fcn has\u0131lat kiras\u0131 gibi \u00e7ok \u00e7e\u015fitli kira s\u00f6zle\u015fmeleri bulunmaktad\u0131r.<\/p>\n<h2>Konut ve \u0130\u015fyeri Kira S\u00f6zle\u015fmelerinde Dikkat Edilmesi Gerekenler<\/h2>\n<p><strong>\u0130stanbul Kad\u0131k\u00f6y kira hukuku avukat\u0131<\/strong> ekibimiz kira s\u00f6zle\u015fmelerinin haz\u0131rlanmas\u0131nda ve revize edilmesinde gerek kirac\u0131n\u0131n ve gerekse kiraya verenin avukat\u0131 olarak hizmet vermektedir.<\/p>\n<p><strong>Kira s\u00f6zle\u015fmesi, herhangi bir \u015fekil \u015fart\u0131na ba\u011fl\u0131 olmaks\u0131z\u0131n s\u00f6zl\u00fc olarak da yaz\u0131l\u0131 olarak da yap\u0131labilmektedir<\/strong> ancak do\u011fabilecek hukuki uyu\u015fmazl\u0131klarda kira s\u00f6zle\u015fmesinin varl\u0131\u011f\u0131n\u0131n ve \u015fartlar\u0131n\u0131n ispat\u0131 a\u00e7\u0131s\u0131ndan yaz\u0131l\u0131 olarak yap\u0131lmas\u0131nda fayda vard\u0131r.<\/p>\n<p>Bununla birlikte kira s\u00f6zle\u015fmelerinin noter huzurunda imzalanmas\u0131 ve noterlik\u00e7e bu imzalar\u0131n tasdik edilmesi taraflar\u0131n daha sonra imzalar\u0131n\u0131 inkar etmesinin de \u00f6n\u00fcne ge\u00e7ecektir.<\/p>\n<p>Kirac\u0131 a\u00e7\u0131s\u0131ndan kirac\u0131l\u0131k haklar\u0131n\u0131 3. Ki\u015filere kar\u015f\u0131 garanti alt\u0131na alabilmesi a\u00e7\u0131s\u0131ndan kira s\u00f6zle\u015fmesinin tapuya \u015ferh edilmesi olduk\u00e7a faydal\u0131 olacakt\u0131r.<\/p>\n<p>Kira s\u00f6zle\u015fmesinde evin mevcut durumu, demirba\u015flar\u0131n listesi ve durumlar\u0131, mutlaka belirtilmelidir. Aidat, faturalar (elektrik, su, do\u011falgaz vb.) ve kira s\u00f6zle\u015fmesine ili\u015fkin do\u011facak masraflar\u0131n (damga vergisi vb.) kim taraf\u0131ndan \u00fcstlenece\u011fi mutlaka belirtilmelidir.<\/p>\n<p>Depozito ve yap\u0131lan bilumum di\u011fer masraflar\u0131n bedelleri mutlaka kira s\u00f6zle\u015fmesine yaz\u0131lmal\u0131d\u0131r. Kira s\u00f6zle\u015fmesinde sonraki d\u00f6nemlere uygulanacak kira art\u0131\u015f\u0131 belirlenmeli ve kay\u0131t alt\u0131na al\u0131nmal\u0131d\u0131r.<\/p>\n<p>\u00d6demelerin ne zaman ve ne \u015fekilde yap\u0131laca\u011f\u0131 ve kira bedeline ili\u015fkin bilgiler net bir \u015fekilde s\u00f6zle\u015fmede belirtilmelidir.<\/p>\n<div>\n<div>\n<div>\n<div>\n<h2>\u0130stanbul Kad\u0131k\u00f6y Kira Hukuku Avukat\u0131 Hizmetlerimiz<\/h2>\n<ul>\n<li>Tahliye davas\u0131 a\u00e7\u0131lmas\u0131 ve takibi<\/li>\n<li>Kira tespit davas\u0131 a\u00e7\u0131lmas\u0131 ve takibi<\/li>\n<li>\u0130htiya\u00e7 sebebiyle tahliye davas\u0131 a\u00e7\u0131lmas\u0131 ve takibi<\/li>\n<li>Yeniden imar sebebiyle tahliye davas\u0131 a\u00e7\u0131lmas\u0131 ve takibi<\/li>\n<li>Kira s\u00f6zle\u015fmesi haz\u0131rlanmas\u0131<\/li>\n<li>Tahliye taahh\u00fcd\u00fc haz\u0131rlanmas\u0131<\/li>\n<li>Kira alacaklar\u0131n\u0131n tahsili i\u00e7in icra takibi a\u00e7\u0131lmas\u0131 ve takibi<\/li>\n<li>Kira \u00f6denmemesi nedeniyle tahliye i\u015flemleri yap\u0131lmas\u0131<\/li>\n<\/ul>\n<h3>\u0130stanbul Kad\u0131k\u00f6y Kira Hukuku Avukat\u0131 Ekibimize Ula\u015f\u0131n<\/h3>\n<p><strong>\u0130stanbul&#8217;da<\/strong> faaliyet g\u00f6steren <strong>Akka\u015f Hukuk ve Dan\u0131\u015fmanl\u0131k B\u00fcrosu<\/strong>\u00a0<strong><span style=\"text-decoration: underline;\">\u0130stanbul Kad\u0131k\u00f6y kira hukuku avukat\u0131<\/span><\/strong> kadrosu kira bedellerini art\u0131rmak i\u00e7in <strong><a href=\"..\/Kira-Tespit-Davasi\">kira tespit davas\u0131<\/a><\/strong>, kiran\u0131n \u00f6denmemesi nedeniyle <strong>tahliye davas\u0131<\/strong>, <strong><a href=\"..\/Ihtiyac-Nedeniyle-Kiracinin-Tahliyesi\">ihtiya\u00e7 nedeniyle kirac\u0131n\u0131n tahliyesi<\/a><\/strong> veya i\u015f yerinin yeniden in\u015fas\u0131 nedeniyle tahliye davalar\u0131nda avukatl\u0131k yapmaktad\u0131r.<\/p>\n<p>Ayr\u0131ca i\u015f yeri ve konut <strong>kira s\u00f6zle\u015fmesi haz\u0131rlanmas\u0131<\/strong>, <strong>tahliye taahh\u00fcd\u00fc haz\u0131rlanmas\u0131<\/strong> ve <strong>ihtiya\u00e7 sebebiyle tahliye<\/strong>, kiraya verenin kiralanan konut veya i\u015f yerini tahliye ettirmesi hallerinde meydana \u00e7\u0131kan uyu\u015fmazl\u0131klarda <strong>dan\u0131\u015fmanl\u0131k, arabuluculuk ve avukatl\u0131k<\/strong> hizmeti vermekteyiz.<\/p>\n<p><strong>1992 y\u0131l\u0131nda kurulu\u015fundan bug\u00fcne <\/strong>\u00e7al\u0131\u015fmalar\u0131na devam eden <strong>Akka\u015f Hukuk B\u00fcrosu<\/strong>&#8216;na ve <strong><span style=\"text-decoration: underline;\">\u0130stanbul Kad\u0131k\u00f6y kira hukuku avukat\u0131<\/span><\/strong> i\u00e7in avukat kadromuza <strong><a href=\"..\/iletisim\">\u0130leti\u015fim<\/a><\/strong> sayfam\u0131zdan ula\u015fabilirsiniz.<\/p>\n<\/div>\n<\/div>\n<\/div>\n<\/div>\n","protected":false},"excerpt":{"rendered":"<p>Akka\u015f Hukuk ve Dan\u0131\u015fmanl\u0131k B\u00fcrosu \u0130stanbul Kad\u0131k\u00f6y kira hukuku avukat\u0131 kadrosu kira bedellerini art\u0131rmak i\u00e7in kira tespit davas\u0131, kiran\u0131n \u00f6denmemesi nedeniyle tahliye davas\u0131, ihtiya\u00e7 nedeniyle kirac\u0131n\u0131n tahliyesi veya i\u015f yerinin yeniden in\u015fas\u0131 nedeniyle tahliye davalar\u0131nda avukatl\u0131k yapmaktad\u0131r. Ayr\u0131ca i\u015f yeri ve konut kira s\u00f6zle\u015fmesi haz\u0131rlanmas\u0131, tahliye taahh\u00fcd\u00fc haz\u0131rlanmas\u0131 ve ihtiya\u00e7 sebebiyle tahliye, kiraya verenin kiralanan [&hellip;]<\/p>\n","protected":false},"author":1,"featured_media":0,"parent":0,"menu_order":0,"comment_status":"closed","ping_status":"closed","template":"","meta":{"footnotes":""},"class_list":["post-6442","page","type-page","status-publish","hentry"],"blocksy_meta":{"styles_descriptor":{"styles":{"desktop":"","tablet":"","mobile":""},"google_fonts":[],"version":6}},"aioseo_notices":[],"_links":{"self":[{"href":"https:\/\/turkeylegal.com.tr\/tr\/wp-json\/wp\/v2\/pages\/6442","targetHints":{"allow":["GET"]}}],"collection":[{"href":"https:\/\/turkeylegal.com.tr\/tr\/wp-json\/wp\/v2\/pages"}],"about":[{"href":"https:\/\/turkeylegal.com.tr\/tr\/wp-json\/wp\/v2\/types\/page"}],"author":[{"embeddable":true,"href":"https:\/\/turkeylegal.com.tr\/tr\/wp-json\/wp\/v2\/users\/1"}],"replies":[{"embeddable":true,"href":"https:\/\/turkeylegal.com.tr\/tr\/wp-json\/wp\/v2\/comments?post=6442"}],"version-history":[{"count":0,"href":"https:\/\/turkeylegal.com.tr\/tr\/wp-json\/wp\/v2\/pages\/6442\/revisions"}],"wp:attachment":[{"href":"https:\/\/turkeylegal.com.tr\/tr\/wp-json\/wp\/v2\/media?parent=6442"}],"curies":[{"name":"wp","href":"https:\/\/api.w.org\/{rel}","templated":true}]}}