{"id":6579,"date":"2018-08-30T23:16:40","date_gmt":"2018-08-30T20:16:40","guid":{"rendered":"https:\/\/turkeylegal.com.tr\/tr\/?page_id=6579"},"modified":"2018-08-30T23:16:40","modified_gmt":"2018-08-30T20:16:40","slug":"anadolu-yakasi-saglik-hukuku-avukati","status":"publish","type":"page","link":"https:\/\/turkeylegal.com.tr\/tr\/anadolu-yakasi-saglik-hukuku-avukati\/","title":{"rendered":"Anadolu Yakas\u0131 Sa\u011fl\u0131k Hukuku Avukat\u0131"},"content":{"rendered":"<p>Akka\u015f Hukuk ve Dan\u0131\u015fmanl\u0131k B\u00fcrosu <strong><span style=\"text-decoration: underline;\">\u0130stanbul Anadolu Yakas\u0131 sa\u011fl\u0131k hukuku avukat\u0131<\/span><\/strong> kadrosu taraf\u0131ndan m\u00fcvekkillerimize sa\u011fl\u0131k hukuku ve malpraktis alan\u0131nda <strong>1992&#8217;den bug\u00fcne<\/strong> edindikleri deneyim ve bilgiler \u00e7er\u00e7evesinde, <strong>avukatl\u0131k, arabuluculuk ve dan\u0131\u015fmanl\u0131k<\/strong> hizmetleri verilmektedir.<\/p>\n<p>Tedavinin yeminli bir mesle\u011fi icra eden hekimden beklenilen \u00f6l\u00e7\u00fclere ve end\u00fcstri standartlar\u0131na uygun ve gere\u011fi gibi yerine getirilmemesinden do\u011fan sorumluluk nedeniyle <strong>hasta<\/strong> ile <strong>doktor<\/strong> ve <strong>hastane<\/strong> aras\u0131nda s\u0131k s\u0131k uyu\u015fmazl\u0131klar ya\u015fanmakta ve bu uyu\u015fmazl\u0131klar zaman zaman mahkemelere ta\u015f\u0131nmaktad\u0131r.<\/p>\n<p>Ya\u015fanan bu uyu\u015fmazl\u0131klar\u0131n \u00e7\u00f6z\u00fcmlenmesi s\u00fcrecinde hukuk b\u00fcromuz gerek hasta ve gerekse hastanelere <strong>malpraktis davalar\u0131<\/strong> olarak adland\u0131r\u0131lan bu s\u00fcre\u00e7te hukuki destek vermektedirler.<\/p>\n<p><strong>\u0130stanbul<\/strong> Anadolu Yakas\u0131 <strong>sa\u011fl\u0131k hukuku avukat\u0131<\/strong> kadromuz ayr\u0131ca tedavi kapsam\u0131nda yap\u0131lan yanl\u0131\u015fl\u0131klar veya i\u015flenen taksirli ve kas\u0131tl\u0131 su\u00e7lar\u0131n, <strong> tazminat ve ceza hukuku <\/strong> kapsam\u0131nda ele al\u0131nmas\u0131 gibi konularda gerek ceza davas\u0131 ve gerekse tazminat taleplerine ili\u015fkin olarak hukuk davalar\u0131nda avukatl\u0131k hizmeti sunmaktad\u0131rlar.<\/p>\n<h2>\u0130stanbul Anadolu Yakas\u0131 Sa\u011fl\u0131k Hukuku Avukat\u0131y\u0131z<\/h2>\n<p><img loading=\"lazy\" decoding=\"async\" class=\"alignnone wp-image-5040\" src=\"https:\/\/turkeylegal.com.tr\/tr\/wp-content\/uploads\/2018\/08\/saglik-hukuku-avukatlari.jpg\" alt=\"\u0130stanbul Anadolu Yakas\u0131 Sa\u011fl\u0131k Hukuku Avukat\u0131\" width=\"920\" height=\"360\" \/><\/p>\n<p><strong>\u0130stanbul Anadolu Yakas\u0131 sa\u011fl\u0131k hukuku avukat\u0131<\/strong> ekibimiz <strong> sa\u011fl\u0131k hukuku <\/strong> konusunda 1992&#8217;den bug\u00fcne edindikleri tecr\u00fcbe ve uzmanl\u0131k \u00e7er\u00e7evesinde, ila\u00e7 hukuku alan\u0131nda, ila\u00e7 ve sa\u011fl\u0131k sekt\u00f6r\u00fcnde faaliyet g\u00f6steren ila\u00e7, t\u0131bbi cihaz ve malzeme imalat\u00e7\u0131s\u0131 \u015firketler, hastaneler ve di\u011fer sa\u011fl\u0131k kurulu\u015flar\u0131na dan\u0131\u015fmanl\u0131k ve avukatl\u0131k hizmetleri verilmektedir.<\/p>\n<p>\u00d6zellikle ila\u00e7 \u015firketlerinin ila\u00e7 ham maddelerine ve \u00fcretim, da\u011f\u0131t\u0131m, distrib\u00fct\u00f6rl\u00fck, klinik ara\u015ft\u0131rmalar\u0131na ili\u015fkin s\u00f6zle\u015fmelerinin haz\u0131rlanmas\u0131, d\u00fczenlemesi konular\u0131nda hukuki destek verilmektedir.<\/p>\n<h2>T\u00fcrkiye\u2019de Sa\u011fl\u0131k Hukuku<\/h2>\n<p><strong>Sa\u011fl\u0131k hukuku<\/strong>, son y\u0131llarda uygulamas\u0131 g\u00f6zle g\u00f6r\u00fcl\u00fcr \u015fekilde artan bir dal olarak genellikle t\u0131bbi operasyonlardan kaynaklanan olumsuzluklar\u0131 incelemektedir.<\/p>\n<p>Sa\u011fl\u0131k hukuku bak\u0131m\u0131ndan kar\u015f\u0131la\u015f\u0131lan davalar\u0131n b\u00fcy\u00fck \u00e7o\u011funlu\u011fu <strong>hatal\u0131 t\u0131bbi m\u00fcdahale<\/strong> iddialar\u0131 ile a\u00e7\u0131ld\u0131\u011f\u0131ndan incelenmesi gereken husus hatal\u0131 bir t\u0131bbi m\u00fcdahalenin var olup olmad\u0131\u011f\u0131d\u0131r.<\/p>\n<p><img loading=\"lazy\" decoding=\"async\" class=\"alignnone wp-image-11009 size-full\" src=\"https:\/\/turkeylegal.com.tr\/tr\/wp-content\/uploads\/2020\/08\/Sa\u011fl\u0131k-Hukuku-Avukat\u0131-e1618846149868.jpg\" alt=\"Sa\u011fl\u0131k Hukuku Avukat\u0131\" width=\"920\" height=\"431\" \/><\/p>\n<h2>Sa\u011fl\u0131k Hukuku Avukat\u0131n\u0131n \u00d6nemi<\/h2>\n<p><strong>Komplikasyon<\/strong>, t\u0131bbi standarda uygun bir m\u00fcdahalenin ve operasyonun varl\u0131\u011f\u0131na ra\u011fmen olu\u015fabilecek, bu ihtimalin t\u0131p \u00e7evreleri taraf\u0131ndan kabul edildi\u011fi ve her t\u00fcrl\u00fc \u00f6nleme ra\u011fmen \u00f6nlenemez \u015fekilde ortay \u00e7\u0131kan zarar olarak tan\u0131mlanabilir.<\/p>\n<p><strong> Komplikasyon <\/strong> durumunda sa\u011fl\u0131k \u00e7al\u0131\u015fan\u0131n\u0131n sorumlulu\u011funun bulunmad\u0131\u011f\u0131 kabul edilir. Zira ortada bir kusur yoktur, sonu\u00e7 istenmeden ortaya \u00e7\u0131km\u0131\u015ft\u0131r. Dolay\u0131s\u0131yla hekimler i\u00e7in kabul edilen kusur sorumlulu\u011funun bir g\u00f6r\u00fcn\u00fcm\u00fc olarak hekim, sonu\u00e7tan sorumlu olmayacakt\u0131r.<\/p>\n<p><strong><a href=\"..\/Malpraktis-Nedir\">Malpraktis<\/a><\/strong>, <strong><a href=\"http:\/\/www.ttb.org.tr\/\"> T\u00fcrk Tabipler Birli\u011fi<\/a><\/strong> nezdinde <strong>bilgisizlik, deneyimsizlik ya da ilgisizlik nedeniyle olu\u015fan zarar<\/strong> olarak tan\u0131mlanm\u0131\u015ft\u0131r. <span style=\"text-decoration: underline;\">Malpraktis durumunda ilgili <strong><a href=\"..\/Malpraktiste-Hekimin-Sorumlulugu\"> hekimin sorumlulu\u011fu <\/a><\/strong>s\u00f6z konusudur<\/span>.<\/p>\n<h2>Sa\u011fl\u0131k Hukukunda Hekimin Sorumlulu\u011fu<\/h2>\n<p><img loading=\"lazy\" decoding=\"async\" class=\"alignnone wp-image-11010 size-full\" src=\"https:\/\/turkeylegal.com.tr\/tr\/wp-content\/uploads\/2020\/08\/Sa\u011fl\u0131k-Hukukunda-Hekimin-Sorumlulu\u011fu-e1618846167925.jpg\" alt=\"Sa\u011fl\u0131k Hukukunda Hekimin Sorumlulu\u011fu\" width=\"920\" height=\"431\" \/><\/p>\n<p><strong>\u0130stanbul Anadolu Yakas\u0131 sa\u011fl\u0131k hukuku avukat\u0131<\/strong> kadromuz hekim hatas\u0131, yanl\u0131\u015f tedavi ve te\u015fhis nedeniyle a\u00e7\u0131lacak tazminat davalar\u0131nda m\u00fcvekkilleri temsil etmektedirler. <strong>Hatal\u0131 ameliyat<\/strong> ve operasyonlar nedeniyle <strong>hekimin sorumlulu\u011fu<\/strong>, sa\u011fl\u0131k hukukunda \u00f6nemli bir konuyu te\u015fkil etmektedir.<\/p>\n<p>Sa\u011fl\u0131k hukuku bak\u0131m\u0131ndan hekimin sorumlulu\u011funa gidilebilmesi i\u00e7in hekimin bir <strong>kusurunun bulunmas\u0131<\/strong> gerekmektedir. Kusur yoksa sorumluluk da yoktur.<\/p>\n<p>Sa\u011fl\u0131k hukukunda hekimin kusuru bulunmad\u0131\u011f\u0131 halde meydana gelen olumsuzluklara <strong>komplikasyon<\/strong> ad\u0131 verilmektedir. \u0130\u015fte ortada bir komplikasyon yoksa hekim de sorumlu olmayacakt\u0131r.<\/p>\n<h2>T\u00fcrkiye\u2019de Malpraktis Davalar\u0131<\/h2>\n<p><img loading=\"lazy\" decoding=\"async\" class=\"alignnone wp-image-11011 size-full\" src=\"https:\/\/turkeylegal.com.tr\/tr\/wp-content\/uploads\/2020\/08\/T\u00fcrkiye\u2019de-Malpraktis-Davalar\u0131-e1618846185199.jpg\" alt=\"T\u00fcrkiye\u2019de Malpraktis Davalar\u0131\" width=\"920\" height=\"359\" \/><\/p>\n<p><strong>\u0130stanbul Anadolu Yakas\u0131 sa\u011fl\u0131k hukuku avukat\u0131<\/strong> kadromuz <strong>hekim hatas\u0131<\/strong>, <strong>yanl\u0131\u015f tedavi<\/strong> ve te\u015fhis nedeniyle a\u00e7\u0131lacak <strong>malpraktis davalar\u0131<\/strong>nda m\u00fcvekkilleri temsil etmektedirler. Hasta, haklar\u0131n\u0131 ayr\u0131nt\u0131lar\u0131 ile bilmeli, herhangi bir olumsuzlukla kar\u015f\u0131la\u015ft\u0131\u011f\u0131nda hangi prensip ve s\u0131ra ile hareket edece\u011finin bilincine varmal\u0131d\u0131r.<\/p>\n<p>\u00d6nleyici olarak ba\u015fvuraca\u011f\u0131 bu yollara ra\u011fmen bir zarar\u0131n olu\u015fmas\u0131 durumunda da vakit kaybetmeksizin profesyonel bir \u015fekilde davranmal\u0131, usuli ad\u0131mlar\u0131 iyi takip etmelidir. Zira bir zarar\u0131n olu\u015fmas\u0131 \u00f6nlenemediyse de etkileri ortadan kald\u0131r\u0131labilir, hasta az da olsa kar\u015f\u0131l\u0131\u011f\u0131n\u0131 alabilir.<\/p>\n<h2>Ceza Hukuku Bak\u0131m\u0131ndan Sa\u011fl\u0131k Hukuku<\/h2>\n<p><img loading=\"lazy\" decoding=\"async\" class=\"alignnone wp-image-11012 size-full\" src=\"https:\/\/turkeylegal.com.tr\/tr\/wp-content\/uploads\/2020\/08\/Ceza-Hukuku-Bak\u0131m\u0131ndan-Sa\u011fl\u0131k-Hukuku-e1618846204964.jpg\" alt=\"Ceza Hukuku Bak\u0131m\u0131ndan Sa\u011fl\u0131k Hukuku\" width=\"920\" height=\"460\" \/><\/p>\n<p><strong>\u0130stanbul Anadolu Yakas\u0131 sa\u011fl\u0131k hukuku avukat\u0131<\/strong> kadromuz hekim hatas\u0131, yanl\u0131\u015f tedavi ve te\u015fhis nedeniyle a\u00e7\u0131lacak ceza davalar\u0131nda m\u00fcvekkilleri temsil etmektedirler. Sa\u011fl\u0131k hukukunun tazminat bak\u0131m\u0131ndan \u00f6zelliklerine yukar\u0131da k\u0131saca de\u011finilmi\u015ftir.<\/p>\n<p>Ancak tazminat hukukunun d\u0131\u015f\u0131nda sa\u011fl\u0131k hukuku, ceza hukuku ile de ili\u015fkilidir. Nitekim t\u0131bbi m\u00fcdahale s\u0131ras\u0131 veya sonras\u0131nda bir su\u00e7 i\u015flenmi\u015fse, hastan\u0131n bu hususu bir su\u00e7 duyurusuna konu yapmas\u0131 m\u00fcmk\u00fcn olacakt\u0131r.<\/p>\n<p>G\u00f6r\u00fcld\u00fc\u011f\u00fc \u00fczere sa\u011fl\u0131k hukuku gerek hekim gerekse de hasta bak\u0131m\u0131ndan birtak\u0131m y\u00fck\u00fcml\u00fcl\u00fckleri gerektiren, bu y\u00fck\u00fcml\u00fcl\u00fcklere uyulmad\u0131\u011f\u0131nda ya da haklar\u0131n fark\u0131na var\u0131lamad\u0131\u011f\u0131nda menfaat kay\u0131plar\u0131na sebep olabilecek bir hukuk dal\u0131 olarak profesyonel bir \u00e7al\u0131\u015fma ve takibi gerektirmektedir.<\/p>\n<h2>Malpraktis Nedeniyle Ceza Davas\u0131 ve Yapt\u0131r\u0131mlar\u0131<\/h2>\n<p>Hekim hatas\u0131, malpraktis nedeniyle olu\u015fan zararlar a\u00e7\u0131s\u0131ndan zarara u\u011frayan\u0131n hem <strong>hukuki<\/strong> hem de <strong>cezai<\/strong> bak\u0131mdan haklar\u0131n\u0131 arayabilecektir. Bu makalede hatal\u0131 t\u0131bbi uygulama nedeniyle hekimin cezai sorumlulu\u011fu anlat\u0131lacakt\u0131r.<\/p>\n<p>Ceza hukuku bak\u0131m\u0131ndan ilgilinin r\u0131zas\u0131 varsa ortada bir hukuka uygunluk nedeni s\u00f6z konusudur ve dolay\u0131s\u0131yla su\u00e7 olu\u015fmayacakt\u0131r. Ancak ilgilinin r\u0131zas\u0131 sa\u011fl\u0131k hukuku bak\u0131m\u0131ndan nas\u0131l mevcut say\u0131lacakt\u0131r? Sa\u011fl\u0131k hukuku bak\u0131m\u0131ndan ilgilinin r\u0131zas\u0131n\u0131n bulundu\u011funun kabul\u00fc i\u00e7in daha \u00f6nce de a\u00e7\u0131kland\u0131\u011f\u0131 \u00fczere;<\/p>\n<ul>\n<li>Doktorun m\u00fcdahalesinin tedavi amac\u0131yla olmas\u0131<\/li>\n<li>M\u00fcdahalenin t\u0131bbi standartlara ve gerekliliklere uygun olmas\u0131<\/li>\n<li>Hastan\u0131n muhtemel risk ve sonu\u00e7larla ilgili bilgilendirilmesi<\/li>\n<li>Hastan\u0131n t\u00fcm bu hususlara kar\u015f\u0131 beyan\/r\u0131za a\u00e7\u0131klayabilecek ay\u0131rt\u0131m g\u00fcc\u00fcne sahip olmas\u0131 \u015fartt\u0131r<\/li>\n<\/ul>\n<p>Bu hususlar\u0131n bulunmamas\u0131 halinde ortada bir r\u0131za olmayacakt\u0131r ve bir zarar varsa hekim a\u00e7\u0131s\u0131ndan <strong>kasten \u00f6ld\u00fcrme<\/strong>, <strong>kasten yaralama<\/strong>, neticesi sebebiyle a\u011f\u0131rla\u015fm\u0131\u015f yaralama taksirle \u00f6ld\u00fcrme, <strong>taksirle yaralama<\/strong> su\u00e7lar\u0131 olu\u015fabilecektir.<\/p>\n<h2>\u0130stanbul Anadolu Yakas\u0131 Sa\u011fl\u0131k Hukuku Avukat\u0131m\u0131zdan;<\/h2>\n<p><img loading=\"lazy\" decoding=\"async\" class=\"alignnone wp-image-11014 size-full\" src=\"https:\/\/turkeylegal.com.tr\/tr\/wp-content\/uploads\/2020\/08\/stanbul-Sa\u011fl\u0131k-Hukuku-Avukat\u0131-e1618846238996.jpg\" alt=\"\u0130stanbul Sa\u011fl\u0131k Hukuku Avukat\u0131\" width=\"920\" height=\"359\" \/><\/p>\n<h3>Malpraktis Davas\u0131 Nerede A\u00e7\u0131l\u0131r?<\/h3>\n<p>Malpraktis durumunda tedavi e\u011fer kamudaki bir hekim m\u00fcdahalesi ile uygulanm\u0131\u015fsa davada <strong>idare hukuku<\/strong> kurallar\u0131 uygulanacak, idare mahkemesinde dava a\u00e7\u0131lacakt\u0131r.<\/p>\n<p>Kamuda de\u011fil de \u00f6zelde bir m\u00fcdahale s\u00f6z konusu ise a\u00e7\u0131lacak <strong>maddi manevi tazminat davas\u0131<\/strong>n\u0131n adli yarg\u0131da g\u00f6r\u00fclmesi, <strong>davan\u0131n t\u00fcketici mahkemelerinde a\u00e7\u0131lmas\u0131<\/strong> gerekmektedir.<\/p>\n<h3>Malpraktis Davas\u0131 Kime Kar\u015f\u0131 A\u00e7\u0131l\u0131r?<\/h3>\n<p>Malpraktis davalar\u0131nda davac\u0131, yanl\u0131\u015f m\u00fcdahale nedeniyle zarar g\u00f6ren ki\u015fidir. Daval\u0131 ise, tedavinin kamuda m\u0131 \u00f6zelde mi ger\u00e7ekle\u015ftirildi\u011fine g\u00f6re de\u011fi\u015fiklik arz etmektedir.<\/p>\n<p>\u00d6zen y\u00fck\u00fcml\u00fcl\u00fc\u011f\u00fcne ayk\u0131r\u0131 davranan hekim kamuda ise <strong>dava idareye kar\u015f\u0131 a\u00e7\u0131lacak<\/strong>, idare de hekime kusuru oran\u0131nda r\u00fccu edecektir. Tedavi \u00f6zelde uygulanm\u0131\u015fsa daval\u0131 tedaviyi uygulayan hekimdir. Hasta, ayn\u0131 zamanda hastaneye kar\u015f\u0131 da davas\u0131n\u0131 y\u00f6neltebilir.<\/p>\n<p><img loading=\"lazy\" decoding=\"async\" class=\"alignnone wp-image-11015 size-full\" src=\"https:\/\/turkeylegal.com.tr\/tr\/wp-content\/uploads\/2020\/08\/Acil-Sa\u011fl\u0131k-Hizmeti-e1618846284174.jpg\" alt=\"Acil Sa\u011fl\u0131k Hizmeti\" width=\"920\" height=\"459\" \/><\/p>\n<h2>\u0130stanbul Anadolu Yakas\u0131 Sa\u011fl\u0131k Hukuku Avukat\u0131 Hizmetlerimiz<\/h2>\n<ul>\n<li>Sa\u011fl\u0131k hukuku ve <strong><a href=\"..\/Malpraktis-Davasi\"> malpraktis davalar\u0131<\/a><\/strong> ile ilgili e\u011fitim verilmesi<\/li>\n<li>Hasta ile doktor ve hastane aras\u0131ndaki g\u00f6r\u00fc\u015fmelerin takibi<\/li>\n<li>Malpraktis nedeniyle <strong><a href=\"http:\/\/www.adalet.gov.tr\/\"> Arabuluculu\u011fa ba\u015fvurulmas\u0131<\/a><\/strong><\/li>\n<li>Yanl\u0131\u015f tedavi nedeniyle tazminat davas\u0131 a\u00e7\u0131lmas\u0131<\/li>\n<li>Hatal\u0131 t\u0131bbi m\u00fcdahale\/ <strong><a href=\"..\/Malpraktis-Nedeniyle-Ceza-Davasi\"> malpraktis nedeniyle ceza davas\u0131<\/a><\/strong> a\u00e7\u0131lmas\u0131<\/li>\n<\/ul>\n<h3>\u0130stanbul Anadolu Yakas\u0131 Sa\u011fl\u0131k Hukuku Avukat\u0131 Ekibimize Ula\u015f\u0131n<\/h3>\n<p><strong>\u0130stanbul&#8217;da<\/strong> faaliyet g\u00f6steren <strong>Akka\u015f Hukuk ve Dan\u0131\u015fmanl\u0131k B\u00fcrosu<\/strong> <strong><span style=\"text-decoration: underline;\">\u0130stanbul Anadolu Yakas\u0131 sa\u011fl\u0131k hukuku avukat\u0131<\/span><\/strong> kadrosu taraf\u0131ndan m\u00fcvekkillerimize sa\u011fl\u0131k hukuku ve malpraktis alan\u0131nda sa\u011fl\u0131k personelinin t\u0131bbi hatalar\u0131ndan do\u011facak sorumluluk hususlar\u0131nda <strong>avukatl\u0131k, arabuluculuk ve dan\u0131\u015fmanl\u0131k<\/strong> hizmetleri verilmektedir.<\/p>\n<p><strong>1992 y\u0131l\u0131nda kurulu\u015fundan bug\u00fcne<\/strong> \u00e7al\u0131\u015fmalar\u0131na devam eden hukuk ve arabuluculuk b\u00fcromuza ve <strong><span style=\"text-decoration: underline;\">\u0130stanbul Anadolu Yakas\u0131 sa\u011fl\u0131k hukuku avukat\u0131<\/span><\/strong> i\u00e7in avukat kadromuza <strong><a href=\"..\/iletisim\">\u0130leti\u015fim<\/a><\/strong> sayfam\u0131zdan ula\u015fabilirsiniz.<\/p>\n","protected":false},"excerpt":{"rendered":"<p>Akka\u015f Hukuk ve Dan\u0131\u015fmanl\u0131k B\u00fcrosu \u0130stanbul Anadolu Yakas\u0131 sa\u011fl\u0131k hukuku avukat\u0131 kadrosu taraf\u0131ndan m\u00fcvekkillerimize sa\u011fl\u0131k hukuku ve malpraktis alan\u0131nda 1992&#8217;den bug\u00fcne edindikleri deneyim ve bilgiler \u00e7er\u00e7evesinde, avukatl\u0131k, arabuluculuk ve dan\u0131\u015fmanl\u0131k hizmetleri verilmektedir. Tedavinin yeminli bir mesle\u011fi icra eden hekimden beklenilen \u00f6l\u00e7\u00fclere ve end\u00fcstri standartlar\u0131na uygun ve gere\u011fi gibi yerine getirilmemesinden do\u011fan sorumluluk nedeniyle hasta ile [&hellip;]<\/p>\n","protected":false},"author":1,"featured_media":0,"parent":0,"menu_order":0,"comment_status":"closed","ping_status":"closed","template":"","meta":{"footnotes":""},"class_list":["post-6579","page","type-page","status-publish","hentry"],"blocksy_meta":{"styles_descriptor":{"styles":{"desktop":"","tablet":"","mobile":""},"google_fonts":[],"version":6}},"aioseo_notices":[],"_links":{"self":[{"href":"https:\/\/turkeylegal.com.tr\/tr\/wp-json\/wp\/v2\/pages\/6579","targetHints":{"allow":["GET"]}}],"collection":[{"href":"https:\/\/turkeylegal.com.tr\/tr\/wp-json\/wp\/v2\/pages"}],"about":[{"href":"https:\/\/turkeylegal.com.tr\/tr\/wp-json\/wp\/v2\/types\/page"}],"author":[{"embeddable":true,"href":"https:\/\/turkeylegal.com.tr\/tr\/wp-json\/wp\/v2\/users\/1"}],"replies":[{"embeddable":true,"href":"https:\/\/turkeylegal.com.tr\/tr\/wp-json\/wp\/v2\/comments?post=6579"}],"version-history":[{"count":0,"href":"https:\/\/turkeylegal.com.tr\/tr\/wp-json\/wp\/v2\/pages\/6579\/revisions"}],"wp:attachment":[{"href":"https:\/\/turkeylegal.com.tr\/tr\/wp-json\/wp\/v2\/media?parent=6579"}],"curies":[{"name":"wp","href":"https:\/\/api.w.org\/{rel}","templated":true}]}}