{"id":6682,"date":"2018-08-31T11:01:37","date_gmt":"2018-08-31T08:01:37","guid":{"rendered":"https:\/\/turkeylegal.com.tr\/tr\/?page_id=6682"},"modified":"2018-08-31T11:01:37","modified_gmt":"2018-08-31T08:01:37","slug":"kadikoy-icra-avukati","status":"publish","type":"page","link":"https:\/\/turkeylegal.com.tr\/tr\/kadikoy-icra-avukati\/","title":{"rendered":"Kad\u0131k\u00f6y \u0130cra Avukat\u0131"},"content":{"rendered":"<p>Akka\u015f Hukuk ve Dan\u0131\u015fmanl\u0131k B\u00fcrosu <strong><span style=\"text-decoration: underline;\">\u0130stanbul Kad\u0131k\u00f6y icra avukat\u0131<\/span><\/strong> olarak m\u00fcvekkillerimizin <strong>alacak tahsili<\/strong>, <strong><a href=\"..\/ihtiyati-haciz-davasi\/\">ihtiyati haciz<\/a><\/strong>, sat\u0131\u015f ve <strong>alacak takibi<\/strong> konular\u0131nda hizmetindedir. <strong>\u0130cra avukatlar\u0131m\u0131z<\/strong> icra takibi haz\u0131rlanmas\u0131 ve takibi, haciz i\u015flemleri, <strong>kar\u015f\u0131l\u0131ks\u0131z \u00e7ek<\/strong>\u00a0<strong>senet tahsili<\/strong>, tasarrufun iptali, <strong><a href=\"..\/menfi-tespit-davasi\/\">menfi tespit<\/a><\/strong> ve <strong><a href=\"..\/istirdat-davasi-avukati\/\">istirdat davalar\u0131n\u0131n<\/a><\/strong> a\u00e7\u0131lmas\u0131 ve takibi i\u015flemlerini yapmaktad\u0131rlar.<\/p>\n<p>Avukatlar\u0131m\u0131z borca ve takibe itiraz i\u015flemlerinin yap\u0131lmas\u0131, <strong><a href=\"..\/iflas-yolu-ile-takip\/\">iflas ve iflas\u0131n ertelenmesi davalar\u0131<\/a><\/strong>, yedieminli\u011fi suistimal davalar\u0131n\u0131n a\u00e7\u0131lmas\u0131 ve takibi, itiraz\u0131n iptali veya kald\u0131r\u0131lmas\u0131 davalar\u0131n\u0131n haz\u0131rlanmas\u0131 ve takibinde \u015fah\u0131s ve kurumsal m\u00fcvekkillerimize <strong>avukatl\u0131k, arabuluculuk ve dan\u0131\u015fmanl\u0131k<\/strong> hizmeti sunmaktad\u0131r.<\/p>\n<p><strong><span style=\"text-decoration: underline;\">\u0130stanbul Kad\u0131k\u00f6y icra avukat\u0131<\/span><\/strong> ekibimiz icra hukuku ve icra davalar\u0131 konusunda 1992&#8217;den bug\u00fcne edindikleri deneyim ve bilgiler \u00e7er\u00e7evesinde, m\u00fcvekkillerine en etkili sonucu sa\u011flamak i\u00e7in hukuki destek vermektedirler.<\/p>\n<p><img loading=\"lazy\" decoding=\"async\" class=\"alignnone wp-image-10960 size-full\" src=\"https:\/\/turkeylegal.com.tr\/tr\/wp-content\/uploads\/2020\/08\/htiyati-Haciz-Davas\u0131-e1618838486936.jpg\" alt=\"\u0130stanbul Kad\u0131k\u00f6y \u0130cra Avukat\u0131\" width=\"1000\" height=\"234\" \/><\/p>\n<h2>\u0130stanbul Kad\u0131k\u00f6y \u0130cra Avukat\u0131y\u0131z<\/h2>\n<p>\u0130cra \u0130flas Hukukuna ili\u015fkin h\u00fck\u00fcmler <strong><a href=\"http:\/\/www.mevzuat.gov.tr\/MevzuatMetin\/1.3.2004.pdf\">2004 say\u0131l\u0131 \u0130cra \u0130flas Kanunu<\/a><\/strong>\u2019nda bulunmaktad\u0131r. Bu kanunda icra ve iflasa ili\u015fkin \u00e7e\u015fitli takip yollar\u0131, bunlar\u0131n s\u00fcreleri ve i\u015fletilecek prosed\u00fcrler ayr\u0131 ayr\u0131 d\u00fczenlenmi\u015ftir.<\/p>\n<h2>\u0130htiyati Haciz Davas\u0131 Nedir?<\/h2>\n<p><strong>\u0130htiyati haciz, bor\u00e7lunun alacakl\u0131dan mallar\u0131n\u0131 ka\u00e7\u0131rmas\u0131 ihtimaline kar\u015f\u0131 \u00f6ng\u00f6r\u00fclm\u00fc\u015f bir tedbirdir<\/strong>.\u00a0<strong><a href=\"http:\/\/www.mevzuat.gov.tr\/MevzuatMetin\/1.3.2004.pdf\">2004 say\u0131l\u0131 \u0130cra \u0130flas Kanunu<\/a><\/strong>\u2019nda 257 ve devam\u0131 maddelerinde d\u00fczenlenmi\u015ftir. \u00d6deme emri g\u00f6nderilerek icra takibine ge\u00e7ilmesi durumunda, k\u00f6t\u00fc niyetli bor\u00e7lunun hile ile mal ka\u00e7\u0131rmas\u0131 s\u00f6z konusu olabilmektedir.<\/p>\n<p>Bundan dolay\u0131 alaca\u011f\u0131 kambiyo senedi, (\u00c7ek, Senet) fatura, s\u00f6zle\u015fme gibi bir belgeye ba\u011fl\u0131 olan alacakl\u0131n\u0131n, k\u00f6t\u00fc niyetli bor\u00e7lulara kar\u015f\u0131 bu yola ba\u015fvurma imk\u00e2n\u0131 vard\u0131r.\u00a0<strong>\u0130htiyati haciz<\/strong>, vadesi gelmi\u015f bor\u00e7lar\u0131n yan\u0131nda, \u015fartlar\u0131n\u0131n olu\u015fmas\u0131 halinde vadesi gelmemi\u015f bir bor\u00e7tan dolay\u0131 da istenebilir.<\/p>\n<h2>\u0130cra Hukukunda Takip T\u00fcrleri<\/h2>\n<p>T\u00fcrk Hukuku\u2019nda borcun tahsili i\u00e7in alacakl\u0131 taraf\u0131ndan ba\u015fvurulacak olan takibin t\u00fcr\u00fc; alacakl\u0131n\u0131n elinde bulunan belgenin t\u00fcr\u00fcne ve niteli\u011fine g\u00f6re de\u011fi\u015fkenlik g\u00f6stermektedir. Buna g\u00f6re farkl\u0131 hukuki durumlar i\u00e7in farkl\u0131 takip yollar\u0131 olu\u015fturulmu\u015f, bunlardan her biri i\u00e7in farkl\u0131 prosed\u00fcrler, s\u00fcreler \u00f6ng\u00f6r\u00fclm\u00fc\u015ft\u00fcr.<\/p>\n<p>Alaca\u011f\u0131n\u0131 elde edemeyen alacakl\u0131n\u0131n ba\u015fvurabilece\u011fi genel takip yollar\u0131n\u0131\u00a0<strong>ilaml\u0131 ve ilams\u0131z takip<\/strong>\u00a0yolu olarak s\u0131ralayabiliriz.<\/p>\n<p><strong>\u0130lams\u0131z icra takibi<\/strong>: Elinde kambiyo senedi (bono, poli\u00e7e, \u00e7ek) ya da ilam (mahkeme taraf\u0131ndan verilen karar) gibi belgeleri bulunmayan alacakl\u0131n\u0131n alaca\u011f\u0131n\u0131 elde etmek i\u00e7in ba\u015fvurdu\u011fu takip yoluna ilams\u0131z icra takibi denmektedir.<\/p>\n<p>\u0130lams\u0131z icra takibinin konusu para ve teminatt\u0131r. Dolay\u0131s\u0131yla \u00e7ocuk teslimi, menkul teslimi, ta\u015f\u0131nmazlar\u0131n tahliye ve teslimi gibi konusu para olmayan alacaklar hakk\u0131nda ilams\u0131z icra takibi yap\u0131lamamaktad\u0131r.<\/p>\n<p>Bu takip yolu ile mahkemeden karar al\u0131nmadan icra dairesine ba\u015fvurularak bor\u00e7luya kar\u015f\u0131 takip ba\u015flat\u0131l\u0131r. Takip ba\u015flat\u0131ld\u0131ktan sonra bor\u00e7luya \u00f6deme emri gider ve bor\u00e7luya <strong>7 g\u00fcn<\/strong> i\u00e7erisinde \u00f6demesi veya itiraz etmesi bildirilir.<\/p>\n<p>7 g\u00fcnl\u00fck s\u00fcre i\u00e7erisinde itiraz edilmezse ve \u00f6deme yap\u0131lmazsa, takip kesinle\u015fir. Takibin kesinle\u015fmesi ile beraber icra hukukundaki di\u011fer a\u015famalar (sorgu, haciz, sat\u0131\u015f\u2026) i\u015fletilebilir hale gelmektedir.<\/p>\n<p><img loading=\"lazy\" decoding=\"async\" class=\"alignnone wp-image-10963 size-full\" src=\"https:\/\/turkeylegal.com.tr\/tr\/wp-content\/uploads\/2020\/08\/flas-Yolu-ile-Takip-e1618838567895.jpg\" alt=\"\u0130flas Yolu ile Takip\" width=\"920\" height=\"288\" \/><\/p>\n<h3>\u0130stanbul Kad\u0131k\u00f6y \u0130cra Avukat\u0131 Ekibimizin Hizmetleri<\/h3>\n<ul>\n<li>Her t\u00fcrl\u00fc <strong>icra takibi<\/strong> haz\u0131rlanmas\u0131 ve takibi<\/li>\n<li>Haciz i\u015flemleri<\/li>\n<li>Kar\u015f\u0131l\u0131ks\u0131z \u00e7ek davalar\u0131n\u0131n a\u00e7\u0131lmas\u0131 ve takibi<\/li>\n<li>\u0130flas hukuku i\u015flemleri<\/li>\n<li>\u0130flas\u0131n ertelenmesi davalar\u0131n\u0131n haz\u0131rlanmas\u0131 ve takibi<\/li>\n<li>Menfi tespit ve istirdat davalar\u0131n\u0131n haz\u0131rlanmas\u0131 ve takibi<\/li>\n<li>Yedieminli\u011fi suistimal davalar\u0131n\u0131n a\u00e7\u0131lmas\u0131<\/li>\n<li>Borca ve takibe itiraz i\u015flemlerinin yap\u0131lmas\u0131<\/li>\n<li>\u0130tiraz\u0131n kald\u0131r\u0131lmas\u0131 davalar\u0131n\u0131n haz\u0131rlanmas\u0131 ve takibi<\/li>\n<\/ul>\n<h3>\u0130stanbul Kad\u0131k\u00f6y \u0130cra Avukat\u0131 Ekibimize Ula\u015f\u0131n<\/h3>\n<p><strong>\u0130stanbul&#8217;da<\/strong> faaliyet g\u00f6steren Akka\u015f Hukuk ve Dan\u0131\u015fmanl\u0131k B\u00fcrosu <strong>\u0130stanbul Kad\u0131k\u00f6y icra avukat\u0131<\/strong> olarak m\u00fcvekkillerimizin <strong>alacak tahsili<\/strong>, <strong><a href=\"..\/ihtiyati-haciz-davasi\/\">ihtiyati haciz<\/a><\/strong>, sat\u0131\u015f ve <strong>alacak takibi<\/strong> konular\u0131nda hizmetindedir. <strong>\u0130cra avukatlar\u0131m\u0131z<\/strong> icra takibi haz\u0131rlanmas\u0131 ve takibi, haciz i\u015flemleri, <strong>kar\u015f\u0131l\u0131ks\u0131z \u00e7ek<\/strong>\u00a0<strong>senet tahsili<\/strong>, tasarrufun iptali, <strong><a href=\"..\/menfi-tespit-davasi\/\">menfi tespit<\/a><\/strong> ve <strong><a href=\"..\/istirdat-davasi-avukati\/\">istirdat davalar\u0131n\u0131n<\/a><\/strong> a\u00e7\u0131lmas\u0131 ve takibi i\u015flemlerini yapmaktad\u0131rlar.<\/p>\n<p>Avukatlar\u0131m\u0131z borca ve takibe itiraz i\u015flemlerinin yap\u0131lmas\u0131, <strong><a href=\"..\/iflas-yolu-ile-takip\/\">iflas ve iflas\u0131n ertelenmesi davalar\u0131<\/a><\/strong>, yedieminli\u011fi suistimal davalar\u0131n\u0131n a\u00e7\u0131lmas\u0131 ve takibi, itiraz\u0131n iptali veya kald\u0131r\u0131lmas\u0131 davalar\u0131n\u0131n haz\u0131rlanmas\u0131 ve takibinde \u015fah\u0131s ve kurumsal m\u00fcvekkillerimize <strong>avukatl\u0131k, arabuluculuk ve dan\u0131\u015fmanl\u0131k<\/strong> hizmeti sunmaktad\u0131r.<\/p>\n<p><strong>1992 y\u0131l\u0131nda kurulu\u015fundan bug\u00fcne <\/strong>\u00e7al\u0131\u015fmalar\u0131na devam eden <strong>Akka\u015f Hukuk ve Dan\u0131\u015fmanl\u0131k B\u00fcrosu<\/strong>&#8216;na ve <strong><span style=\"text-decoration: underline;\">\u0130stanbul Kad\u0131k\u00f6y icra avukat\u0131<\/span><\/strong> i\u00e7in avukat kadromuza <strong><a href=\"..\/iletisim\">\u0130leti\u015fim<\/a><\/strong> sayfam\u0131zdan ula\u015fabilirsiniz.<\/p>\n","protected":false},"excerpt":{"rendered":"<p>Akka\u015f Hukuk ve Dan\u0131\u015fmanl\u0131k B\u00fcrosu \u0130stanbul Kad\u0131k\u00f6y icra avukat\u0131 olarak m\u00fcvekkillerimizin alacak tahsili, ihtiyati haciz, sat\u0131\u015f ve alacak takibi konular\u0131nda hizmetindedir. \u0130cra avukatlar\u0131m\u0131z icra takibi haz\u0131rlanmas\u0131 ve takibi, haciz i\u015flemleri, kar\u015f\u0131l\u0131ks\u0131z \u00e7ek\u00a0senet tahsili, tasarrufun iptali, menfi tespit ve istirdat davalar\u0131n\u0131n a\u00e7\u0131lmas\u0131 ve takibi i\u015flemlerini yapmaktad\u0131rlar. Avukatlar\u0131m\u0131z borca ve takibe itiraz i\u015flemlerinin yap\u0131lmas\u0131, iflas ve iflas\u0131n [&hellip;]<\/p>\n","protected":false},"author":1,"featured_media":0,"parent":0,"menu_order":0,"comment_status":"closed","ping_status":"closed","template":"","meta":{"footnotes":""},"class_list":["post-6682","page","type-page","status-publish","hentry"],"blocksy_meta":{"styles_descriptor":{"styles":{"desktop":"","tablet":"","mobile":""},"google_fonts":[],"version":6}},"aioseo_notices":[],"_links":{"self":[{"href":"https:\/\/turkeylegal.com.tr\/tr\/wp-json\/wp\/v2\/pages\/6682","targetHints":{"allow":["GET"]}}],"collection":[{"href":"https:\/\/turkeylegal.com.tr\/tr\/wp-json\/wp\/v2\/pages"}],"about":[{"href":"https:\/\/turkeylegal.com.tr\/tr\/wp-json\/wp\/v2\/types\/page"}],"author":[{"embeddable":true,"href":"https:\/\/turkeylegal.com.tr\/tr\/wp-json\/wp\/v2\/users\/1"}],"replies":[{"embeddable":true,"href":"https:\/\/turkeylegal.com.tr\/tr\/wp-json\/wp\/v2\/comments?post=6682"}],"version-history":[{"count":0,"href":"https:\/\/turkeylegal.com.tr\/tr\/wp-json\/wp\/v2\/pages\/6682\/revisions"}],"wp:attachment":[{"href":"https:\/\/turkeylegal.com.tr\/tr\/wp-json\/wp\/v2\/media?parent=6682"}],"curies":[{"name":"wp","href":"https:\/\/api.w.org\/{rel}","templated":true}]}}